{"id":7494,"date":"2020-01-09T16:51:56","date_gmt":"2020-01-09T15:51:56","guid":{"rendered":"https:\/\/niroflex.de\/impressum-2\/"},"modified":"2025-04-29T14:52:05","modified_gmt":"2025-04-29T12:52:05","slug":"impressum-2","status":"publish","type":"page","link":"https:\/\/niroflex.de\/pl\/impressum-2\/","title":{"rendered":"Nadruk"},"content":{"rendered":"<div class=\"wpb-content-wrapper\">[vc_row thb_full_width=&#8221;true&#8221; parallax=&#8221;content-moving&#8221; thb_divider_position=&#8221;bottom&#8221; css=&#8221;.vc_custom_1556805173564{background-color: #000000 !important;background-position: center;background-repeat: no-repeat;background-size:contain !important;}&#8221;][vc_column][vc_empty_space height=&#8221;110px&#8221;][\/vc_column][\/vc_row][vc_row thb_divider_position=&#8221;bottom&#8221;][vc_column][vc_empty_space height=&#8221;80px&#8221;][vc_column_text css=&#8221;&#8221;]\n<div id=\"outerwrapper\">\n<div class=\"wrapper\">\n<div id=\"imainup\">\n<div class=\"row\">\n<h1 style=\"font-size: 2em;\">Nadruk<\/h1>\n<div class=\"span3_2\">\n<p>Friedrich M\u00fcnch GmbH + Co KG<br \/>\nIn den Wald\u00e4ckern 10<br \/>\nD-75417 M\u00fchlacker \/ Germany<br \/>\nPhone: +49 7041 9544-0<br \/>\nFax: +49 7041 9544-55<\/p>\n<p>Friedrich M\u00fcnch GmbH + Co KG jest sp\u00f3\u0142k\u0105 komandytow\u0105 z siedzib\u0105 w M\u00fchlacker, Mannheim Local Court HRA 510 163<\/p>\n<p>Osobi\u015bcie odpowiedzialnym wsp\u00f3lnikiem jest M\u00fcnch Verwaltungs-GmbH z siedzib\u0105 w M\u00fchlacker, Mannheim Local Court HRB 510 391 i Pan Thomas Zaphiris-M\u00fcnch<\/p>\n<p>Numer identyfikacji podatkowej sprzeda\u017cy to: DE144528292<\/p>\n<p>Dyrektor zarz\u0105dzaj\u0105cy: J\u00f6rg Sch\u00fcle<\/p>\n<p><strong>Strona internetowa<\/strong><br \/>\nKoncepcja, projekt i realizacja<br \/>\nADDICTED CREATIVE SERVICES GmbH<br \/>\nProgramowanie stron internetowych<br \/>\nMilena Paralis | freelance web developer.<\/p>\n<p><strong>Informacja o ochronie danych<\/strong><br \/>\nTa strona internetowa korzysta z Google Analytics, us\u0142ugi analizy internetowej Google Inc. (\u201eGoogle\u201d) Google Analytics wykorzystuje tak zwane \u201epliki cookie\u201d, pliki tekstowe, kt\u00f3re s\u0105 przechowywane na komputerze u\u017cytkownika i kt\u00f3re umo\u017cliwiaj\u0105 analiz\u0119 korzystania z witryny przez u\u017cytkownika.<\/p>\n<p>Informacje generowane przez pliki cookie na temat korzystania z witryny przez u\u017cytkownika (w tym adres IP) b\u0119d\u0105 przekazywane i przechowywane przez Google na serwerach w Stanach Zjednoczonych. Google b\u0119dzie wykorzystywa\u0107 te informacje w celu analizy korzystania z witryny przez u\u017cytkownika, tworzenia raport\u00f3w dotycz\u0105cych ruchu na stronach dla operator\u00f3w witryn oraz \u015bwiadczenia innych us\u0142ug zwi\u0105zanych z ruchem na witrynach internetowych i korzystaniem z Internetu. Google mo\u017ce r\u00f3wnie\u017c przekazywa\u0107 te informacje stronom trzecim, je\u015bli jest to wymagane przez prawo lub je\u015bli takie strony trzecie przetwarzaj\u0105 informacje w imieniu Google. Google nie b\u0119dzie \u0142\u0105czy\u0107 adresu IP u\u017cytkownika z \u017cadnymi innymi danymi.<\/p>\n<p>U\u017cytkownik mo\u017ce odm\u00f3wi\u0107 korzystania z plik\u00f3w cookie, wybieraj\u0105c odpowiednie ustawienia w przegl\u0105darce, jednak nale\u017cy pami\u0119ta\u0107, \u017ce w takim przypadku korzystanie z pe\u0142nej funkcjonalno\u015bci tej witryny mo\u017ce nie by\u0107 mo\u017cliwe.<\/p>\n<p>Korzystaj\u0105c z tej strony internetowej, u\u017cytkownik wyra\u017ca zgod\u0119 na przetwarzanie jego danych przez Google w spos\u00f3b i w celach okre\u015blonych powy\u017cej.<\/p>\n<p><strong>Wy\u0142\u0105czenie odpowiedzialno\u015bci<\/strong><br \/>\n<strong>1. Tre\u015b\u0107 oferty online<\/strong><br \/>\nFriedrich M\u00fcnch GmbH + Co KG nie ponosi odpowiedzialno\u015bci za aktualno\u015b\u0107, poprawno\u015b\u0107, kompletno\u015b\u0107 lub jako\u015b\u0107 udost\u0119pnianych informacji.<\/p>\n<p>Roszczenia z tytu\u0142u odpowiedzialno\u015bci wobec autora dotycz\u0105ce szk\u00f3d materialnych lub niematerialnych spowodowanych wykorzystaniem lub niewykorzystaniem dostarczonych informacji lub wykorzystaniem nieprawid\u0142owych lub niekompletnych informacji s\u0105 zasadniczo wykluczone, chyba \u017ce istniej\u0105 dowody umy\u015blnego dzia\u0142ania lub ra\u017c\u0105cego niedbalstwa ze strony autora. Wszystkie oferty mog\u0105 ulec zmianie i nie s\u0105 wi\u0105\u017c\u0105ce.<\/p>\n<p>Autor wyra\u017anie zastrzega sobie prawo do zmiany, uzupe\u0142nienia lub usuni\u0119cia cz\u0119\u015bci stron lub ca\u0142ej oferty bez uprzedniego powiadomienia lub do zaprzestania publikacji tymczasowo lub na sta\u0142e.<\/p>\n<p><strong>2. odsy\u0142acze i linki<\/strong><br \/>\nW przypadku bezpo\u015brednich lub po\u015brednich odsy\u0142aczy do zewn\u0119trznych stron internetowych (\u201elinki\u201d), kt\u00f3re znajduj\u0105 si\u0119 poza obszarem odpowiedzialno\u015bci autora, obowi\u0105zek odpowiedzialno\u015bci wchodzi w \u017cycie tylko wtedy, gdy autor jest \u015bwiadomy tre\u015bci i by\u0142oby technicznie mo\u017cliwe i uzasadnione, aby uniemo\u017cliwi\u0107 korzystanie z nich w przypadku nielegalnych tre\u015bci.<\/p>\n<p>Autor niniejszym wyra\u017anie o\u015bwiadcza, \u017ce w momencie tworzenia link\u00f3w na stronach, do kt\u00f3rych prowadz\u0105 linki, nie by\u0142y widoczne \u017cadne nielegalne tre\u015bci. Autor nie ma \u017cadnego wp\u0142ywu na aktualny i przysz\u0142y wygl\u0105d, tre\u015b\u0107 lub autorstwo stron, do kt\u00f3rych prowadz\u0105 linki. W zwi\u0105zku z tym autor wyra\u017anie dystansuje si\u0119 od wszelkich tre\u015bci wszystkich powi\u0105zanych stron, kt\u00f3re zosta\u0142y zmienione po utworzeniu linku. O\u015bwiadczenie to dotyczy wszystkich link\u00f3w i odno\u015bnik\u00f3w umieszczonych na w\u0142asnej stronie internetowej autora, a tak\u017ce wpis\u00f3w os\u00f3b trzecich w ksi\u0119gach go\u015bci, forach dyskusyjnych i listach mailingowych utworzonych przez autora.<\/p>\n<p>Odpowiedzialno\u015b\u0107 za nielegalne, b\u0142\u0119dne lub niekompletne tre\u015bci, a w szczeg\u00f3lno\u015bci za szkody wynikaj\u0105ce z wykorzystania lub niewykorzystania takich informacji, spoczywa wy\u0142\u0105cznie na dostawcy strony, do kt\u00f3rej nast\u0119puje odniesienie, a nie na osobie, kt\u00f3ra jedynie odsy\u0142a do danej publikacji za po\u015brednictwem link\u00f3w.<\/p>\n<p><strong>3. ochrona danych<\/strong><br \/>\nJe\u015bli istnieje mo\u017cliwo\u015b\u0107 wprowadzenia danych osobowych lub biznesowych (adresy e-mail, nazwiska, adresy), wprowadzenie tych danych odbywa si\u0119 dobrowolnie.<\/p>\n<p>Korzystanie i op\u0142acanie wszystkich oferowanych us\u0142ug jest &#8211; o ile jest to technicznie mo\u017cliwe i uzasadnione &#8211; dozwolone r\u00f3wnie\u017c bez podawania takich danych lub poprzez podanie danych zanonimizowanych lub pseudonimu.<\/p>\n<p><strong>4. wa\u017cno\u015b\u0107 prawna niniejszego wy\u0142\u0105czenia odpowiedzialno\u015bci<\/strong><br \/>\nNiniejsze wy\u0142\u0105czenie odpowiedzialno\u015bci nale\u017cy traktowa\u0107 jako cz\u0119\u015b\u0107 publikacji internetowej, z kt\u00f3rej u\u017cytkownik zosta\u0142 przekierowany. Je\u015bli sekcje lub poszczeg\u00f3lne warunki niniejszego o\u015bwiadczenia nie s\u0105 zgodne z prawem lub prawid\u0142owe, fakt ten nie ma wp\u0142ywu na tre\u015b\u0107 lub wa\u017cno\u015b\u0107 pozosta\u0142ych cz\u0119\u015bci.<\/p>\n<\/div>\n<\/div>\n<\/div>\n<\/div>\n<\/div>\n[\/vc_column_text][\/vc_column][\/vc_row]\n<\/div>","protected":false},"excerpt":{"rendered":"<p>[vc_row thb_full_width=&#8221;true&#8221; parallax=&#8221;content-moving&#8221; thb_divider_position=&#8221;bottom&#8221; css=&#8221;.vc_custom_1556805173564{background-color: #000000 !important;background-position: center;background-repeat: no-repeat;background-size:contain !important;}&#8221;][vc_column][vc_empty_space height=&#8221;110px&#8221;][\/vc_column][\/vc_row][vc_row thb_divider_position=&#8221;bottom&#8221;][vc_column][vc_empty_space height=&#8221;80px&#8221;][vc_column_text css=&#8221;&#8221;] Nadruk Friedrich M\u00fcnch GmbH + Co KG In den Wald\u00e4ckern 10 D-75417 M\u00fchlacker \/ Germany Phone: +49 7041 9544-0 Fax: +49 7041 9544-55 Friedrich M\u00fcnch GmbH + Co KG jest sp\u00f3\u0142k\u0105 komandytow\u0105 z siedzib\u0105 w M\u00fchlacker, Mannheim Local Court HRA 510&hellip;<\/p>\n","protected":false},"author":1,"featured_media":0,"parent":0,"menu_order":0,"comment_status":"closed","ping_status":"closed","template":"","meta":{"footnotes":""},"class_list":["post-7494","page","type-page","status-publish","hentry"],"yoast_head":"<!-- This site is optimized with the Yoast SEO Premium plugin v27.3 (Yoast SEO v27.3) - https:\/\/yoast.com\/product\/yoast-seo-premium-wordpress\/ -->\n<title>Nadruk | Niroflex, Friedrich M\u00fcnch GmbH<\/title>\n<meta name=\"description\" content=\"Nadruk : Niroflex | Schnittschutzhandschuhe &amp; Kettenhandschuh Niroflex, Friedrich M\u00fcnch GmbH\" \/>\n<meta name=\"robots\" content=\"index, follow, max-snippet:-1, max-image-preview:large, max-video-preview:-1\" \/>\n<link rel=\"canonical\" href=\"https:\/\/niroflex.de\/pl\/impressum-2\/\" \/>\n<meta property=\"og:locale\" content=\"pl_PL\" \/>\n<meta property=\"og:type\" content=\"article\" \/>\n<meta property=\"og:title\" content=\"Nadruk\" \/>\n<meta property=\"og:description\" content=\"Nadruk Friedrich M\u00fcnch GmbH + Co KG In den Wald\u00e4ckern 10 D-75417 M\u00fchlacker \/ Germany Phone: +49 7041 9544-0 Fax: +49 7041 9544-55 Friedrich M\u00fcnch GmbH +\" \/>\n<meta property=\"og:url\" content=\"https:\/\/niroflex.de\/pl\/impressum-2\/\" \/>\n<meta property=\"og:site_name\" content=\"Niroflex | Schnittschutzhandschuhe &amp; Kettenhandschuh\" \/>\n<meta property=\"article:publisher\" content=\"https:\/\/www.facebook.com\/people\/Friedrich-Mnch-GmbH-Co-KG\/100054195774984\/\" \/>\n<meta property=\"article:modified_time\" content=\"2025-04-29T12:52:05+00:00\" \/>\n<meta property=\"og:image\" content=\"https:\/\/niroflex.de\/wp-content\/uploads\/2019\/03\/Niroflex_Logo_2@.png\" \/>\n\t<meta property=\"og:image:width\" content=\"480\" \/>\n\t<meta property=\"og:image:height\" content=\"169\" \/>\n\t<meta property=\"og:image:type\" content=\"image\/png\" \/>\n<script type=\"application\/ld+json\" class=\"yoast-schema-graph\">{\"@context\":\"https:\\\/\\\/schema.org\",\"@graph\":[{\"@type\":\"WebPage\",\"@id\":\"https:\\\/\\\/niroflex.de\\\/pl\\\/impressum-2\\\/\",\"url\":\"https:\\\/\\\/niroflex.de\\\/pl\\\/impressum-2\\\/\",\"name\":\"Nadruk | Niroflex, Friedrich M\u00fcnch GmbH\",\"isPartOf\":{\"@id\":\"https:\\\/\\\/niroflex.de\\\/pl\\\/#website\"},\"datePublished\":\"2020-01-09T15:51:56+00:00\",\"dateModified\":\"2025-04-29T12:52:05+00:00\",\"description\":\"Nadruk : Niroflex | Schnittschutzhandschuhe &amp; Kettenhandschuh Niroflex, Friedrich M\u00fcnch GmbH\",\"breadcrumb\":{\"@id\":\"https:\\\/\\\/niroflex.de\\\/pl\\\/impressum-2\\\/#breadcrumb\"},\"inLanguage\":\"pl-PL\",\"potentialAction\":[{\"@type\":\"ReadAction\",\"target\":[\"https:\\\/\\\/niroflex.de\\\/pl\\\/impressum-2\\\/\"]}]},{\"@type\":\"BreadcrumbList\",\"@id\":\"https:\\\/\\\/niroflex.de\\\/pl\\\/impressum-2\\\/#breadcrumb\",\"itemListElement\":[{\"@type\":\"ListItem\",\"position\":1,\"name\":\"Startseite\",\"item\":\"https:\\\/\\\/niroflex.de\\\/pl\\\/\"},{\"@type\":\"ListItem\",\"position\":2,\"name\":\"Nadruk\"}]},{\"@type\":\"WebSite\",\"@id\":\"https:\\\/\\\/niroflex.de\\\/pl\\\/#website\",\"url\":\"https:\\\/\\\/niroflex.de\\\/pl\\\/\",\"name\":\"Niroflex | Schnittschutzhandschuhe & Kettenhandschuh\",\"description\":\"\",\"publisher\":{\"@id\":\"https:\\\/\\\/niroflex.de\\\/pl\\\/#organization\"},\"potentialAction\":[{\"@type\":\"SearchAction\",\"target\":{\"@type\":\"EntryPoint\",\"urlTemplate\":\"https:\\\/\\\/niroflex.de\\\/pl\\\/?s={search_term_string}\"},\"query-input\":{\"@type\":\"PropertyValueSpecification\",\"valueRequired\":true,\"valueName\":\"search_term_string\"}}],\"inLanguage\":\"pl-PL\"},{\"@type\":\"Organization\",\"@id\":\"https:\\\/\\\/niroflex.de\\\/pl\\\/#organization\",\"name\":\"Friedrich M\u00fcnch GmbH + Co KG\",\"url\":\"https:\\\/\\\/niroflex.de\\\/pl\\\/\",\"logo\":{\"@type\":\"ImageObject\",\"inLanguage\":\"pl-PL\",\"@id\":\"https:\\\/\\\/niroflex.de\\\/pl\\\/#\\\/schema\\\/logo\\\/image\\\/\",\"url\":\"https:\\\/\\\/niroflex.de\\\/wp-content\\\/uploads\\\/2019\\\/03\\\/Niroflex_Logo_2@.png\",\"contentUrl\":\"https:\\\/\\\/niroflex.de\\\/wp-content\\\/uploads\\\/2019\\\/03\\\/Niroflex_Logo_2@.png\",\"width\":480,\"height\":169,\"caption\":\"Friedrich M\u00fcnch GmbH + Co KG\"},\"image\":{\"@id\":\"https:\\\/\\\/niroflex.de\\\/pl\\\/#\\\/schema\\\/logo\\\/image\\\/\"},\"sameAs\":[\"https:\\\/\\\/www.facebook.com\\\/people\\\/Friedrich-Mnch-GmbH-Co-KG\\\/100054195774984\\\/\"],\"email\":\"info@niroflex.de\",\"telephone\":\"+49 7041 9544-0\",\"legalName\":\"Friedrich M\u00fcnch GmbH + Co KG\"}]}<\/script>\n<!-- \/ Yoast SEO Premium plugin. -->","yoast_head_json":{"title":"Nadruk | Niroflex, Friedrich M\u00fcnch GmbH","description":"Nadruk : Niroflex | Schnittschutzhandschuhe &amp; Kettenhandschuh Niroflex, Friedrich M\u00fcnch GmbH","robots":{"index":"index","follow":"follow","max-snippet":"max-snippet:-1","max-image-preview":"max-image-preview:large","max-video-preview":"max-video-preview:-1"},"canonical":"https:\/\/niroflex.de\/pl\/impressum-2\/","og_locale":"pl_PL","og_type":"article","og_title":"Nadruk","og_description":"Nadruk Friedrich M\u00fcnch GmbH + Co KG In den Wald\u00e4ckern 10 D-75417 M\u00fchlacker \/ Germany Phone: +49 7041 9544-0 Fax: +49 7041 9544-55 Friedrich M\u00fcnch GmbH +","og_url":"https:\/\/niroflex.de\/pl\/impressum-2\/","og_site_name":"Niroflex | Schnittschutzhandschuhe &amp; Kettenhandschuh","article_publisher":"https:\/\/www.facebook.com\/people\/Friedrich-Mnch-GmbH-Co-KG\/100054195774984\/","article_modified_time":"2025-04-29T12:52:05+00:00","og_image":[{"width":480,"height":169,"url":"https:\/\/niroflex.de\/wp-content\/uploads\/2019\/03\/Niroflex_Logo_2@.png","type":"image\/png"}],"schema":{"@context":"https:\/\/schema.org","@graph":[{"@type":"WebPage","@id":"https:\/\/niroflex.de\/pl\/impressum-2\/","url":"https:\/\/niroflex.de\/pl\/impressum-2\/","name":"Nadruk | Niroflex, Friedrich M\u00fcnch GmbH","isPartOf":{"@id":"https:\/\/niroflex.de\/pl\/#website"},"datePublished":"2020-01-09T15:51:56+00:00","dateModified":"2025-04-29T12:52:05+00:00","description":"Nadruk : Niroflex | Schnittschutzhandschuhe &amp; Kettenhandschuh Niroflex, Friedrich M\u00fcnch GmbH","breadcrumb":{"@id":"https:\/\/niroflex.de\/pl\/impressum-2\/#breadcrumb"},"inLanguage":"pl-PL","potentialAction":[{"@type":"ReadAction","target":["https:\/\/niroflex.de\/pl\/impressum-2\/"]}]},{"@type":"BreadcrumbList","@id":"https:\/\/niroflex.de\/pl\/impressum-2\/#breadcrumb","itemListElement":[{"@type":"ListItem","position":1,"name":"Startseite","item":"https:\/\/niroflex.de\/pl\/"},{"@type":"ListItem","position":2,"name":"Nadruk"}]},{"@type":"WebSite","@id":"https:\/\/niroflex.de\/pl\/#website","url":"https:\/\/niroflex.de\/pl\/","name":"Niroflex | Schnittschutzhandschuhe & Kettenhandschuh","description":"","publisher":{"@id":"https:\/\/niroflex.de\/pl\/#organization"},"potentialAction":[{"@type":"SearchAction","target":{"@type":"EntryPoint","urlTemplate":"https:\/\/niroflex.de\/pl\/?s={search_term_string}"},"query-input":{"@type":"PropertyValueSpecification","valueRequired":true,"valueName":"search_term_string"}}],"inLanguage":"pl-PL"},{"@type":"Organization","@id":"https:\/\/niroflex.de\/pl\/#organization","name":"Friedrich M\u00fcnch GmbH + Co KG","url":"https:\/\/niroflex.de\/pl\/","logo":{"@type":"ImageObject","inLanguage":"pl-PL","@id":"https:\/\/niroflex.de\/pl\/#\/schema\/logo\/image\/","url":"https:\/\/niroflex.de\/wp-content\/uploads\/2019\/03\/Niroflex_Logo_2@.png","contentUrl":"https:\/\/niroflex.de\/wp-content\/uploads\/2019\/03\/Niroflex_Logo_2@.png","width":480,"height":169,"caption":"Friedrich M\u00fcnch GmbH + Co KG"},"image":{"@id":"https:\/\/niroflex.de\/pl\/#\/schema\/logo\/image\/"},"sameAs":["https:\/\/www.facebook.com\/people\/Friedrich-Mnch-GmbH-Co-KG\/100054195774984\/"],"email":"info@niroflex.de","telephone":"+49 7041 9544-0","legalName":"Friedrich M\u00fcnch GmbH + Co KG"}]}},"_links":{"self":[{"href":"https:\/\/niroflex.de\/pl\/wp-json\/wp\/v2\/pages\/7494","targetHints":{"allow":["GET"]}}],"collection":[{"href":"https:\/\/niroflex.de\/pl\/wp-json\/wp\/v2\/pages"}],"about":[{"href":"https:\/\/niroflex.de\/pl\/wp-json\/wp\/v2\/types\/page"}],"author":[{"embeddable":true,"href":"https:\/\/niroflex.de\/pl\/wp-json\/wp\/v2\/users\/1"}],"replies":[{"embeddable":true,"href":"https:\/\/niroflex.de\/pl\/wp-json\/wp\/v2\/comments?post=7494"}],"version-history":[{"count":10,"href":"https:\/\/niroflex.de\/pl\/wp-json\/wp\/v2\/pages\/7494\/revisions"}],"predecessor-version":[{"id":17989,"href":"https:\/\/niroflex.de\/pl\/wp-json\/wp\/v2\/pages\/7494\/revisions\/17989"}],"wp:attachment":[{"href":"https:\/\/niroflex.de\/pl\/wp-json\/wp\/v2\/media?parent=7494"}],"curies":[{"name":"wp","href":"https:\/\/api.w.org\/{rel}","templated":true}]}}