{"id":7492,"date":"2020-01-09T16:40:51","date_gmt":"2020-01-09T15:40:51","guid":{"rendered":"https:\/\/niroflex.de\/owh\/"},"modified":"2023-02-09T10:21:04","modified_gmt":"2023-02-09T09:21:04","slug":"owh","status":"publish","type":"page","link":"https:\/\/niroflex.de\/pl\/owh\/","title":{"rendered":"OWH"},"content":{"rendered":"<div class=\"wpb-content-wrapper\">[vc_row thb_full_width=&#8221;true&#8221; parallax=&#8221;content-moving&#8221; thb_divider_position=&#8221;bottom&#8221; css=&#8221;.vc_custom_1556805173564{background-color: #000000 !important;background-position: center;background-repeat: no-repeat;background-size: contain !important;}&#8221;][vc_column][vc_empty_space height=&#8221;110px&#8221;][\/vc_column][\/vc_row][vc_row thb_full_width=&#8221;true&#8221; thb_divider_position=&#8221;bottom&#8221;][vc_column][vc_empty_space height=&#8221;80px&#8221;][vc_custom_heading text=&#8221;Og\u00f3lne warunki handlowe i informacje prawne&#8221; font_container=&#8221;tag:h1|font_size:2em|text_align:left&#8221; google_fonts=&#8221;font_family:Noto%20Sans%3Aregular%2Citalic%2C700%2C700italic|font_style:700%20bold%20regular%3A700%3Anormal&#8221;][vc_column_text]\n<h2>Warunki sprzeda\u017cy i dostawy (OWH)<\/h2>\n<p>Nasze warunki sprzeda\u017cy i dostawy mog\u0105 Pa\u0144stwo tutaj <a href=\"https:\/\/niroflex.de\/wp-content\/uploads\/2021\/08\/au17-0298-muench-agb-english.pdf\" target=\"_blank\" rel=\"noopener\">pobra\u0107 w formacie PDF.<br \/>\n<\/a>[\/vc_column_text][\/vc_column][\/vc_row]\n<\/div>","protected":false},"excerpt":{"rendered":"<p>[vc_row thb_full_width=&#8221;true&#8221; parallax=&#8221;content-moving&#8221; thb_divider_position=&#8221;bottom&#8221; css=&#8221;.vc_custom_1556805173564{background-color: #000000 !important;background-position: center;background-repeat: no-repeat;background-size: contain !important;}&#8221;][vc_column][vc_empty_space height=&#8221;110px&#8221;][\/vc_column][\/vc_row][vc_row thb_full_width=&#8221;true&#8221; thb_divider_position=&#8221;bottom&#8221;][vc_column][vc_empty_space height=&#8221;80px&#8221;][vc_custom_heading text=&#8221;Og\u00f3lne warunki handlowe i informacje prawne&#8221; font_container=&#8221;tag:h1|font_size:2em|text_align:left&#8221; google_fonts=&#8221;font_family:Noto%20Sans%3Aregular%2Citalic%2C700%2C700italic|font_style:700%20bold%20regular%3A700%3Anormal&#8221;][vc_column_text] Warunki sprzeda\u017cy i dostawy (OWH) Nasze warunki sprzeda\u017cy i dostawy mog\u0105 Pa\u0144stwo tutaj pobra\u0107 w formacie PDF. [\/vc_column_text][\/vc_column][\/vc_row]<\/p>\n","protected":false},"author":1,"featured_media":0,"parent":0,"menu_order":0,"comment_status":"closed","ping_status":"closed","template":"","meta":{"footnotes":""},"class_list":["post-7492","page","type-page","status-publish","hentry"],"yoast_head":"<!-- This site is optimized with the Yoast SEO Premium plugin v27.3 (Yoast SEO v27.3) - https:\/\/yoast.com\/product\/yoast-seo-premium-wordpress\/ -->\n<title>OWH | Niroflex, Friedrich M\u00fcnch GmbH<\/title>\n<meta name=\"description\" content=\"Og\u00f3lne warunki handlowe i informacje prawneWarunki sprzeda\u017cy i dostawy (OWH), Niroflex, Friedrich M\u00fcnch GmbH\" \/>\n<meta name=\"robots\" content=\"index, follow, max-snippet:-1, max-image-preview:large, max-video-preview:-1\" \/>\n<link rel=\"canonical\" href=\"https:\/\/niroflex.de\/pl\/owh\/\" \/>\n<meta property=\"og:locale\" content=\"pl_PL\" \/>\n<meta property=\"og:type\" content=\"article\" \/>\n<meta property=\"og:title\" content=\"OWH\" \/>\n<meta property=\"og:description\" content=\"Warunki sprzeda\u017cy i dostawy (OWH) Nasze warunki sprzeda\u017cy i dostawy mog\u0105 Pa\u0144stwo tutaj pobra\u0107 w formacie PDF.\" \/>\n<meta property=\"og:url\" content=\"https:\/\/niroflex.de\/pl\/owh\/\" \/>\n<meta property=\"og:site_name\" content=\"Niroflex | Schnittschutzhandschuhe &amp; Kettenhandschuh\" \/>\n<meta property=\"article:publisher\" content=\"https:\/\/www.facebook.com\/people\/Friedrich-Mnch-GmbH-Co-KG\/100054195774984\/\" \/>\n<meta property=\"article:modified_time\" content=\"2023-02-09T09:21:04+00:00\" \/>\n<meta property=\"og:image\" content=\"https:\/\/niroflex.de\/wp-content\/uploads\/2019\/03\/Niroflex_Logo_2@.png\" \/>\n\t<meta property=\"og:image:width\" content=\"480\" \/>\n\t<meta property=\"og:image:height\" content=\"169\" \/>\n\t<meta property=\"og:image:type\" content=\"image\/png\" \/>\n<script type=\"application\/ld+json\" class=\"yoast-schema-graph\">{\"@context\":\"https:\\\/\\\/schema.org\",\"@graph\":[{\"@type\":\"WebPage\",\"@id\":\"https:\\\/\\\/niroflex.de\\\/pl\\\/owh\\\/\",\"url\":\"https:\\\/\\\/niroflex.de\\\/pl\\\/owh\\\/\",\"name\":\"OWH | Niroflex, Friedrich M\u00fcnch GmbH\",\"isPartOf\":{\"@id\":\"https:\\\/\\\/niroflex.de\\\/pl\\\/#website\"},\"datePublished\":\"2020-01-09T15:40:51+00:00\",\"dateModified\":\"2023-02-09T09:21:04+00:00\",\"description\":\"Og\u00f3lne warunki handlowe i informacje prawneWarunki sprzeda\u017cy i dostawy (OWH), Niroflex, Friedrich M\u00fcnch GmbH\",\"breadcrumb\":{\"@id\":\"https:\\\/\\\/niroflex.de\\\/pl\\\/owh\\\/#breadcrumb\"},\"inLanguage\":\"pl-PL\",\"potentialAction\":[{\"@type\":\"ReadAction\",\"target\":[\"https:\\\/\\\/niroflex.de\\\/pl\\\/owh\\\/\"]}]},{\"@type\":\"BreadcrumbList\",\"@id\":\"https:\\\/\\\/niroflex.de\\\/pl\\\/owh\\\/#breadcrumb\",\"itemListElement\":[{\"@type\":\"ListItem\",\"position\":1,\"name\":\"Startseite\",\"item\":\"https:\\\/\\\/niroflex.de\\\/pl\\\/\"},{\"@type\":\"ListItem\",\"position\":2,\"name\":\"OWH\"}]},{\"@type\":\"WebSite\",\"@id\":\"https:\\\/\\\/niroflex.de\\\/pl\\\/#website\",\"url\":\"https:\\\/\\\/niroflex.de\\\/pl\\\/\",\"name\":\"Niroflex | Schnittschutzhandschuhe & Kettenhandschuh\",\"description\":\"\",\"publisher\":{\"@id\":\"https:\\\/\\\/niroflex.de\\\/pl\\\/#organization\"},\"potentialAction\":[{\"@type\":\"SearchAction\",\"target\":{\"@type\":\"EntryPoint\",\"urlTemplate\":\"https:\\\/\\\/niroflex.de\\\/pl\\\/?s={search_term_string}\"},\"query-input\":{\"@type\":\"PropertyValueSpecification\",\"valueRequired\":true,\"valueName\":\"search_term_string\"}}],\"inLanguage\":\"pl-PL\"},{\"@type\":\"Organization\",\"@id\":\"https:\\\/\\\/niroflex.de\\\/pl\\\/#organization\",\"name\":\"Friedrich M\u00fcnch GmbH + Co KG\",\"url\":\"https:\\\/\\\/niroflex.de\\\/pl\\\/\",\"logo\":{\"@type\":\"ImageObject\",\"inLanguage\":\"pl-PL\",\"@id\":\"https:\\\/\\\/niroflex.de\\\/pl\\\/#\\\/schema\\\/logo\\\/image\\\/\",\"url\":\"https:\\\/\\\/niroflex.de\\\/wp-content\\\/uploads\\\/2019\\\/03\\\/Niroflex_Logo_2@.png\",\"contentUrl\":\"https:\\\/\\\/niroflex.de\\\/wp-content\\\/uploads\\\/2019\\\/03\\\/Niroflex_Logo_2@.png\",\"width\":480,\"height\":169,\"caption\":\"Friedrich M\u00fcnch GmbH + Co KG\"},\"image\":{\"@id\":\"https:\\\/\\\/niroflex.de\\\/pl\\\/#\\\/schema\\\/logo\\\/image\\\/\"},\"sameAs\":[\"https:\\\/\\\/www.facebook.com\\\/people\\\/Friedrich-Mnch-GmbH-Co-KG\\\/100054195774984\\\/\"],\"email\":\"info@niroflex.de\",\"telephone\":\"+49 7041 9544-0\",\"legalName\":\"Friedrich M\u00fcnch GmbH + Co KG\"}]}<\/script>\n<!-- \/ Yoast SEO Premium plugin. -->","yoast_head_json":{"title":"OWH | Niroflex, Friedrich M\u00fcnch GmbH","description":"Og\u00f3lne warunki handlowe i informacje prawneWarunki sprzeda\u017cy i dostawy (OWH), Niroflex, Friedrich M\u00fcnch GmbH","robots":{"index":"index","follow":"follow","max-snippet":"max-snippet:-1","max-image-preview":"max-image-preview:large","max-video-preview":"max-video-preview:-1"},"canonical":"https:\/\/niroflex.de\/pl\/owh\/","og_locale":"pl_PL","og_type":"article","og_title":"OWH","og_description":"Warunki sprzeda\u017cy i dostawy (OWH) Nasze warunki sprzeda\u017cy i dostawy mog\u0105 Pa\u0144stwo tutaj pobra\u0107 w formacie PDF.","og_url":"https:\/\/niroflex.de\/pl\/owh\/","og_site_name":"Niroflex | Schnittschutzhandschuhe &amp; Kettenhandschuh","article_publisher":"https:\/\/www.facebook.com\/people\/Friedrich-Mnch-GmbH-Co-KG\/100054195774984\/","article_modified_time":"2023-02-09T09:21:04+00:00","og_image":[{"width":480,"height":169,"url":"https:\/\/niroflex.de\/wp-content\/uploads\/2019\/03\/Niroflex_Logo_2@.png","type":"image\/png"}],"schema":{"@context":"https:\/\/schema.org","@graph":[{"@type":"WebPage","@id":"https:\/\/niroflex.de\/pl\/owh\/","url":"https:\/\/niroflex.de\/pl\/owh\/","name":"OWH | Niroflex, Friedrich M\u00fcnch GmbH","isPartOf":{"@id":"https:\/\/niroflex.de\/pl\/#website"},"datePublished":"2020-01-09T15:40:51+00:00","dateModified":"2023-02-09T09:21:04+00:00","description":"Og\u00f3lne warunki handlowe i informacje prawneWarunki sprzeda\u017cy i dostawy (OWH), Niroflex, Friedrich M\u00fcnch GmbH","breadcrumb":{"@id":"https:\/\/niroflex.de\/pl\/owh\/#breadcrumb"},"inLanguage":"pl-PL","potentialAction":[{"@type":"ReadAction","target":["https:\/\/niroflex.de\/pl\/owh\/"]}]},{"@type":"BreadcrumbList","@id":"https:\/\/niroflex.de\/pl\/owh\/#breadcrumb","itemListElement":[{"@type":"ListItem","position":1,"name":"Startseite","item":"https:\/\/niroflex.de\/pl\/"},{"@type":"ListItem","position":2,"name":"OWH"}]},{"@type":"WebSite","@id":"https:\/\/niroflex.de\/pl\/#website","url":"https:\/\/niroflex.de\/pl\/","name":"Niroflex | Schnittschutzhandschuhe & Kettenhandschuh","description":"","publisher":{"@id":"https:\/\/niroflex.de\/pl\/#organization"},"potentialAction":[{"@type":"SearchAction","target":{"@type":"EntryPoint","urlTemplate":"https:\/\/niroflex.de\/pl\/?s={search_term_string}"},"query-input":{"@type":"PropertyValueSpecification","valueRequired":true,"valueName":"search_term_string"}}],"inLanguage":"pl-PL"},{"@type":"Organization","@id":"https:\/\/niroflex.de\/pl\/#organization","name":"Friedrich M\u00fcnch GmbH + Co KG","url":"https:\/\/niroflex.de\/pl\/","logo":{"@type":"ImageObject","inLanguage":"pl-PL","@id":"https:\/\/niroflex.de\/pl\/#\/schema\/logo\/image\/","url":"https:\/\/niroflex.de\/wp-content\/uploads\/2019\/03\/Niroflex_Logo_2@.png","contentUrl":"https:\/\/niroflex.de\/wp-content\/uploads\/2019\/03\/Niroflex_Logo_2@.png","width":480,"height":169,"caption":"Friedrich M\u00fcnch GmbH + Co KG"},"image":{"@id":"https:\/\/niroflex.de\/pl\/#\/schema\/logo\/image\/"},"sameAs":["https:\/\/www.facebook.com\/people\/Friedrich-Mnch-GmbH-Co-KG\/100054195774984\/"],"email":"info@niroflex.de","telephone":"+49 7041 9544-0","legalName":"Friedrich M\u00fcnch GmbH + Co KG"}]}},"_links":{"self":[{"href":"https:\/\/niroflex.de\/pl\/wp-json\/wp\/v2\/pages\/7492","targetHints":{"allow":["GET"]}}],"collection":[{"href":"https:\/\/niroflex.de\/pl\/wp-json\/wp\/v2\/pages"}],"about":[{"href":"https:\/\/niroflex.de\/pl\/wp-json\/wp\/v2\/types\/page"}],"author":[{"embeddable":true,"href":"https:\/\/niroflex.de\/pl\/wp-json\/wp\/v2\/users\/1"}],"replies":[{"embeddable":true,"href":"https:\/\/niroflex.de\/pl\/wp-json\/wp\/v2\/comments?post=7492"}],"version-history":[{"count":5,"href":"https:\/\/niroflex.de\/pl\/wp-json\/wp\/v2\/pages\/7492\/revisions"}],"predecessor-version":[{"id":13722,"href":"https:\/\/niroflex.de\/pl\/wp-json\/wp\/v2\/pages\/7492\/revisions\/13722"}],"wp:attachment":[{"href":"https:\/\/niroflex.de\/pl\/wp-json\/wp\/v2\/media?parent=7492"}],"curies":[{"name":"wp","href":"https:\/\/api.w.org\/{rel}","templated":true}]}}