{"id":7487,"date":"2020-01-09T16:26:43","date_gmt":"2020-01-09T15:26:43","guid":{"rendered":"https:\/\/niroflex.de\/kontakt-2\/"},"modified":"2025-11-13T20:01:05","modified_gmt":"2025-11-13T19:01:05","slug":"kontakt-niroflex-pl","status":"publish","type":"page","link":"https:\/\/niroflex.de\/pl\/kontakt-niroflex-pl\/","title":{"rendered":"Formularz kontaktowy Niroflex"},"content":{"rendered":"<div class=\"wpb-content-wrapper\">[vc_row thb_full_width=&#8221;true&#8221; parallax=&#8221;content-moving&#8221; thb_divider_position=&#8221;bottom&#8221; css=&#8221;.vc_custom_1556805173564{background-color: #000000 !important;background-position: center;background-repeat: no-repeat;background-size: contain !important;}&#8221;][vc_column][vc_empty_space height=&#8221;110px&#8221;][\/vc_column][\/vc_row][vc_row thb_full_width=&#8221;true&#8221; thb_row_padding=&#8221;true&#8221; thb_column_padding=&#8221;true&#8221; disable_element=&#8221;yes&#8221; thb_divider_position=&#8221;bottom&#8221; css=&#8221;.vc_custom_1746797928633{margin-top: -35px !important;padding-top: 0px !important;padding-bottom: 0px !important;background-color: #00022b !important;}&#8221;][vc_column thb_color=&#8221;thb-light-column&#8221;][vc_empty_space][vc_empty_space][vc_column_text css=&#8221;&#8221;]<img decoding=\"async\" class=\"wp-image-16290 aligncenter lazyload\" src=\"data:image\/gif;base64,R0lGODlhAQABAAAAACH5BAEKAAEALAAAAAABAAEAAAICTAEAOw==\" data-src=\"https:\/\/niroflex.de\/wp-content\/uploads\/2025\/01\/IFFA_2025.jpg\" alt=\"\" width=\"130\" height=\"132\" data-sizes=\"auto\" data-srcset=\"https:\/\/niroflex.de\/wp-content\/uploads\/2025\/01\/IFFA_2025.jpg 220w, https:\/\/niroflex.de\/wp-content\/uploads\/2025\/01\/IFFA_2025-20x20.jpg 20w\" sizes=\"(max-width: 130px) 100vw, 130px\" \/><\/p>\n<h4 style=\"text-align: center;\">Odwied\u017a nas na targach IFFA we Frankfurcie.<br \/>\n<strong>Od 03 do 08 maja 2025 r., hala 9.0 &#8211; C10<\/strong><\/h4>\n[\/vc_column_text][\/vc_column][\/vc_row][vc_row thb_divider_position=&#8221;bottom&#8221; height=&#8221;80px&#8221;][vc_column][vc_empty_space height=&#8221;80px&#8221;][\/vc_column][\/vc_row][vc_row thb_divider_position=&#8221;bottom&#8221; el_class=&#8221;align-center&#8221; css=&#8221;.vc_custom_1474474645883{padding-top: 10vh !important;padding-bottom: 10vh !important;}&#8221;][vc_column offset=&#8221;vc_col-lg-10 vc_col-md-12&#8243;][vc_column_text css=&#8221;&#8221;]\n<h1 style=\"font-size: 2em;\">Formularz kontaktowy Niroflex<\/h1>\n[\/vc_column_text][vc_row_inner][vc_column_inner width=&#8221;1\/4&#8243;][vc_column_text css=&#8221;.vc_custom_1670763945082{border-bottom-width: 2px !important;padding-bottom: 30px !important;border-bottom-color: #f4f4f4 !important;border-bottom-style: solid !important;}&#8221;]<strong>Friedrich M\u00fcnch<br \/>\nGmbH + Co KG<\/strong><\/p>\n<p style=\"font-size: 14px;\">In den Wald\u00e4ckern 10<br \/>\n75417 M\u00fchlacker<br \/>\nNiemcy<\/p>\n<p>Telefon: +<a href=\"tel:0049704195440\">49 7041 9544-0<\/a><br \/>\nTelefaks: +49 7041 9544-55<\/p>\n<p>E-Mail:<br \/>\n<a href=\"&#x6d;&#x61;&#x69;&#x6c;&#x74;&#x6f;&#x3a;&#x69;&#110;&#102;&#111;&#64;&#102;&#114;&#105;edri&#x63;&#x68;&#x2d;&#x6d;&#x75;&#x65;&#x6e;&#x63;&#x68;&#46;&#100;&#101;\">&#x69;&#x6e;&#102;o&#64;&#x66;&#x72;&#105;&#101;d&#x72;&#x69;&#99;&#104;-&#x6d;&#x75;&#x65;&#110;ch&#x2e;&#x64;&#101;<\/a><br \/>\n<a href=\"ma&#105;&#108;&#x74;&#x6f;&#x3a;&#x69;nf&#111;&#64;&#x6e;&#x69;&#x72;&#x6f;fl&#101;&#120;&#46;&#x64;&#x65;\">&#x69;&#x6e;&#x66;&#x6f;&#64;&#110;&#105;&#114;ofl&#x65;&#x78;&#x2e;&#x64;&#x65;<\/a>[\/vc_column_text][vc_column_text css=&#8221;.vc_custom_1554237310774{border-bottom-width: 2px !important;padding-bottom: 30px !important;border-bottom-color: #f4f4f4 !important;border-bottom-style: solid !important;}&#8221;]\n<p class=\"red_caption\"><strong>Og\u0142oszenie o prac\u0119<\/strong><\/p>\n<p>Prosimy o przes\u0142anie swojej<br \/>\nProsimy o przes\u0142anie swojej<strong><br \/>\n<\/strong><\/p>\n<p><a href=\"&#x6d;&#x61;&#x69;&#108;&#116;o:&#x70;&#x65;&#x72;&#x73;&#111;&#110;al&#x40;&#x66;&#x72;&#105;&#101;&#100;ri&#x63;&#x68;&#x2d;&#109;&#117;en&#x63;&#x68;&#x2e;&#x64;&#101;\">&#112;e&#x72;s&#x6f;n&#x61;l&#x40;&#102;&#x72;&#105;&#x65;&#100;&#x72;&#105;c&#104;-&#x6d;u&#x65;n&#x63;&#104;&#x2e;&#100;&#x65;<\/a><\/p>\n<p>Czekamy na Pa\u0144stwa zainteresowanie![\/vc_column_text][\/vc_column_inner][vc_column_inner width=&#8221;3\/4&#8243; css=&#8221;.vc_custom_1474478996357{padding-left: 5% !important;}&#8221;][vc_column_text]<strong><span class=\"inhaltoben\"><span class=\"inhalt_subhead\">Pa\u0144stwa bezpo\u015brednie po\u0142\u0105czenie z nami.<\/span><\/span><\/strong>[\/vc_column_text]\n<div class=\"wpcf7 no-js\" id=\"wpcf7-f7794-o1\" lang=\"\" dir=\"ltr\" data-wpcf7-id=\"7794\">\n<div class=\"screen-reader-response\"><p role=\"status\" aria-live=\"polite\" aria-atomic=\"true\"><\/p> <ul><\/ul><\/div>\n<form action=\"\/pl\/wp-json\/wp\/v2\/pages\/7487#wpcf7-f7794-o1\" method=\"post\" class=\"wpcf7-form init\" aria-label=\"Formularz kontaktowy\" novalidate=\"novalidate\" data-status=\"init\">\n<fieldset class=\"hidden-fields-container\"><input type=\"hidden\" name=\"_wpcf7\" value=\"7794\" \/><input type=\"hidden\" name=\"_wpcf7_version\" value=\"6.1.4\" \/><input type=\"hidden\" name=\"_wpcf7_locale\" value=\"\" \/><input type=\"hidden\" name=\"_wpcf7_unit_tag\" value=\"wpcf7-f7794-o1\" \/><input type=\"hidden\" name=\"_wpcf7_container_post\" value=\"0\" \/><input type=\"hidden\" name=\"_wpcf7_posted_data_hash\" value=\"\" \/><input type=\"hidden\" name=\"_uacf7_hidden_conditional_fields\" value=\"\" \/>\n<\/fieldset>\n<div class=\"uacf7-form-wrapper-container uacf7-form-7794  \"><label> Pa\u0144stwa imi\u0119 i nazwisko*\n    <span class=\"wpcf7-form-control-wrap\" data-name=\"your-name\"><input size=\"40\" maxlength=\"400\" class=\"wpcf7-form-control wpcf7-text wpcf7-validates-as-required\" aria-required=\"true\" aria-invalid=\"false\" value=\"\" type=\"text\" name=\"your-name\" \/><\/span> <\/label>\n\n<label> Pa\u0144stwa adres e-mail*\n    <span class=\"wpcf7-form-control-wrap\" data-name=\"your-email\"><input size=\"40\" maxlength=\"400\" class=\"wpcf7-form-control wpcf7-email wpcf7-validates-as-required wpcf7-text wpcf7-validates-as-email\" aria-required=\"true\" aria-invalid=\"false\" value=\"\" type=\"email\" name=\"your-email\" \/><\/span> <\/label>\n\n<label> Temat\n    <span class=\"wpcf7-form-control-wrap\" data-name=\"your-subject\"><input size=\"40\" maxlength=\"400\" class=\"wpcf7-form-control wpcf7-text\" aria-invalid=\"false\" value=\"\" type=\"text\" name=\"your-subject\" \/><\/span> <\/label>\n\n<label> Pa\u0144stwa wiadomo\u015b\u0107\n    <span class=\"wpcf7-form-control-wrap\" data-name=\"your-message\"><textarea cols=\"40\" rows=\"10\" maxlength=\"2000\" class=\"wpcf7-form-control wpcf7-textarea\" aria-invalid=\"false\" name=\"your-message\"><\/textarea><\/span> <\/label>\n\n<label><span class=\"wpcf7-form-control-wrap\" data-name=\"acceptance-dsgvo\"><span class=\"wpcf7-form-control wpcf7-acceptance\"><span class=\"wpcf7-list-item\"><input type=\"checkbox\" name=\"acceptance-dsgvo\" value=\"1\" aria-invalid=\"false\" \/><\/span><\/span><\/span>*Tak, przeczyta\u0142em i zrozumia\u0142em <a href=\"\/datenschutzerklaerung\/\">Datenschutzerkl\u00e4rung<\/a> i wyra\u017cam zgod\u0119, aby podane przeze mnie dane mog\u0142y by\u0107 gromadzone i przechowywane w formie elektronicznej. Moje dane s\u0105 wykorzystywane wy\u0142\u0105cznie na potrzeby przetwarzania i odpowiedzi na moje zapytanie. Zgod\u0119 t\u0119 mog\u0119 odwo\u0142a\u0107 w ka\u017cdej chwili wysy\u0142aj\u0105c wiadomo\u015b\u0107 na adres <a href=\"&#109;a&#105;l&#116;o&#x3a;i&#x6e;f&#x6f;&#64;&#x66;r&#x69;e&#x64;r&#x69;c&#x68;-&#x6d;u&#x65;&#110;&#x63;&#104;&#x2e;&#100;&#x65;\">&#105;&#x6e;f&#111;&#x40;f&#114;&#x69;e&#100;&#x72;i&#99;&#x68;-&#109;&#x75;e&#110;&#x63;h&#46;&#x64;e<\/a> W przypadku odwo\u0142ania moje dane zostan\u0105 natychmiast usuni\u0119te.\n<\/label>\n<span id=\"wpcf7-69d5189ed81d0-wrapper\" class=\"wpcf7-form-control-wrap Website-wrap\" style=\"display:none !important; visibility:hidden !important;\"><label for=\"wpcf7-69d5189ed81d0-field\" class=\"hp-message\">Please leave this field empty.<\/label><input id=\"wpcf7-69d5189ed81d0-field\"  class=\"wpcf7-form-control wpcf7-text\" type=\"text\" name=\"Website\" value=\"\" size=\"40\" tabindex=\"-1\" autocomplete=\"new-password\" \/><\/span>\n\n<input class=\"wpcf7-form-control wpcf7-submit has-spinner\" type=\"submit\" value=\"wy\u015blij\" \/><\/div><div class=\"wpcf7-response-output\" aria-hidden=\"true\"><\/div>\n<\/form>\n<\/div>\n[\/vc_column_inner][\/vc_row_inner][\/vc_column][\/vc_row]\n<\/div>","protected":false},"excerpt":{"rendered":"<p>[vc_row thb_full_width=&#8221;true&#8221; parallax=&#8221;content-moving&#8221; thb_divider_position=&#8221;bottom&#8221; css=&#8221;.vc_custom_1556805173564{background-color: #000000 !important;background-position: center;background-repeat: no-repeat;background-size: contain !important;}&#8221;][vc_column][vc_empty_space height=&#8221;110px&#8221;][\/vc_column][\/vc_row][vc_row thb_full_width=&#8221;true&#8221; thb_row_padding=&#8221;true&#8221; thb_column_padding=&#8221;true&#8221; disable_element=&#8221;yes&#8221; thb_divider_position=&#8221;bottom&#8221; css=&#8221;.vc_custom_1746797928633{margin-top: -35px !important;padding-top: 0px !important;padding-bottom: 0px !important;background-color: #00022b !important;}&#8221;][vc_column thb_color=&#8221;thb-light-column&#8221;][vc_empty_space][vc_empty_space][vc_column_text css=&#8221;&#8221;] Odwied\u017a nas na targach IFFA we Frankfurcie. Od 03 do 08 maja 2025 r., hala 9.0 &#8211; C10 [\/vc_column_text][\/vc_column][\/vc_row][vc_row thb_divider_position=&#8221;bottom&#8221; height=&#8221;80px&#8221;][vc_column][vc_empty_space height=&#8221;80px&#8221;][\/vc_column][\/vc_row][vc_row thb_divider_position=&#8221;bottom&#8221; el_class=&#8221;align-center&#8221; css=&#8221;.vc_custom_1474474645883{padding-top: 10vh !important;padding-bottom:&hellip;<\/p>\n","protected":false},"author":1,"featured_media":0,"parent":0,"menu_order":0,"comment_status":"closed","ping_status":"closed","template":"","meta":{"_glsr_average":0,"_glsr_ranking":0,"_glsr_reviews":0,"footnotes":""},"class_list":["post-7487","page","type-page","status-publish","hentry"],"yoast_head":"<!-- This site is optimized with the Yoast SEO Premium plugin v26.6 (Yoast SEO v26.6) - https:\/\/yoast.com\/wordpress\/plugins\/seo\/ -->\n<title>Kontakt z firm\u0105 Niroflex | Dane kontaktowe &amp; Formularz<\/title>\n<meta name=\"description\" content=\"Skontaktuj si\u0119 z Niroflex \u2013 szybko i \u0142atwo przez formularz, telefon lub e\u2011mail \u260e\ufe0f Czekamy na Twoj\u0105 wiadomo\u015b\u0107 \u27a1\ufe0f\" \/>\n<meta name=\"robots\" content=\"index, follow, max-snippet:-1, max-image-preview:large, max-video-preview:-1\" \/>\n<link rel=\"canonical\" href=\"https:\/\/niroflex.de\/pl\/kontakt-niroflex-pl\/\" \/>\n<meta property=\"og:locale\" content=\"pl_PL\" \/>\n<meta property=\"og:type\" content=\"article\" \/>\n<meta property=\"og:title\" content=\"Formularz kontaktowy Niroflex\" \/>\n<meta property=\"og:description\" content=\"Odwied\u017a nas na targach IFFA we Frankfurcie. Od 03 do 08 maja 2025 r., hala 9.0 - C10 Formularz kontaktowy Niroflex Friedrich M\u00fcnch GmbH + Co KG In den\" \/>\n<meta property=\"og:url\" content=\"https:\/\/niroflex.de\/pl\/kontakt-niroflex-pl\/\" \/>\n<meta property=\"og:site_name\" content=\"Niroflex | Schnittschutzhandschuhe &amp; Kettenhandschuh\" \/>\n<meta property=\"article:publisher\" content=\"https:\/\/www.facebook.com\/people\/Friedrich-Mnch-GmbH-Co-KG\/100054195774984\/\" \/>\n<meta property=\"article:modified_time\" content=\"2025-11-13T19:01:05+00:00\" \/>\n<meta property=\"og:image\" content=\"https:\/\/niroflex.de\/wp-content\/uploads\/2025\/01\/IFFA_2025.jpg\" \/>\n<script type=\"application\/ld+json\" class=\"yoast-schema-graph\">{\"@context\":\"https:\/\/schema.org\",\"@graph\":[{\"@type\":\"WebPage\",\"@id\":\"https:\/\/niroflex.de\/pl\/kontakt-niroflex-pl\/\",\"url\":\"https:\/\/niroflex.de\/pl\/kontakt-niroflex-pl\/\",\"name\":\"Kontakt z firm\u0105 Niroflex | Dane kontaktowe & Formularz\",\"isPartOf\":{\"@id\":\"https:\/\/niroflex.de\/pl\/#website\"},\"primaryImageOfPage\":{\"@id\":\"https:\/\/niroflex.de\/pl\/kontakt-niroflex-pl\/#primaryimage\"},\"image\":{\"@id\":\"https:\/\/niroflex.de\/pl\/kontakt-niroflex-pl\/#primaryimage\"},\"thumbnailUrl\":\"https:\/\/niroflex.de\/wp-content\/uploads\/2025\/01\/IFFA_2025.jpg\",\"datePublished\":\"2020-01-09T15:26:43+00:00\",\"dateModified\":\"2025-11-13T19:01:05+00:00\",\"description\":\"Skontaktuj si\u0119 z Niroflex \u2013 szybko i \u0142atwo przez formularz, telefon lub e\u2011mail \u260e\ufe0f Czekamy na Twoj\u0105 wiadomo\u015b\u0107 \u27a1\ufe0f\",\"breadcrumb\":{\"@id\":\"https:\/\/niroflex.de\/pl\/kontakt-niroflex-pl\/#breadcrumb\"},\"inLanguage\":\"pl-PL\",\"potentialAction\":[{\"@type\":\"ReadAction\",\"target\":[\"https:\/\/niroflex.de\/pl\/kontakt-niroflex-pl\/\"]}]},{\"@type\":\"ImageObject\",\"inLanguage\":\"pl-PL\",\"@id\":\"https:\/\/niroflex.de\/pl\/kontakt-niroflex-pl\/#primaryimage\",\"url\":\"https:\/\/niroflex.de\/wp-content\/uploads\/2025\/01\/IFFA_2025.jpg\",\"contentUrl\":\"https:\/\/niroflex.de\/wp-content\/uploads\/2025\/01\/IFFA_2025.jpg\"},{\"@type\":\"BreadcrumbList\",\"@id\":\"https:\/\/niroflex.de\/pl\/kontakt-niroflex-pl\/#breadcrumb\",\"itemListElement\":[{\"@type\":\"ListItem\",\"position\":1,\"name\":\"Startseite\",\"item\":\"https:\/\/niroflex.de\/pl\/\"},{\"@type\":\"ListItem\",\"position\":2,\"name\":\"Formularz kontaktowy Niroflex\"}]},{\"@type\":\"WebSite\",\"@id\":\"https:\/\/niroflex.de\/pl\/#website\",\"url\":\"https:\/\/niroflex.de\/pl\/\",\"name\":\"Niroflex | Schnittschutzhandschuhe & Kettenhandschuh\",\"description\":\"\",\"publisher\":{\"@id\":\"https:\/\/niroflex.de\/pl\/#organization\"},\"potentialAction\":[{\"@type\":\"SearchAction\",\"target\":{\"@type\":\"EntryPoint\",\"urlTemplate\":\"https:\/\/niroflex.de\/pl\/?s={search_term_string}\"},\"query-input\":{\"@type\":\"PropertyValueSpecification\",\"valueRequired\":true,\"valueName\":\"search_term_string\"}}],\"inLanguage\":\"pl-PL\"},{\"@type\":\"Organization\",\"@id\":\"https:\/\/niroflex.de\/pl\/#organization\",\"name\":\"Friedrich M\u00fcnch GmbH + Co KG\",\"url\":\"https:\/\/niroflex.de\/pl\/\",\"logo\":{\"@type\":\"ImageObject\",\"inLanguage\":\"pl-PL\",\"@id\":\"https:\/\/niroflex.de\/pl\/#\/schema\/logo\/image\/\",\"url\":\"https:\/\/niroflex.de\/wp-content\/uploads\/2019\/03\/Niroflex_Logo_2@.png\",\"contentUrl\":\"https:\/\/niroflex.de\/wp-content\/uploads\/2019\/03\/Niroflex_Logo_2@.png\",\"width\":480,\"height\":169,\"caption\":\"Friedrich M\u00fcnch GmbH + Co KG\"},\"image\":{\"@id\":\"https:\/\/niroflex.de\/pl\/#\/schema\/logo\/image\/\"},\"sameAs\":[\"https:\/\/www.facebook.com\/people\/Friedrich-Mnch-GmbH-Co-KG\/100054195774984\/\"],\"email\":\"info@niroflex.de\",\"telephone\":\"+49 7041 9544-0\",\"legalName\":\"Friedrich M\u00fcnch GmbH + Co KG\"}]}<\/script>\n<!-- \/ Yoast SEO Premium plugin. -->","yoast_head_json":{"title":"Kontakt z firm\u0105 Niroflex | Dane kontaktowe & Formularz","description":"Skontaktuj si\u0119 z Niroflex \u2013 szybko i \u0142atwo przez formularz, telefon lub e\u2011mail \u260e\ufe0f Czekamy na Twoj\u0105 wiadomo\u015b\u0107 \u27a1\ufe0f","robots":{"index":"index","follow":"follow","max-snippet":"max-snippet:-1","max-image-preview":"max-image-preview:large","max-video-preview":"max-video-preview:-1"},"canonical":"https:\/\/niroflex.de\/pl\/kontakt-niroflex-pl\/","og_locale":"pl_PL","og_type":"article","og_title":"Formularz kontaktowy Niroflex","og_description":"Odwied\u017a nas na targach IFFA we Frankfurcie. Od 03 do 08 maja 2025 r., hala 9.0 - C10 Formularz kontaktowy Niroflex Friedrich M\u00fcnch GmbH + Co KG In den","og_url":"https:\/\/niroflex.de\/pl\/kontakt-niroflex-pl\/","og_site_name":"Niroflex | Schnittschutzhandschuhe &amp; Kettenhandschuh","article_publisher":"https:\/\/www.facebook.com\/people\/Friedrich-Mnch-GmbH-Co-KG\/100054195774984\/","article_modified_time":"2025-11-13T19:01:05+00:00","og_image":[{"url":"https:\/\/niroflex.de\/wp-content\/uploads\/2025\/01\/IFFA_2025.jpg","type":"","width":"","height":""}],"schema":{"@context":"https:\/\/schema.org","@graph":[{"@type":"WebPage","@id":"https:\/\/niroflex.de\/pl\/kontakt-niroflex-pl\/","url":"https:\/\/niroflex.de\/pl\/kontakt-niroflex-pl\/","name":"Kontakt z firm\u0105 Niroflex | Dane kontaktowe & Formularz","isPartOf":{"@id":"https:\/\/niroflex.de\/pl\/#website"},"primaryImageOfPage":{"@id":"https:\/\/niroflex.de\/pl\/kontakt-niroflex-pl\/#primaryimage"},"image":{"@id":"https:\/\/niroflex.de\/pl\/kontakt-niroflex-pl\/#primaryimage"},"thumbnailUrl":"https:\/\/niroflex.de\/wp-content\/uploads\/2025\/01\/IFFA_2025.jpg","datePublished":"2020-01-09T15:26:43+00:00","dateModified":"2025-11-13T19:01:05+00:00","description":"Skontaktuj si\u0119 z Niroflex \u2013 szybko i \u0142atwo przez formularz, telefon lub e\u2011mail \u260e\ufe0f Czekamy na Twoj\u0105 wiadomo\u015b\u0107 \u27a1\ufe0f","breadcrumb":{"@id":"https:\/\/niroflex.de\/pl\/kontakt-niroflex-pl\/#breadcrumb"},"inLanguage":"pl-PL","potentialAction":[{"@type":"ReadAction","target":["https:\/\/niroflex.de\/pl\/kontakt-niroflex-pl\/"]}]},{"@type":"ImageObject","inLanguage":"pl-PL","@id":"https:\/\/niroflex.de\/pl\/kontakt-niroflex-pl\/#primaryimage","url":"https:\/\/niroflex.de\/wp-content\/uploads\/2025\/01\/IFFA_2025.jpg","contentUrl":"https:\/\/niroflex.de\/wp-content\/uploads\/2025\/01\/IFFA_2025.jpg"},{"@type":"BreadcrumbList","@id":"https:\/\/niroflex.de\/pl\/kontakt-niroflex-pl\/#breadcrumb","itemListElement":[{"@type":"ListItem","position":1,"name":"Startseite","item":"https:\/\/niroflex.de\/pl\/"},{"@type":"ListItem","position":2,"name":"Formularz kontaktowy Niroflex"}]},{"@type":"WebSite","@id":"https:\/\/niroflex.de\/pl\/#website","url":"https:\/\/niroflex.de\/pl\/","name":"Niroflex | Schnittschutzhandschuhe & Kettenhandschuh","description":"","publisher":{"@id":"https:\/\/niroflex.de\/pl\/#organization"},"potentialAction":[{"@type":"SearchAction","target":{"@type":"EntryPoint","urlTemplate":"https:\/\/niroflex.de\/pl\/?s={search_term_string}"},"query-input":{"@type":"PropertyValueSpecification","valueRequired":true,"valueName":"search_term_string"}}],"inLanguage":"pl-PL"},{"@type":"Organization","@id":"https:\/\/niroflex.de\/pl\/#organization","name":"Friedrich M\u00fcnch GmbH + Co KG","url":"https:\/\/niroflex.de\/pl\/","logo":{"@type":"ImageObject","inLanguage":"pl-PL","@id":"https:\/\/niroflex.de\/pl\/#\/schema\/logo\/image\/","url":"https:\/\/niroflex.de\/wp-content\/uploads\/2019\/03\/Niroflex_Logo_2@.png","contentUrl":"https:\/\/niroflex.de\/wp-content\/uploads\/2019\/03\/Niroflex_Logo_2@.png","width":480,"height":169,"caption":"Friedrich M\u00fcnch GmbH + Co KG"},"image":{"@id":"https:\/\/niroflex.de\/pl\/#\/schema\/logo\/image\/"},"sameAs":["https:\/\/www.facebook.com\/people\/Friedrich-Mnch-GmbH-Co-KG\/100054195774984\/"],"email":"info@niroflex.de","telephone":"+49 7041 9544-0","legalName":"Friedrich M\u00fcnch GmbH + Co KG"}]}},"_links":{"self":[{"href":"https:\/\/niroflex.de\/pl\/wp-json\/wp\/v2\/pages\/7487","targetHints":{"allow":["GET"]}}],"collection":[{"href":"https:\/\/niroflex.de\/pl\/wp-json\/wp\/v2\/pages"}],"about":[{"href":"https:\/\/niroflex.de\/pl\/wp-json\/wp\/v2\/types\/page"}],"author":[{"embeddable":true,"href":"https:\/\/niroflex.de\/pl\/wp-json\/wp\/v2\/users\/1"}],"replies":[{"embeddable":true,"href":"https:\/\/niroflex.de\/pl\/wp-json\/wp\/v2\/comments?post=7487"}],"version-history":[{"count":13,"href":"https:\/\/niroflex.de\/pl\/wp-json\/wp\/v2\/pages\/7487\/revisions"}],"predecessor-version":[{"id":13691,"href":"https:\/\/niroflex.de\/pl\/wp-json\/wp\/v2\/pages\/7487\/revisions\/13691"}],"wp:attachment":[{"href":"https:\/\/niroflex.de\/pl\/wp-json\/wp\/v2\/media?parent=7487"}],"curies":[{"name":"wp","href":"https:\/\/api.w.org\/{rel}","templated":true}]}}