{"id":7482,"date":"2020-01-09T16:08:31","date_gmt":"2020-01-09T15:08:31","guid":{"rendered":"https:\/\/niroflex.de\/obsluga-klienta\/"},"modified":"2025-11-12T13:57:24","modified_gmt":"2025-11-12T12:57:24","slug":"obsluga-klienta","status":"publish","type":"page","link":"https:\/\/niroflex.de\/pl\/obsluga-klienta\/","title":{"rendered":"Obs\u0142uga klienta"},"content":{"rendered":"<div class=\"wpb-content-wrapper\">[vc_row thb_full_width=&#8221;true&#8221; parallax=&#8221;content-moving&#8221; thb_divider_position=&#8221;bottom&#8221; css=&#8221;.vc_custom_1556805173564{background-color: #000000 !important;background-position: center;background-repeat: no-repeat;background-size:contain !important;}&#8221;][vc_column][vc_empty_space height=&#8221;110px&#8221;][\/vc_column][\/vc_row][vc_row thb_divider_position=&#8221;bottom&#8221;][vc_column][vc_empty_space height=&#8221;80px&#8221;][vc_column_text css=&#8221;&#8221;]\n<h1>Kompleksowa obs\u0142uga klienta<\/h1>\n<h2>Rozwi\u0105zania zorientowane na klienta<\/h2>\n<ul>\n<li>Opracowanie \u015brodk\u00f3w ochrony osobistej do wszystkich zastosowa\u0144<\/li>\n<li>Projektowanie rozwi\u0105za\u0144 w zakresie siatki metalowej do cel\u00f3w wystawienniczych, dekoracji wn\u0119trz i powierzchni zewn\u0119trznych oraz wzornictwa przemys\u0142owego<\/li>\n<li>Urz\u0105dzenia zabezpieczaj\u0105ce do zastosowa\u0144 przemys\u0142owych i obiekt\u00f3w u\u017cyteczno\u015bci publicznej<\/li>\n<li>Metalowa siatka dla przemys\u0142u mody i jubilerskiego<\/li>\n<li>Badania i rozw\u00f3j przysz\u0142ych zastosowa\u0144 splot\u00f3w<\/li>\n<\/ul>\n<h3>Us\u0142ugi dystrybucyjne<\/h3>\n<ul>\n<li>Wsparcie w przygotowaniu reklam, katalog\u00f3w i przesy\u0142ek pocztowych<\/li>\n<li>Wsparcie na targach i imprezach sprzeda\u017cowych<\/li>\n<li>Szkolenia sprzeda\u017cowe<\/li>\n<li>Wsp\u00f3lne wizyty z klientami<\/li>\n<li>Rozw\u00f3j produkt\u00f3w dostosowanych do potrzeb klienta<\/li>\n<\/ul>\n<h3>Serwis naprawczy<\/h3>\n<ul>\n<li>Naprawa wszystkich produkt\u00f3w z siatk\u0105 pier\u015bcieniow\u0105<\/li>\n<li>Oryginalne cz\u0119\u015bci zamienne<\/li>\n<li>Us\u0142uga wymiany klamr i pask\u00f3w<\/li>\n<li>Regulacja rozmiaru r\u0119kawic poprzez skracanie i wyd\u0142u\u017canie palc\u00f3w<\/li>\n<\/ul>\n<h3>Us\u0142ugi premium<\/h3>\n<ul>\n<li>Wszystkie produkty mog\u0105 zosta\u0107 dostosowane do indywidualnych potrzeb klienta<\/li>\n<li>Identyfikatory z kodami kreskowymi do \u015bledzenia r\u0119kawic s\u0105 dost\u0119pne na \u017c\u0105danie<\/li>\n<li>Dodatkowe plakietki do oznacze\u0144 osobistych<\/li>\n<\/ul>\n[\/vc_column_text][\/vc_column][\/vc_row]\n<\/div>","protected":false},"excerpt":{"rendered":"<p>[vc_row thb_full_width=&#8221;true&#8221; parallax=&#8221;content-moving&#8221; thb_divider_position=&#8221;bottom&#8221; css=&#8221;.vc_custom_1556805173564{background-color: #000000 !important;background-position: center;background-repeat: no-repeat;background-size:contain !important;}&#8221;][vc_column][vc_empty_space height=&#8221;110px&#8221;][\/vc_column][\/vc_row][vc_row thb_divider_position=&#8221;bottom&#8221;][vc_column][vc_empty_space height=&#8221;80px&#8221;][vc_column_text css=&#8221;&#8221;] Kompleksowa obs\u0142uga klienta Rozwi\u0105zania zorientowane na klienta Opracowanie \u015brodk\u00f3w ochrony osobistej do wszystkich zastosowa\u0144 Projektowanie rozwi\u0105za\u0144 w zakresie siatki metalowej do cel\u00f3w wystawienniczych, dekoracji wn\u0119trz i powierzchni zewn\u0119trznych oraz wzornictwa przemys\u0142owego Urz\u0105dzenia zabezpieczaj\u0105ce do zastosowa\u0144 przemys\u0142owych i obiekt\u00f3w u\u017cyteczno\u015bci publicznej Metalowa&hellip;<\/p>\n","protected":false},"author":1,"featured_media":0,"parent":0,"menu_order":0,"comment_status":"closed","ping_status":"closed","template":"","meta":{"footnotes":""},"class_list":["post-7482","page","type-page","status-publish","hentry"],"yoast_head":"<!-- This site is optimized with the Yoast SEO Premium plugin v27.3 (Yoast SEO v27.3) - https:\/\/yoast.com\/product\/yoast-seo-premium-wordpress\/ -->\n<title>Obs\u0142uga klienta | Niroflex, Friedrich M\u00fcnch GmbH<\/title>\n<meta name=\"description\" content=\"Obs\u0142uga klienta : Niroflex | Schnittschutzhandschuhe &amp; Kettenhandschuh Niroflex, Friedrich M\u00fcnch GmbH\" \/>\n<meta name=\"robots\" content=\"index, follow, max-snippet:-1, max-image-preview:large, max-video-preview:-1\" \/>\n<link rel=\"canonical\" href=\"https:\/\/niroflex.de\/pl\/obsluga-klienta\/\" \/>\n<meta property=\"og:locale\" content=\"pl_PL\" \/>\n<meta property=\"og:type\" content=\"article\" \/>\n<meta property=\"og:title\" content=\"Obs\u0142uga klienta\" \/>\n<meta property=\"og:description\" content=\"Kompleksowa obs\u0142uga klienta Rozwi\u0105zania zorientowane na klienta Opracowanie \u015brodk\u00f3w ochrony osobistej do wszystkich zastosowa\u0144 Projektowanie rozwi\u0105za\u0144 w\" \/>\n<meta property=\"og:url\" content=\"https:\/\/niroflex.de\/pl\/obsluga-klienta\/\" \/>\n<meta property=\"og:site_name\" content=\"Niroflex | Schnittschutzhandschuhe &amp; Kettenhandschuh\" \/>\n<meta property=\"article:publisher\" content=\"https:\/\/www.facebook.com\/people\/Friedrich-Mnch-GmbH-Co-KG\/100054195774984\/\" \/>\n<meta property=\"article:modified_time\" content=\"2025-11-12T12:57:24+00:00\" \/>\n<meta property=\"og:image\" content=\"https:\/\/niroflex.de\/wp-content\/uploads\/2019\/03\/Niroflex_Logo_2@.png\" \/>\n\t<meta property=\"og:image:width\" content=\"480\" \/>\n\t<meta property=\"og:image:height\" content=\"169\" \/>\n\t<meta property=\"og:image:type\" content=\"image\/png\" \/>\n<script type=\"application\/ld+json\" class=\"yoast-schema-graph\">{\"@context\":\"https:\\\/\\\/schema.org\",\"@graph\":[{\"@type\":\"WebPage\",\"@id\":\"https:\\\/\\\/niroflex.de\\\/pl\\\/obsluga-klienta\\\/\",\"url\":\"https:\\\/\\\/niroflex.de\\\/pl\\\/obsluga-klienta\\\/\",\"name\":\"Obs\u0142uga klienta | Niroflex, Friedrich M\u00fcnch GmbH\",\"isPartOf\":{\"@id\":\"https:\\\/\\\/niroflex.de\\\/pl\\\/#website\"},\"datePublished\":\"2020-01-09T15:08:31+00:00\",\"dateModified\":\"2025-11-12T12:57:24+00:00\",\"description\":\"Obs\u0142uga klienta : Niroflex | Schnittschutzhandschuhe &amp; Kettenhandschuh Niroflex, Friedrich M\u00fcnch GmbH\",\"breadcrumb\":{\"@id\":\"https:\\\/\\\/niroflex.de\\\/pl\\\/obsluga-klienta\\\/#breadcrumb\"},\"inLanguage\":\"pl-PL\",\"potentialAction\":[{\"@type\":\"ReadAction\",\"target\":[\"https:\\\/\\\/niroflex.de\\\/pl\\\/obsluga-klienta\\\/\"]}]},{\"@type\":\"BreadcrumbList\",\"@id\":\"https:\\\/\\\/niroflex.de\\\/pl\\\/obsluga-klienta\\\/#breadcrumb\",\"itemListElement\":[{\"@type\":\"ListItem\",\"position\":1,\"name\":\"Startseite\",\"item\":\"https:\\\/\\\/niroflex.de\\\/pl\\\/\"},{\"@type\":\"ListItem\",\"position\":2,\"name\":\"Obs\u0142uga klienta\"}]},{\"@type\":\"WebSite\",\"@id\":\"https:\\\/\\\/niroflex.de\\\/pl\\\/#website\",\"url\":\"https:\\\/\\\/niroflex.de\\\/pl\\\/\",\"name\":\"Niroflex | Schnittschutzhandschuhe & Kettenhandschuh\",\"description\":\"\",\"publisher\":{\"@id\":\"https:\\\/\\\/niroflex.de\\\/pl\\\/#organization\"},\"potentialAction\":[{\"@type\":\"SearchAction\",\"target\":{\"@type\":\"EntryPoint\",\"urlTemplate\":\"https:\\\/\\\/niroflex.de\\\/pl\\\/?s={search_term_string}\"},\"query-input\":{\"@type\":\"PropertyValueSpecification\",\"valueRequired\":true,\"valueName\":\"search_term_string\"}}],\"inLanguage\":\"pl-PL\"},{\"@type\":\"Organization\",\"@id\":\"https:\\\/\\\/niroflex.de\\\/pl\\\/#organization\",\"name\":\"Friedrich M\u00fcnch GmbH + Co KG\",\"url\":\"https:\\\/\\\/niroflex.de\\\/pl\\\/\",\"logo\":{\"@type\":\"ImageObject\",\"inLanguage\":\"pl-PL\",\"@id\":\"https:\\\/\\\/niroflex.de\\\/pl\\\/#\\\/schema\\\/logo\\\/image\\\/\",\"url\":\"https:\\\/\\\/niroflex.de\\\/wp-content\\\/uploads\\\/2019\\\/03\\\/Niroflex_Logo_2@.png\",\"contentUrl\":\"https:\\\/\\\/niroflex.de\\\/wp-content\\\/uploads\\\/2019\\\/03\\\/Niroflex_Logo_2@.png\",\"width\":480,\"height\":169,\"caption\":\"Friedrich M\u00fcnch GmbH + Co KG\"},\"image\":{\"@id\":\"https:\\\/\\\/niroflex.de\\\/pl\\\/#\\\/schema\\\/logo\\\/image\\\/\"},\"sameAs\":[\"https:\\\/\\\/www.facebook.com\\\/people\\\/Friedrich-Mnch-GmbH-Co-KG\\\/100054195774984\\\/\"],\"email\":\"info@niroflex.de\",\"telephone\":\"+49 7041 9544-0\",\"legalName\":\"Friedrich M\u00fcnch GmbH + Co KG\"}]}<\/script>\n<!-- \/ Yoast SEO Premium plugin. -->","yoast_head_json":{"title":"Obs\u0142uga klienta | Niroflex, Friedrich M\u00fcnch GmbH","description":"Obs\u0142uga klienta : Niroflex | Schnittschutzhandschuhe &amp; Kettenhandschuh Niroflex, Friedrich M\u00fcnch GmbH","robots":{"index":"index","follow":"follow","max-snippet":"max-snippet:-1","max-image-preview":"max-image-preview:large","max-video-preview":"max-video-preview:-1"},"canonical":"https:\/\/niroflex.de\/pl\/obsluga-klienta\/","og_locale":"pl_PL","og_type":"article","og_title":"Obs\u0142uga klienta","og_description":"Kompleksowa obs\u0142uga klienta Rozwi\u0105zania zorientowane na klienta Opracowanie \u015brodk\u00f3w ochrony osobistej do wszystkich zastosowa\u0144 Projektowanie rozwi\u0105za\u0144 w","og_url":"https:\/\/niroflex.de\/pl\/obsluga-klienta\/","og_site_name":"Niroflex | Schnittschutzhandschuhe &amp; Kettenhandschuh","article_publisher":"https:\/\/www.facebook.com\/people\/Friedrich-Mnch-GmbH-Co-KG\/100054195774984\/","article_modified_time":"2025-11-12T12:57:24+00:00","og_image":[{"width":480,"height":169,"url":"https:\/\/niroflex.de\/wp-content\/uploads\/2019\/03\/Niroflex_Logo_2@.png","type":"image\/png"}],"schema":{"@context":"https:\/\/schema.org","@graph":[{"@type":"WebPage","@id":"https:\/\/niroflex.de\/pl\/obsluga-klienta\/","url":"https:\/\/niroflex.de\/pl\/obsluga-klienta\/","name":"Obs\u0142uga klienta | Niroflex, Friedrich M\u00fcnch GmbH","isPartOf":{"@id":"https:\/\/niroflex.de\/pl\/#website"},"datePublished":"2020-01-09T15:08:31+00:00","dateModified":"2025-11-12T12:57:24+00:00","description":"Obs\u0142uga klienta : Niroflex | Schnittschutzhandschuhe &amp; Kettenhandschuh Niroflex, Friedrich M\u00fcnch GmbH","breadcrumb":{"@id":"https:\/\/niroflex.de\/pl\/obsluga-klienta\/#breadcrumb"},"inLanguage":"pl-PL","potentialAction":[{"@type":"ReadAction","target":["https:\/\/niroflex.de\/pl\/obsluga-klienta\/"]}]},{"@type":"BreadcrumbList","@id":"https:\/\/niroflex.de\/pl\/obsluga-klienta\/#breadcrumb","itemListElement":[{"@type":"ListItem","position":1,"name":"Startseite","item":"https:\/\/niroflex.de\/pl\/"},{"@type":"ListItem","position":2,"name":"Obs\u0142uga klienta"}]},{"@type":"WebSite","@id":"https:\/\/niroflex.de\/pl\/#website","url":"https:\/\/niroflex.de\/pl\/","name":"Niroflex | Schnittschutzhandschuhe & Kettenhandschuh","description":"","publisher":{"@id":"https:\/\/niroflex.de\/pl\/#organization"},"potentialAction":[{"@type":"SearchAction","target":{"@type":"EntryPoint","urlTemplate":"https:\/\/niroflex.de\/pl\/?s={search_term_string}"},"query-input":{"@type":"PropertyValueSpecification","valueRequired":true,"valueName":"search_term_string"}}],"inLanguage":"pl-PL"},{"@type":"Organization","@id":"https:\/\/niroflex.de\/pl\/#organization","name":"Friedrich M\u00fcnch GmbH + Co KG","url":"https:\/\/niroflex.de\/pl\/","logo":{"@type":"ImageObject","inLanguage":"pl-PL","@id":"https:\/\/niroflex.de\/pl\/#\/schema\/logo\/image\/","url":"https:\/\/niroflex.de\/wp-content\/uploads\/2019\/03\/Niroflex_Logo_2@.png","contentUrl":"https:\/\/niroflex.de\/wp-content\/uploads\/2019\/03\/Niroflex_Logo_2@.png","width":480,"height":169,"caption":"Friedrich M\u00fcnch GmbH + Co KG"},"image":{"@id":"https:\/\/niroflex.de\/pl\/#\/schema\/logo\/image\/"},"sameAs":["https:\/\/www.facebook.com\/people\/Friedrich-Mnch-GmbH-Co-KG\/100054195774984\/"],"email":"info@niroflex.de","telephone":"+49 7041 9544-0","legalName":"Friedrich M\u00fcnch GmbH + Co KG"}]}},"_links":{"self":[{"href":"https:\/\/niroflex.de\/pl\/wp-json\/wp\/v2\/pages\/7482","targetHints":{"allow":["GET"]}}],"collection":[{"href":"https:\/\/niroflex.de\/pl\/wp-json\/wp\/v2\/pages"}],"about":[{"href":"https:\/\/niroflex.de\/pl\/wp-json\/wp\/v2\/types\/page"}],"author":[{"embeddable":true,"href":"https:\/\/niroflex.de\/pl\/wp-json\/wp\/v2\/users\/1"}],"replies":[{"embeddable":true,"href":"https:\/\/niroflex.de\/pl\/wp-json\/wp\/v2\/comments?post=7482"}],"version-history":[{"count":2,"href":"https:\/\/niroflex.de\/pl\/wp-json\/wp\/v2\/pages\/7482\/revisions"}],"predecessor-version":[{"id":19794,"href":"https:\/\/niroflex.de\/pl\/wp-json\/wp\/v2\/pages\/7482\/revisions\/19794"}],"wp:attachment":[{"href":"https:\/\/niroflex.de\/pl\/wp-json\/wp\/v2\/media?parent=7482"}],"curies":[{"name":"wp","href":"https:\/\/api.w.org\/{rel}","templated":true}]}}