{"id":6670,"date":"2019-12-17T12:09:02","date_gmt":"2019-12-17T11:09:02","guid":{"rendered":"https:\/\/niroflex.de\/cgv\/"},"modified":"2025-11-13T19:58:25","modified_gmt":"2025-11-13T18:58:25","slug":"cgv","status":"publish","type":"page","link":"https:\/\/niroflex.de\/fr\/cgv\/","title":{"rendered":"CGV"},"content":{"rendered":"<div class=\"wpb-content-wrapper\">[vc_row thb_full_width=\u00a0\u00bbtrue\u00a0\u00bb parallax=\u00a0\u00bbcontent-moving\u00a0\u00bb thb_divider_position=\u00a0\u00bbbottom\u00a0\u00bb css=\u00a0\u00bb.vc_custom_1556805173564{background-color: #000000 !important;background-position: center;background-repeat: no-repeat;background-size: contain !important;}\u00a0\u00bb][vc_column][vc_empty_space height=\u00a0\u00bb110px\u00a0\u00bb][\/vc_column][\/vc_row][vc_row thb_full_width=\u00a0\u00bbtrue\u00a0\u00bb thb_divider_position=\u00a0\u00bbbottom\u00a0\u00bb][vc_column][vc_empty_space height=\u00a0\u00bb80px\u00a0\u00bb][vc_custom_heading text=\u00a0\u00bbConditions g\u00e9n\u00e9rales de vente et informations l\u00e9gales\u00a0\u00bb font_container=\u00a0\u00bbtag:h1|font_size:2em|text_align:left\u00a0\u00bb google_fonts=\u00a0\u00bbfont_family:Noto%20Sans%3Aregular%2Citalic%2C700%2C700italic|font_style:700%20bold%20regular%3A700%3Anormal\u00a0\u00bb][vc_column_text]\n<h2>Conditions de vente et de livraison<\/h2>\n<p>Vous pouvez t\u00e9l\u00e9charger nos conditions de vente et de livraison <a href=\"https:\/\/niroflex.de\/wp-content\/uploads\/2021\/08\/au17-0298-muench-agb-english.pdf\" target=\"_blank\" rel=\"noopener\">ici en format PDF.<\/a>[\/vc_column_text][\/vc_column][\/vc_row]\n<\/div>","protected":false},"excerpt":{"rendered":"<p>[vc_row thb_full_width=\u00a0\u00bbtrue\u00a0\u00bb parallax=\u00a0\u00bbcontent-moving\u00a0\u00bb thb_divider_position=\u00a0\u00bbbottom\u00a0\u00bb css=\u00a0\u00bb.vc_custom_1556805173564{background-color: #000000 !important;background-position: center;background-repeat: no-repeat;background-size: contain !important;}\u00a0\u00bb][vc_column][vc_empty_space height=\u00a0\u00bb110px\u00a0\u00bb][\/vc_column][\/vc_row][vc_row thb_full_width=\u00a0\u00bbtrue\u00a0\u00bb thb_divider_position=\u00a0\u00bbbottom\u00a0\u00bb][vc_column][vc_empty_space height=\u00a0\u00bb80px\u00a0\u00bb][vc_custom_heading text=\u00a0\u00bbConditions g\u00e9n\u00e9rales de vente et informations l\u00e9gales\u00a0\u00bb font_container=\u00a0\u00bbtag:h1|font_size:2em|text_align:left\u00a0\u00bb google_fonts=\u00a0\u00bbfont_family:Noto%20Sans%3Aregular%2Citalic%2C700%2C700italic|font_style:700%20bold%20regular%3A700%3Anormal\u00a0\u00bb][vc_column_text] Conditions de vente et de livraison Vous pouvez t\u00e9l\u00e9charger nos conditions de vente et de livraison ici en format PDF.[\/vc_column_text][\/vc_column][\/vc_row]<\/p>\n","protected":false},"author":1,"featured_media":0,"parent":0,"menu_order":0,"comment_status":"closed","ping_status":"closed","template":"","meta":{"footnotes":""},"class_list":["post-6670","page","type-page","status-publish","hentry"],"yoast_head":"<!-- This site is optimized with the Yoast SEO Premium plugin v27.4 (Yoast SEO v27.4) - https:\/\/yoast.com\/product\/yoast-seo-premium-wordpress\/ -->\n<title>Conditions g\u00e9n\u00e9rales de vente \u2013 Niroflex<\/title>\n<meta name=\"description\" content=\"Conditions g\u00e9n\u00e9rales de vente et de livraison pour Niroflex\u202f: d\u00e9couvrez vos droits &amp; obligations.T\u00e9l\u00e9chargez le PDF et consultez les d\u00e9tails\" \/>\n<meta name=\"robots\" content=\"index, follow, max-snippet:-1, max-image-preview:large, max-video-preview:-1\" \/>\n<link rel=\"canonical\" href=\"https:\/\/niroflex.de\/fr\/cgv\/\" \/>\n<meta property=\"og:locale\" content=\"fr_FR\" \/>\n<meta property=\"og:type\" content=\"article\" \/>\n<meta property=\"og:title\" content=\"CGV\" \/>\n<meta property=\"og:description\" content=\"Conditions de vente et de livraison Vous pouvez t\u00e9l\u00e9charger nos conditions de vente et de livraison ici en format PDF.\" \/>\n<meta property=\"og:url\" content=\"https:\/\/niroflex.de\/fr\/cgv\/\" \/>\n<meta property=\"og:site_name\" content=\"Niroflex | Schnittschutzhandschuhe &amp; Kettenhandschuh\" \/>\n<meta property=\"article:publisher\" content=\"https:\/\/www.facebook.com\/people\/Friedrich-Mnch-GmbH-Co-KG\/100054195774984\/\" \/>\n<meta property=\"article:modified_time\" content=\"2025-11-13T18:58:25+00:00\" \/>\n<meta property=\"og:image\" content=\"https:\/\/niroflex.de\/wp-content\/uploads\/2019\/03\/Niroflex_Logo_2@.png\" \/>\n\t<meta property=\"og:image:width\" content=\"480\" \/>\n\t<meta property=\"og:image:height\" content=\"169\" \/>\n\t<meta property=\"og:image:type\" content=\"image\/png\" \/>\n<script type=\"application\/ld+json\" class=\"yoast-schema-graph\">{\"@context\":\"https:\\\/\\\/schema.org\",\"@graph\":[{\"@type\":\"WebPage\",\"@id\":\"https:\\\/\\\/niroflex.de\\\/fr\\\/cgv\\\/\",\"url\":\"https:\\\/\\\/niroflex.de\\\/fr\\\/cgv\\\/\",\"name\":\"Conditions g\u00e9n\u00e9rales de vente \u2013 Niroflex\",\"isPartOf\":{\"@id\":\"https:\\\/\\\/niroflex.de\\\/fr\\\/#website\"},\"datePublished\":\"2019-12-17T11:09:02+00:00\",\"dateModified\":\"2025-11-13T18:58:25+00:00\",\"description\":\"Conditions g\u00e9n\u00e9rales de vente et de livraison pour Niroflex\u202f: d\u00e9couvrez vos droits & obligations.T\u00e9l\u00e9chargez le PDF et consultez les d\u00e9tails\",\"breadcrumb\":{\"@id\":\"https:\\\/\\\/niroflex.de\\\/fr\\\/cgv\\\/#breadcrumb\"},\"inLanguage\":\"fr-FR\",\"potentialAction\":[{\"@type\":\"ReadAction\",\"target\":[\"https:\\\/\\\/niroflex.de\\\/fr\\\/cgv\\\/\"]}]},{\"@type\":\"BreadcrumbList\",\"@id\":\"https:\\\/\\\/niroflex.de\\\/fr\\\/cgv\\\/#breadcrumb\",\"itemListElement\":[{\"@type\":\"ListItem\",\"position\":1,\"name\":\"Startseite\",\"item\":\"https:\\\/\\\/niroflex.de\\\/fr\\\/\"},{\"@type\":\"ListItem\",\"position\":2,\"name\":\"CGV\"}]},{\"@type\":\"WebSite\",\"@id\":\"https:\\\/\\\/niroflex.de\\\/fr\\\/#website\",\"url\":\"https:\\\/\\\/niroflex.de\\\/fr\\\/\",\"name\":\"Niroflex | Schnittschutzhandschuhe & Kettenhandschuh\",\"description\":\"\",\"publisher\":{\"@id\":\"https:\\\/\\\/niroflex.de\\\/fr\\\/#organization\"},\"potentialAction\":[{\"@type\":\"SearchAction\",\"target\":{\"@type\":\"EntryPoint\",\"urlTemplate\":\"https:\\\/\\\/niroflex.de\\\/fr\\\/?s={search_term_string}\"},\"query-input\":{\"@type\":\"PropertyValueSpecification\",\"valueRequired\":true,\"valueName\":\"search_term_string\"}}],\"inLanguage\":\"fr-FR\"},{\"@type\":\"Organization\",\"@id\":\"https:\\\/\\\/niroflex.de\\\/fr\\\/#organization\",\"name\":\"Friedrich M\u00fcnch GmbH + Co KG\",\"url\":\"https:\\\/\\\/niroflex.de\\\/fr\\\/\",\"logo\":{\"@type\":\"ImageObject\",\"inLanguage\":\"fr-FR\",\"@id\":\"https:\\\/\\\/niroflex.de\\\/fr\\\/#\\\/schema\\\/logo\\\/image\\\/\",\"url\":\"https:\\\/\\\/niroflex.de\\\/wp-content\\\/uploads\\\/2019\\\/03\\\/Niroflex_Logo_2@.png\",\"contentUrl\":\"https:\\\/\\\/niroflex.de\\\/wp-content\\\/uploads\\\/2019\\\/03\\\/Niroflex_Logo_2@.png\",\"width\":480,\"height\":169,\"caption\":\"Friedrich M\u00fcnch GmbH + Co KG\"},\"image\":{\"@id\":\"https:\\\/\\\/niroflex.de\\\/fr\\\/#\\\/schema\\\/logo\\\/image\\\/\"},\"sameAs\":[\"https:\\\/\\\/www.facebook.com\\\/people\\\/Friedrich-Mnch-GmbH-Co-KG\\\/100054195774984\\\/\"],\"email\":\"info@niroflex.de\",\"telephone\":\"+49 7041 9544-0\",\"legalName\":\"Friedrich M\u00fcnch GmbH + Co KG\"}]}<\/script>\n<!-- \/ Yoast SEO Premium plugin. -->","yoast_head_json":{"title":"Conditions g\u00e9n\u00e9rales de vente \u2013 Niroflex","description":"Conditions g\u00e9n\u00e9rales de vente et de livraison pour Niroflex\u202f: d\u00e9couvrez vos droits & obligations.T\u00e9l\u00e9chargez le PDF et consultez les d\u00e9tails","robots":{"index":"index","follow":"follow","max-snippet":"max-snippet:-1","max-image-preview":"max-image-preview:large","max-video-preview":"max-video-preview:-1"},"canonical":"https:\/\/niroflex.de\/fr\/cgv\/","og_locale":"fr_FR","og_type":"article","og_title":"CGV","og_description":"Conditions de vente et de livraison Vous pouvez t\u00e9l\u00e9charger nos conditions de vente et de livraison ici en format PDF.","og_url":"https:\/\/niroflex.de\/fr\/cgv\/","og_site_name":"Niroflex | Schnittschutzhandschuhe &amp; Kettenhandschuh","article_publisher":"https:\/\/www.facebook.com\/people\/Friedrich-Mnch-GmbH-Co-KG\/100054195774984\/","article_modified_time":"2025-11-13T18:58:25+00:00","og_image":[{"width":480,"height":169,"url":"https:\/\/niroflex.de\/wp-content\/uploads\/2019\/03\/Niroflex_Logo_2@.png","type":"image\/png"}],"schema":{"@context":"https:\/\/schema.org","@graph":[{"@type":"WebPage","@id":"https:\/\/niroflex.de\/fr\/cgv\/","url":"https:\/\/niroflex.de\/fr\/cgv\/","name":"Conditions g\u00e9n\u00e9rales de vente \u2013 Niroflex","isPartOf":{"@id":"https:\/\/niroflex.de\/fr\/#website"},"datePublished":"2019-12-17T11:09:02+00:00","dateModified":"2025-11-13T18:58:25+00:00","description":"Conditions g\u00e9n\u00e9rales de vente et de livraison pour Niroflex\u202f: d\u00e9couvrez vos droits & obligations.T\u00e9l\u00e9chargez le PDF et consultez les d\u00e9tails","breadcrumb":{"@id":"https:\/\/niroflex.de\/fr\/cgv\/#breadcrumb"},"inLanguage":"fr-FR","potentialAction":[{"@type":"ReadAction","target":["https:\/\/niroflex.de\/fr\/cgv\/"]}]},{"@type":"BreadcrumbList","@id":"https:\/\/niroflex.de\/fr\/cgv\/#breadcrumb","itemListElement":[{"@type":"ListItem","position":1,"name":"Startseite","item":"https:\/\/niroflex.de\/fr\/"},{"@type":"ListItem","position":2,"name":"CGV"}]},{"@type":"WebSite","@id":"https:\/\/niroflex.de\/fr\/#website","url":"https:\/\/niroflex.de\/fr\/","name":"Niroflex | Schnittschutzhandschuhe & Kettenhandschuh","description":"","publisher":{"@id":"https:\/\/niroflex.de\/fr\/#organization"},"potentialAction":[{"@type":"SearchAction","target":{"@type":"EntryPoint","urlTemplate":"https:\/\/niroflex.de\/fr\/?s={search_term_string}"},"query-input":{"@type":"PropertyValueSpecification","valueRequired":true,"valueName":"search_term_string"}}],"inLanguage":"fr-FR"},{"@type":"Organization","@id":"https:\/\/niroflex.de\/fr\/#organization","name":"Friedrich M\u00fcnch GmbH + Co KG","url":"https:\/\/niroflex.de\/fr\/","logo":{"@type":"ImageObject","inLanguage":"fr-FR","@id":"https:\/\/niroflex.de\/fr\/#\/schema\/logo\/image\/","url":"https:\/\/niroflex.de\/wp-content\/uploads\/2019\/03\/Niroflex_Logo_2@.png","contentUrl":"https:\/\/niroflex.de\/wp-content\/uploads\/2019\/03\/Niroflex_Logo_2@.png","width":480,"height":169,"caption":"Friedrich M\u00fcnch GmbH + Co KG"},"image":{"@id":"https:\/\/niroflex.de\/fr\/#\/schema\/logo\/image\/"},"sameAs":["https:\/\/www.facebook.com\/people\/Friedrich-Mnch-GmbH-Co-KG\/100054195774984\/"],"email":"info@niroflex.de","telephone":"+49 7041 9544-0","legalName":"Friedrich M\u00fcnch GmbH + Co KG"}]}},"_links":{"self":[{"href":"https:\/\/niroflex.de\/fr\/wp-json\/wp\/v2\/pages\/6670","targetHints":{"allow":["GET"]}}],"collection":[{"href":"https:\/\/niroflex.de\/fr\/wp-json\/wp\/v2\/pages"}],"about":[{"href":"https:\/\/niroflex.de\/fr\/wp-json\/wp\/v2\/types\/page"}],"author":[{"embeddable":true,"href":"https:\/\/niroflex.de\/fr\/wp-json\/wp\/v2\/users\/1"}],"replies":[{"embeddable":true,"href":"https:\/\/niroflex.de\/fr\/wp-json\/wp\/v2\/comments?post=6670"}],"version-history":[{"count":7,"href":"https:\/\/niroflex.de\/fr\/wp-json\/wp\/v2\/pages\/6670\/revisions"}],"predecessor-version":[{"id":19843,"href":"https:\/\/niroflex.de\/fr\/wp-json\/wp\/v2\/pages\/6670\/revisions\/19843"}],"wp:attachment":[{"href":"https:\/\/niroflex.de\/fr\/wp-json\/wp\/v2\/media?parent=6670"}],"curies":[{"name":"wp","href":"https:\/\/api.w.org\/{rel}","templated":true}]}}