{"id":5779,"date":"2019-11-28T13:54:45","date_gmt":"2019-11-28T12:54:45","guid":{"rendered":"https:\/\/niroflex.de\/empreinte\/"},"modified":"2025-04-29T14:51:17","modified_gmt":"2025-04-29T12:51:17","slug":"empreinte","status":"publish","type":"page","link":"https:\/\/niroflex.de\/fr\/empreinte\/","title":{"rendered":"Empreinte"},"content":{"rendered":"<div class=\"wpb-content-wrapper\">[vc_row thb_full_width=\u00a0\u00bbtrue\u00a0\u00bb parallax=\u00a0\u00bbcontent-moving\u00a0\u00bb thb_divider_position=\u00a0\u00bbbottom\u00a0\u00bb css=\u00a0\u00bb.vc_custom_1556805173564{background-color: #000000 !important;background-position: center;background-repeat: no-repeat;background-size:contain !important;}\u00a0\u00bb][vc_column][vc_empty_space height=\u00a0\u00bb110px\u00a0\u00bb][\/vc_column][\/vc_row][vc_row thb_divider_position=\u00a0\u00bbbottom\u00a0\u00bb][vc_column][vc_empty_space height=\u00a0\u00bb80px\u00a0\u00bb][vc_column_text css=\u00a0\u00bb\u00a0\u00bb]\n<div id=\"outerwrapper\">\n<div class=\"wrapper\">\n<div id=\"imainup\">\n<div class=\"row\">\n<h1 style=\"font-size: 2em;\">Empreinte<\/h1>\n<div class=\"span3_2\">\n<p>Friedrich M\u00fcnch GmbH + Co KG<br \/>\nIn den Wald\u00e4ckern 10<br \/>\nD-75417 M\u00fchlacker \/ Germany<br \/>\nPhone : +49 7041 9544-0<br \/>\nTelefax : +49 7041 9544-55<\/p>\n<p>La soci\u00e9t\u00e9 Friedrich M\u00fcnch GmbH + Co KG est une soci\u00e9t\u00e9 en commandite simple dont le si\u00e8ge est \u00e0 M\u00fchlacker, Amtsgericht Mannheim HRA 510 163<\/p>\n<p>L&rsquo;associ\u00e9 personnellement responsable est la M\u00fcnch Verwaltungs-GmbH dont le si\u00e8ge est \u00e0 M\u00fchlacker, Amtsgericht Mannheim HRB 510 391 et M. Thomas Zaphiris-M\u00fcnch<\/p>\n<p>Le num\u00e9ro de TVA est le suivant : DE144528292<\/p>\n<p>G\u00e9rant : J\u00f6rg Sch\u00fcle<\/p>\n<p><strong>Avis de confidentialit\u00e9<\/strong><br \/>\nCe site web utilise Google Analytics, un service d&rsquo;analyse web de Google Inc. (\u00ab Google \u00bb) Google Analytics utilise des \u00ab cookies \u00bb, des fichiers texte qui sont enregistr\u00e9s sur votre ordinateur et qui permettent d&rsquo;analyser votre utilisation du site web.<\/p>\n<p>Les donn\u00e9es g\u00e9n\u00e9r\u00e9es par les cookies concernant votre utilisation du site (y compris votre adresse IP) seront transmises et stock\u00e9es par Google sur des serveurs situ\u00e9s aux Etats-Unis. Google utilisera cette information dans le but d&rsquo;\u00e9valuer votre utilisation du site, de compiler des rapports sur l&rsquo;activit\u00e9 du site \u00e0 destination de son \u00e9diteur et de fournir d&rsquo;autres services relatifs \u00e0 l&rsquo;activit\u00e9 du site et \u00e0 l&rsquo;utilisation d&rsquo;Internet. Le cas \u00e9ch\u00e9ant, Google transmettra \u00e9galement ces informations \u00e0 des tiers, dans la mesure o\u00f9 cela est prescrit par la loi ou si des tiers traitent ces donn\u00e9es pour le compte de Google. Google n&rsquo;associera en aucun cas votre adresse IP \u00e0 d&rsquo;autres donn\u00e9es.<\/p>\n<p>Vous pouvez emp\u00eacher l&rsquo;installation des cookies en param\u00e9trant votre navigateur en cons\u00e9quence ; nous attirons toutefois votre attention sur le fait que, dans ce cas, vous ne pourrez peut-\u00eatre pas utiliser toutes les fonctions de ce site web dans leur int\u00e9gralit\u00e9.<\/p>\n<p>En utilisant ce site web, vous acceptez que les donn\u00e9es collect\u00e9es \u00e0 votre sujet par Google soient trait\u00e9es de la mani\u00e8re et aux fins d\u00e9crites ci-dessus.<\/p>\n<p><strong>Disclaimer<\/strong><br \/>\n<strong>1. Contenu de l&rsquo;offre en ligne<\/strong><br \/>\nLa soci\u00e9t\u00e9 Friedrich M\u00fcnch GmbH + Co KG n&rsquo;assume aucune garantie quant \u00e0 l&rsquo;actualit\u00e9, l&rsquo;exactitude, l&rsquo;exhaustivit\u00e9 ou la qualit\u00e9 des informations mises \u00e0 disposition.<\/p>\n<p>Toute pr\u00e9tention en responsabilit\u00e9 \u00e0 l&rsquo;encontre de l&rsquo;auteur se rapportant \u00e0 des dommages mat\u00e9riels ou immat\u00e9riels caus\u00e9s par l&rsquo;utilisation ou la non-utilisation des informations pr\u00e9sent\u00e9es ou par l&rsquo;utilisation d&rsquo;informations erron\u00e9es ou incompl\u00e8tes est fondamentalement exclue, dans la mesure o\u00f9 il n&rsquo;est pas prouv\u00e9 que l&rsquo;auteur a commis une faute intentionnelle ou une n\u00e9gligence grave. Toutes les offres sont sans engagement et non contractuelles.<\/p>\n<p>L&rsquo;auteur se r\u00e9serve express\u00e9ment le droit de modifier, de compl\u00e9ter ou de supprimer des parties de pages ou l&rsquo;ensemble de l&rsquo;offre sans avis pr\u00e9alable, ou d&rsquo;en suspendre temporairement ou d\u00e9finitivement la publication.<\/p>\n<p><strong>2. renvois et liens<\/strong><br \/>\nEn cas de renvois directs ou indirects \u00e0 des pages Internet externes (\u00ab liens \u00bb) qui ne rel\u00e8vent pas de la responsabilit\u00e9 de l&rsquo;auteur, une obligation de responsabilit\u00e9 entrerait exclusivement en vigueur dans le cas o\u00f9 l&rsquo;auteur aurait connaissance des contenus et qu&rsquo;il lui serait techniquement possible et raisonnable d&#8217;emp\u00eacher l&rsquo;utilisation en cas de contenus ill\u00e9gaux.<\/p>\n<p>L&rsquo;auteur d\u00e9clare express\u00e9ment par la pr\u00e9sente qu&rsquo;au moment de l&rsquo;\u00e9tablissement des liens, aucun contenu ill\u00e9gal n&rsquo;\u00e9tait identifiable sur les pages \u00e0 relier. L&rsquo;auteur n&rsquo;a aucune influence sur la conception actuelle et future, les contenus ou la paternit\u00e9 des pages li\u00e9es\/associ\u00e9es. C&rsquo;est pourquoi il se distancie express\u00e9ment par la pr\u00e9sente de tous les contenus de toutes les pages li\u00e9es\/associ\u00e9es qui ont \u00e9t\u00e9 modifi\u00e9es apr\u00e8s l&rsquo;\u00e9tablissement des liens. Cette constatation s&rsquo;applique \u00e0 tous les liens et renvois plac\u00e9s au sein de la propre offre Internet ainsi qu&rsquo;aux inscriptions de tiers dans les livres d&rsquo;or, forums de discussion et listes de diffusion mis en place par l&rsquo;auteur.<\/p>\n<p>Seul le fournisseur de la page \u00e0 laquelle il a \u00e9t\u00e9 renvoy\u00e9 est responsable des contenus ill\u00e9gaux, erron\u00e9s ou incomplets et en particulier des dommages r\u00e9sultant de l&rsquo;utilisation ou de la non-utilisation des informations ainsi pr\u00e9sent\u00e9es, et non celui qui ne fait que renvoyer \u00e0 la publication concern\u00e9e par le biais de liens.<\/p>\n<p><strong>3. protection des donn\u00e9es<\/strong><br \/>\nDans la mesure o\u00f9 l&rsquo;offre Internet permet de saisir des donn\u00e9es personnelles ou professionnelles (adresses e-mail, noms, adresses), la divulgation de ces donn\u00e9es par l&rsquo;utilisateur se fait express\u00e9ment sur une base volontaire.<\/p>\n<p>L&rsquo;utilisation et le paiement de tous les services propos\u00e9s sont \u00e9galement autoris\u00e9s &#8211; dans la mesure o\u00f9 cela est techniquement possible et raisonnable &#8211; sans indication de telles donn\u00e9es ou en indiquant des donn\u00e9es anonymes ou un pseudonyme.<\/p>\n<p><strong>4. validit\u00e9 juridique de cette exclusion de responsabilit\u00e9<\/strong><br \/>\nCette exclusion de responsabilit\u00e9 doit \u00eatre consid\u00e9r\u00e9e comme faisant partie de l&rsquo;offre Internet \u00e0 partir de laquelle il a \u00e9t\u00e9 renvoy\u00e9 \u00e0 cette page. Si des parties ou certaines formulations de ce texte ne devaient pas, plus ou pas enti\u00e8rement correspondre \u00e0 la situation juridique en vigueur, les autres parties du document n&rsquo;en seraient pas affect\u00e9es dans leur contenu et leur validit\u00e9.<\/p>\n<\/div>\n<\/div>\n<\/div>\n<\/div>\n<\/div>\n[\/vc_column_text][\/vc_column][\/vc_row]\n<\/div>","protected":false},"excerpt":{"rendered":"<p>[vc_row thb_full_width=\u00a0\u00bbtrue\u00a0\u00bb parallax=\u00a0\u00bbcontent-moving\u00a0\u00bb thb_divider_position=\u00a0\u00bbbottom\u00a0\u00bb css=\u00a0\u00bb.vc_custom_1556805173564{background-color: #000000 !important;background-position: center;background-repeat: no-repeat;background-size:contain !important;}\u00a0\u00bb][vc_column][vc_empty_space height=\u00a0\u00bb110px\u00a0\u00bb][\/vc_column][\/vc_row][vc_row thb_divider_position=\u00a0\u00bbbottom\u00a0\u00bb][vc_column][vc_empty_space height=\u00a0\u00bb80px\u00a0\u00bb][vc_column_text css=\u00a0\u00bb\u00a0\u00bb] Empreinte Friedrich M\u00fcnch GmbH + Co KG In den Wald\u00e4ckern 10 D-75417 M\u00fchlacker \/ Germany Phone : +49 7041 9544-0 Telefax : +49 7041 9544-55 La soci\u00e9t\u00e9 Friedrich M\u00fcnch GmbH + Co KG est une soci\u00e9t\u00e9 en commandite simple dont le&hellip;<\/p>\n","protected":false},"author":1,"featured_media":0,"parent":0,"menu_order":0,"comment_status":"closed","ping_status":"closed","template":"","meta":{"_glsr_average":0,"_glsr_ranking":0,"_glsr_reviews":0,"footnotes":""},"class_list":["post-5779","page","type-page","status-publish","hentry"],"yoast_head":"<!-- This site is optimized with the Yoast SEO Premium plugin v26.6 (Yoast SEO v26.6) - https:\/\/yoast.com\/wordpress\/plugins\/seo\/ -->\n<title>Empreinte | Niroflex, Friedrich M\u00fcnch GmbH<\/title>\n<meta name=\"description\" content=\"Empreinte : Niroflex | Schnittschutzhandschuhe &amp; Kettenhandschuh Niroflex, Friedrich M\u00fcnch GmbH\" \/>\n<meta name=\"robots\" content=\"index, follow, max-snippet:-1, max-image-preview:large, max-video-preview:-1\" \/>\n<link rel=\"canonical\" href=\"https:\/\/niroflex.de\/fr\/empreinte\/\" \/>\n<meta property=\"og:locale\" content=\"fr_FR\" \/>\n<meta property=\"og:type\" content=\"article\" \/>\n<meta property=\"og:title\" content=\"Empreinte\" \/>\n<meta property=\"og:description\" content=\"Empreinte Friedrich M\u00fcnch GmbH + Co KG In den Wald\u00e4ckern 10 D-75417 M\u00fchlacker \/ Germany Phone : +49 7041 9544-0 Telefax : +49 7041 9544-55 La soci\u00e9t\u00e9\" \/>\n<meta property=\"og:url\" content=\"https:\/\/niroflex.de\/fr\/empreinte\/\" \/>\n<meta property=\"og:site_name\" content=\"Niroflex | Schnittschutzhandschuhe &amp; Kettenhandschuh\" \/>\n<meta property=\"article:publisher\" content=\"https:\/\/www.facebook.com\/people\/Friedrich-Mnch-GmbH-Co-KG\/100054195774984\/\" \/>\n<meta property=\"article:modified_time\" content=\"2025-04-29T12:51:17+00:00\" \/>\n<meta property=\"og:image\" content=\"https:\/\/niroflex.de\/wp-content\/uploads\/2019\/03\/Niroflex_Logo_2@.png\" \/>\n\t<meta property=\"og:image:width\" content=\"480\" \/>\n\t<meta property=\"og:image:height\" content=\"169\" \/>\n\t<meta property=\"og:image:type\" content=\"image\/png\" \/>\n<script type=\"application\/ld+json\" class=\"yoast-schema-graph\">{\"@context\":\"https:\/\/schema.org\",\"@graph\":[{\"@type\":\"WebPage\",\"@id\":\"https:\/\/niroflex.de\/fr\/empreinte\/\",\"url\":\"https:\/\/niroflex.de\/fr\/empreinte\/\",\"name\":\"Empreinte | Niroflex, Friedrich M\u00fcnch GmbH\",\"isPartOf\":{\"@id\":\"https:\/\/niroflex.de\/fr\/#website\"},\"datePublished\":\"2019-11-28T12:54:45+00:00\",\"dateModified\":\"2025-04-29T12:51:17+00:00\",\"description\":\"Empreinte : Niroflex | Schnittschutzhandschuhe &amp; Kettenhandschuh Niroflex, Friedrich M\u00fcnch GmbH\",\"breadcrumb\":{\"@id\":\"https:\/\/niroflex.de\/fr\/empreinte\/#breadcrumb\"},\"inLanguage\":\"fr-FR\",\"potentialAction\":[{\"@type\":\"ReadAction\",\"target\":[\"https:\/\/niroflex.de\/fr\/empreinte\/\"]}]},{\"@type\":\"BreadcrumbList\",\"@id\":\"https:\/\/niroflex.de\/fr\/empreinte\/#breadcrumb\",\"itemListElement\":[{\"@type\":\"ListItem\",\"position\":1,\"name\":\"Startseite\",\"item\":\"https:\/\/niroflex.de\/fr\/\"},{\"@type\":\"ListItem\",\"position\":2,\"name\":\"Empreinte\"}]},{\"@type\":\"WebSite\",\"@id\":\"https:\/\/niroflex.de\/fr\/#website\",\"url\":\"https:\/\/niroflex.de\/fr\/\",\"name\":\"Niroflex | Schnittschutzhandschuhe & Kettenhandschuh\",\"description\":\"\",\"publisher\":{\"@id\":\"https:\/\/niroflex.de\/fr\/#organization\"},\"potentialAction\":[{\"@type\":\"SearchAction\",\"target\":{\"@type\":\"EntryPoint\",\"urlTemplate\":\"https:\/\/niroflex.de\/fr\/?s={search_term_string}\"},\"query-input\":{\"@type\":\"PropertyValueSpecification\",\"valueRequired\":true,\"valueName\":\"search_term_string\"}}],\"inLanguage\":\"fr-FR\"},{\"@type\":\"Organization\",\"@id\":\"https:\/\/niroflex.de\/fr\/#organization\",\"name\":\"Friedrich M\u00fcnch GmbH + Co KG\",\"url\":\"https:\/\/niroflex.de\/fr\/\",\"logo\":{\"@type\":\"ImageObject\",\"inLanguage\":\"fr-FR\",\"@id\":\"https:\/\/niroflex.de\/fr\/#\/schema\/logo\/image\/\",\"url\":\"https:\/\/niroflex.de\/wp-content\/uploads\/2019\/03\/Niroflex_Logo_2@.png\",\"contentUrl\":\"https:\/\/niroflex.de\/wp-content\/uploads\/2019\/03\/Niroflex_Logo_2@.png\",\"width\":480,\"height\":169,\"caption\":\"Friedrich M\u00fcnch GmbH + Co KG\"},\"image\":{\"@id\":\"https:\/\/niroflex.de\/fr\/#\/schema\/logo\/image\/\"},\"sameAs\":[\"https:\/\/www.facebook.com\/people\/Friedrich-Mnch-GmbH-Co-KG\/100054195774984\/\"],\"email\":\"info@niroflex.de\",\"telephone\":\"+49 7041 9544-0\",\"legalName\":\"Friedrich M\u00fcnch GmbH + Co KG\"}]}<\/script>\n<!-- \/ Yoast SEO Premium plugin. -->","yoast_head_json":{"title":"Empreinte | Niroflex, Friedrich M\u00fcnch GmbH","description":"Empreinte : Niroflex | Schnittschutzhandschuhe &amp; Kettenhandschuh Niroflex, Friedrich M\u00fcnch GmbH","robots":{"index":"index","follow":"follow","max-snippet":"max-snippet:-1","max-image-preview":"max-image-preview:large","max-video-preview":"max-video-preview:-1"},"canonical":"https:\/\/niroflex.de\/fr\/empreinte\/","og_locale":"fr_FR","og_type":"article","og_title":"Empreinte","og_description":"Empreinte Friedrich M\u00fcnch GmbH + Co KG In den Wald\u00e4ckern 10 D-75417 M\u00fchlacker \/ Germany Phone : +49 7041 9544-0 Telefax : +49 7041 9544-55 La soci\u00e9t\u00e9","og_url":"https:\/\/niroflex.de\/fr\/empreinte\/","og_site_name":"Niroflex | Schnittschutzhandschuhe &amp; Kettenhandschuh","article_publisher":"https:\/\/www.facebook.com\/people\/Friedrich-Mnch-GmbH-Co-KG\/100054195774984\/","article_modified_time":"2025-04-29T12:51:17+00:00","og_image":[{"width":480,"height":169,"url":"https:\/\/niroflex.de\/wp-content\/uploads\/2019\/03\/Niroflex_Logo_2@.png","type":"image\/png"}],"schema":{"@context":"https:\/\/schema.org","@graph":[{"@type":"WebPage","@id":"https:\/\/niroflex.de\/fr\/empreinte\/","url":"https:\/\/niroflex.de\/fr\/empreinte\/","name":"Empreinte | Niroflex, Friedrich M\u00fcnch GmbH","isPartOf":{"@id":"https:\/\/niroflex.de\/fr\/#website"},"datePublished":"2019-11-28T12:54:45+00:00","dateModified":"2025-04-29T12:51:17+00:00","description":"Empreinte : Niroflex | Schnittschutzhandschuhe &amp; Kettenhandschuh Niroflex, Friedrich M\u00fcnch GmbH","breadcrumb":{"@id":"https:\/\/niroflex.de\/fr\/empreinte\/#breadcrumb"},"inLanguage":"fr-FR","potentialAction":[{"@type":"ReadAction","target":["https:\/\/niroflex.de\/fr\/empreinte\/"]}]},{"@type":"BreadcrumbList","@id":"https:\/\/niroflex.de\/fr\/empreinte\/#breadcrumb","itemListElement":[{"@type":"ListItem","position":1,"name":"Startseite","item":"https:\/\/niroflex.de\/fr\/"},{"@type":"ListItem","position":2,"name":"Empreinte"}]},{"@type":"WebSite","@id":"https:\/\/niroflex.de\/fr\/#website","url":"https:\/\/niroflex.de\/fr\/","name":"Niroflex | Schnittschutzhandschuhe & Kettenhandschuh","description":"","publisher":{"@id":"https:\/\/niroflex.de\/fr\/#organization"},"potentialAction":[{"@type":"SearchAction","target":{"@type":"EntryPoint","urlTemplate":"https:\/\/niroflex.de\/fr\/?s={search_term_string}"},"query-input":{"@type":"PropertyValueSpecification","valueRequired":true,"valueName":"search_term_string"}}],"inLanguage":"fr-FR"},{"@type":"Organization","@id":"https:\/\/niroflex.de\/fr\/#organization","name":"Friedrich M\u00fcnch GmbH + Co KG","url":"https:\/\/niroflex.de\/fr\/","logo":{"@type":"ImageObject","inLanguage":"fr-FR","@id":"https:\/\/niroflex.de\/fr\/#\/schema\/logo\/image\/","url":"https:\/\/niroflex.de\/wp-content\/uploads\/2019\/03\/Niroflex_Logo_2@.png","contentUrl":"https:\/\/niroflex.de\/wp-content\/uploads\/2019\/03\/Niroflex_Logo_2@.png","width":480,"height":169,"caption":"Friedrich M\u00fcnch GmbH + Co KG"},"image":{"@id":"https:\/\/niroflex.de\/fr\/#\/schema\/logo\/image\/"},"sameAs":["https:\/\/www.facebook.com\/people\/Friedrich-Mnch-GmbH-Co-KG\/100054195774984\/"],"email":"info@niroflex.de","telephone":"+49 7041 9544-0","legalName":"Friedrich M\u00fcnch GmbH + Co KG"}]}},"_links":{"self":[{"href":"https:\/\/niroflex.de\/fr\/wp-json\/wp\/v2\/pages\/5779","targetHints":{"allow":["GET"]}}],"collection":[{"href":"https:\/\/niroflex.de\/fr\/wp-json\/wp\/v2\/pages"}],"about":[{"href":"https:\/\/niroflex.de\/fr\/wp-json\/wp\/v2\/types\/page"}],"author":[{"embeddable":true,"href":"https:\/\/niroflex.de\/fr\/wp-json\/wp\/v2\/users\/1"}],"replies":[{"embeddable":true,"href":"https:\/\/niroflex.de\/fr\/wp-json\/wp\/v2\/comments?post=5779"}],"version-history":[{"count":7,"href":"https:\/\/niroflex.de\/fr\/wp-json\/wp\/v2\/pages\/5779\/revisions"}],"predecessor-version":[{"id":17988,"href":"https:\/\/niroflex.de\/fr\/wp-json\/wp\/v2\/pages\/5779\/revisions\/17988"}],"wp:attachment":[{"href":"https:\/\/niroflex.de\/fr\/wp-json\/wp\/v2\/media?parent=5779"}],"curies":[{"name":"wp","href":"https:\/\/api.w.org\/{rel}","templated":true}]}}