{"id":5749,"date":"2019-11-28T12:50:19","date_gmt":"2019-11-28T11:50:19","guid":{"rendered":"https:\/\/niroflex.de\/service-client\/"},"modified":"2025-11-12T13:55:58","modified_gmt":"2025-11-12T12:55:58","slug":"service-client","status":"publish","type":"page","link":"https:\/\/niroflex.de\/fr\/service-client\/","title":{"rendered":"Service client"},"content":{"rendered":"<div class=\"wpb-content-wrapper\">[vc_row thb_full_width=\u00a0\u00bbtrue\u00a0\u00bb parallax=\u00a0\u00bbcontent-moving\u00a0\u00bb thb_divider_position=\u00a0\u00bbbottom\u00a0\u00bb css=\u00a0\u00bb.vc_custom_1556805173564{background-color: #000000 !important;background-position: center;background-repeat: no-repeat;background-size:contain !important;}\u00a0\u00bb][vc_column][vc_empty_space height=\u00a0\u00bb110px\u00a0\u00bb][\/vc_column][\/vc_row][vc_row thb_divider_position=\u00a0\u00bbbottom\u00a0\u00bb][vc_column][vc_empty_space height=\u00a0\u00bb80px\u00a0\u00bb][vc_column_text css=\u00a0\u00bb\u00a0\u00bb]\n<h1>Service client complet<\/h1>\n<h2>Solutions orient\u00e9es vers le client<\/h2>\n<ul>\n<li>D\u00e9veloppement d&rsquo;\u00e9quipements de protection individuelle pour toutes les applications<\/li>\n<li>Conception de solutions en mailles m\u00e9talliques pour expositions, d\u00e9coration int\u00e9rieure et ext\u00e9rieure, design industriel<\/li>\n<li>Dispositifs de s\u00e9curit\u00e9 pour applications industrielles et installations publiques<\/li>\n<li>Mailles m\u00e9talliques pour la mode et la bijouterie<\/li>\n<li>Recherche et d\u00e9veloppement de futures applications en mailles<\/li>\n<\/ul>\n<h3>Service distributeur<\/h3>\n<ul>\n<li>Aide \u00e0 la cr\u00e9ation de publicit\u00e9s, de catalogues et de mailings<\/li>\n<li>Assistance lors de salons et \u00e9v\u00e9nements commerciaux<\/li>\n<li>Formation \u00e0 la vente<\/li>\n<li>Visites conjointes des clients<\/li>\n<li>D\u00e9veloppement de produits sur mesure<\/li>\n<\/ul>\n<h3>Service de r\u00e9paration<\/h3>\n<ul>\n<li>R\u00e9paration de tous les produits en mailles<\/li>\n<li>Pi\u00e8ces de rechange d\u2019origine<\/li>\n<li>Service de remplacement pour les boucles et les sangles<\/li>\n<li>Ajustement de la taille des gants en raccourcissant et en rallongeant les doigts<\/li>\n<\/ul>\n<h3>Service Premium<\/h3>\n<ul>\n<li>Tous les produits peuvent \u00eatre adapt\u00e9s aux besoins de chaque client<\/li>\n<li>Des plaquettes \u00e0 code-barres pour le suivi des gants sont disponibles sur demande<\/li>\n<li>Plaquettes suppl\u00e9mentaires pour un marquage personnel<\/li>\n<\/ul>\n[\/vc_column_text][\/vc_column][\/vc_row]\n<\/div>","protected":false},"excerpt":{"rendered":"<p>[vc_row thb_full_width=\u00a0\u00bbtrue\u00a0\u00bb parallax=\u00a0\u00bbcontent-moving\u00a0\u00bb thb_divider_position=\u00a0\u00bbbottom\u00a0\u00bb css=\u00a0\u00bb.vc_custom_1556805173564{background-color: #000000 !important;background-position: center;background-repeat: no-repeat;background-size:contain !important;}\u00a0\u00bb][vc_column][vc_empty_space height=\u00a0\u00bb110px\u00a0\u00bb][\/vc_column][\/vc_row][vc_row thb_divider_position=\u00a0\u00bbbottom\u00a0\u00bb][vc_column][vc_empty_space height=\u00a0\u00bb80px\u00a0\u00bb][vc_column_text css=\u00a0\u00bb\u00a0\u00bb] Service client complet Solutions orient\u00e9es vers le client D\u00e9veloppement d&rsquo;\u00e9quipements de protection individuelle pour toutes les applications Conception de solutions en mailles m\u00e9talliques pour expositions, d\u00e9coration int\u00e9rieure et ext\u00e9rieure, design industriel Dispositifs de s\u00e9curit\u00e9 pour applications industrielles et installations publiques Mailles&hellip;<\/p>\n","protected":false},"author":1,"featured_media":0,"parent":0,"menu_order":0,"comment_status":"closed","ping_status":"closed","template":"","meta":{"_glsr_average":0,"_glsr_ranking":0,"_glsr_reviews":0,"footnotes":""},"class_list":["post-5749","page","type-page","status-publish","hentry"],"yoast_head":"<!-- This site is optimized with the Yoast SEO Premium plugin v26.6 (Yoast SEO v26.6) - https:\/\/yoast.com\/wordpress\/plugins\/seo\/ -->\n<title>Service client | Niroflex, Friedrich M\u00fcnch GmbH<\/title>\n<meta name=\"description\" content=\"Service client : Niroflex | Schnittschutzhandschuhe &amp; Kettenhandschuh Niroflex, Friedrich M\u00fcnch GmbH\" \/>\n<meta name=\"robots\" content=\"index, follow, max-snippet:-1, max-image-preview:large, max-video-preview:-1\" \/>\n<link rel=\"canonical\" href=\"https:\/\/niroflex.de\/fr\/service-client\/\" \/>\n<meta property=\"og:locale\" content=\"fr_FR\" \/>\n<meta property=\"og:type\" content=\"article\" \/>\n<meta property=\"og:title\" content=\"Service client\" \/>\n<meta property=\"og:description\" content=\"Service client complet Solutions orient\u00e9es vers le client D\u00e9veloppement d&#039;\u00e9quipements de protection individuelle pour toutes les applications Conception\" \/>\n<meta property=\"og:url\" content=\"https:\/\/niroflex.de\/fr\/service-client\/\" \/>\n<meta property=\"og:site_name\" content=\"Niroflex | Schnittschutzhandschuhe &amp; Kettenhandschuh\" \/>\n<meta property=\"article:publisher\" content=\"https:\/\/www.facebook.com\/people\/Friedrich-Mnch-GmbH-Co-KG\/100054195774984\/\" \/>\n<meta property=\"article:modified_time\" content=\"2025-11-12T12:55:58+00:00\" \/>\n<meta property=\"og:image\" content=\"https:\/\/niroflex.de\/wp-content\/uploads\/2019\/03\/Niroflex_Logo_2@.png\" \/>\n\t<meta property=\"og:image:width\" content=\"480\" \/>\n\t<meta property=\"og:image:height\" content=\"169\" \/>\n\t<meta property=\"og:image:type\" content=\"image\/png\" \/>\n<script type=\"application\/ld+json\" class=\"yoast-schema-graph\">{\"@context\":\"https:\/\/schema.org\",\"@graph\":[{\"@type\":\"WebPage\",\"@id\":\"https:\/\/niroflex.de\/fr\/service-client\/\",\"url\":\"https:\/\/niroflex.de\/fr\/service-client\/\",\"name\":\"Service client | Niroflex, Friedrich M\u00fcnch GmbH\",\"isPartOf\":{\"@id\":\"https:\/\/niroflex.de\/fr\/#website\"},\"datePublished\":\"2019-11-28T11:50:19+00:00\",\"dateModified\":\"2025-11-12T12:55:58+00:00\",\"description\":\"Service client : Niroflex | Schnittschutzhandschuhe &amp; Kettenhandschuh Niroflex, Friedrich M\u00fcnch GmbH\",\"breadcrumb\":{\"@id\":\"https:\/\/niroflex.de\/fr\/service-client\/#breadcrumb\"},\"inLanguage\":\"fr-FR\",\"potentialAction\":[{\"@type\":\"ReadAction\",\"target\":[\"https:\/\/niroflex.de\/fr\/service-client\/\"]}]},{\"@type\":\"BreadcrumbList\",\"@id\":\"https:\/\/niroflex.de\/fr\/service-client\/#breadcrumb\",\"itemListElement\":[{\"@type\":\"ListItem\",\"position\":1,\"name\":\"Startseite\",\"item\":\"https:\/\/niroflex.de\/fr\/\"},{\"@type\":\"ListItem\",\"position\":2,\"name\":\"Service client\"}]},{\"@type\":\"WebSite\",\"@id\":\"https:\/\/niroflex.de\/fr\/#website\",\"url\":\"https:\/\/niroflex.de\/fr\/\",\"name\":\"Niroflex | Schnittschutzhandschuhe & Kettenhandschuh\",\"description\":\"\",\"publisher\":{\"@id\":\"https:\/\/niroflex.de\/fr\/#organization\"},\"potentialAction\":[{\"@type\":\"SearchAction\",\"target\":{\"@type\":\"EntryPoint\",\"urlTemplate\":\"https:\/\/niroflex.de\/fr\/?s={search_term_string}\"},\"query-input\":{\"@type\":\"PropertyValueSpecification\",\"valueRequired\":true,\"valueName\":\"search_term_string\"}}],\"inLanguage\":\"fr-FR\"},{\"@type\":\"Organization\",\"@id\":\"https:\/\/niroflex.de\/fr\/#organization\",\"name\":\"Friedrich M\u00fcnch GmbH + Co KG\",\"url\":\"https:\/\/niroflex.de\/fr\/\",\"logo\":{\"@type\":\"ImageObject\",\"inLanguage\":\"fr-FR\",\"@id\":\"https:\/\/niroflex.de\/fr\/#\/schema\/logo\/image\/\",\"url\":\"https:\/\/niroflex.de\/wp-content\/uploads\/2019\/03\/Niroflex_Logo_2@.png\",\"contentUrl\":\"https:\/\/niroflex.de\/wp-content\/uploads\/2019\/03\/Niroflex_Logo_2@.png\",\"width\":480,\"height\":169,\"caption\":\"Friedrich M\u00fcnch GmbH + Co KG\"},\"image\":{\"@id\":\"https:\/\/niroflex.de\/fr\/#\/schema\/logo\/image\/\"},\"sameAs\":[\"https:\/\/www.facebook.com\/people\/Friedrich-Mnch-GmbH-Co-KG\/100054195774984\/\"],\"email\":\"info@niroflex.de\",\"telephone\":\"+49 7041 9544-0\",\"legalName\":\"Friedrich M\u00fcnch GmbH + Co KG\"}]}<\/script>\n<!-- \/ Yoast SEO Premium plugin. -->","yoast_head_json":{"title":"Service client | Niroflex, Friedrich M\u00fcnch GmbH","description":"Service client : Niroflex | Schnittschutzhandschuhe &amp; Kettenhandschuh Niroflex, Friedrich M\u00fcnch GmbH","robots":{"index":"index","follow":"follow","max-snippet":"max-snippet:-1","max-image-preview":"max-image-preview:large","max-video-preview":"max-video-preview:-1"},"canonical":"https:\/\/niroflex.de\/fr\/service-client\/","og_locale":"fr_FR","og_type":"article","og_title":"Service client","og_description":"Service client complet Solutions orient\u00e9es vers le client D\u00e9veloppement d'\u00e9quipements de protection individuelle pour toutes les applications Conception","og_url":"https:\/\/niroflex.de\/fr\/service-client\/","og_site_name":"Niroflex | Schnittschutzhandschuhe &amp; Kettenhandschuh","article_publisher":"https:\/\/www.facebook.com\/people\/Friedrich-Mnch-GmbH-Co-KG\/100054195774984\/","article_modified_time":"2025-11-12T12:55:58+00:00","og_image":[{"width":480,"height":169,"url":"https:\/\/niroflex.de\/wp-content\/uploads\/2019\/03\/Niroflex_Logo_2@.png","type":"image\/png"}],"schema":{"@context":"https:\/\/schema.org","@graph":[{"@type":"WebPage","@id":"https:\/\/niroflex.de\/fr\/service-client\/","url":"https:\/\/niroflex.de\/fr\/service-client\/","name":"Service client | Niroflex, Friedrich M\u00fcnch GmbH","isPartOf":{"@id":"https:\/\/niroflex.de\/fr\/#website"},"datePublished":"2019-11-28T11:50:19+00:00","dateModified":"2025-11-12T12:55:58+00:00","description":"Service client : Niroflex | Schnittschutzhandschuhe &amp; Kettenhandschuh Niroflex, Friedrich M\u00fcnch GmbH","breadcrumb":{"@id":"https:\/\/niroflex.de\/fr\/service-client\/#breadcrumb"},"inLanguage":"fr-FR","potentialAction":[{"@type":"ReadAction","target":["https:\/\/niroflex.de\/fr\/service-client\/"]}]},{"@type":"BreadcrumbList","@id":"https:\/\/niroflex.de\/fr\/service-client\/#breadcrumb","itemListElement":[{"@type":"ListItem","position":1,"name":"Startseite","item":"https:\/\/niroflex.de\/fr\/"},{"@type":"ListItem","position":2,"name":"Service client"}]},{"@type":"WebSite","@id":"https:\/\/niroflex.de\/fr\/#website","url":"https:\/\/niroflex.de\/fr\/","name":"Niroflex | Schnittschutzhandschuhe & Kettenhandschuh","description":"","publisher":{"@id":"https:\/\/niroflex.de\/fr\/#organization"},"potentialAction":[{"@type":"SearchAction","target":{"@type":"EntryPoint","urlTemplate":"https:\/\/niroflex.de\/fr\/?s={search_term_string}"},"query-input":{"@type":"PropertyValueSpecification","valueRequired":true,"valueName":"search_term_string"}}],"inLanguage":"fr-FR"},{"@type":"Organization","@id":"https:\/\/niroflex.de\/fr\/#organization","name":"Friedrich M\u00fcnch GmbH + Co KG","url":"https:\/\/niroflex.de\/fr\/","logo":{"@type":"ImageObject","inLanguage":"fr-FR","@id":"https:\/\/niroflex.de\/fr\/#\/schema\/logo\/image\/","url":"https:\/\/niroflex.de\/wp-content\/uploads\/2019\/03\/Niroflex_Logo_2@.png","contentUrl":"https:\/\/niroflex.de\/wp-content\/uploads\/2019\/03\/Niroflex_Logo_2@.png","width":480,"height":169,"caption":"Friedrich M\u00fcnch GmbH + Co KG"},"image":{"@id":"https:\/\/niroflex.de\/fr\/#\/schema\/logo\/image\/"},"sameAs":["https:\/\/www.facebook.com\/people\/Friedrich-Mnch-GmbH-Co-KG\/100054195774984\/"],"email":"info@niroflex.de","telephone":"+49 7041 9544-0","legalName":"Friedrich M\u00fcnch GmbH + Co KG"}]}},"_links":{"self":[{"href":"https:\/\/niroflex.de\/fr\/wp-json\/wp\/v2\/pages\/5749","targetHints":{"allow":["GET"]}}],"collection":[{"href":"https:\/\/niroflex.de\/fr\/wp-json\/wp\/v2\/pages"}],"about":[{"href":"https:\/\/niroflex.de\/fr\/wp-json\/wp\/v2\/types\/page"}],"author":[{"embeddable":true,"href":"https:\/\/niroflex.de\/fr\/wp-json\/wp\/v2\/users\/1"}],"replies":[{"embeddable":true,"href":"https:\/\/niroflex.de\/fr\/wp-json\/wp\/v2\/comments?post=5749"}],"version-history":[{"count":2,"href":"https:\/\/niroflex.de\/fr\/wp-json\/wp\/v2\/pages\/5749\/revisions"}],"predecessor-version":[{"id":19792,"href":"https:\/\/niroflex.de\/fr\/wp-json\/wp\/v2\/pages\/5749\/revisions\/19792"}],"wp:attachment":[{"href":"https:\/\/niroflex.de\/fr\/wp-json\/wp\/v2\/media?parent=5749"}],"curies":[{"name":"wp","href":"https:\/\/api.w.org\/{rel}","templated":true}]}}