{"id":5742,"date":"2019-11-28T11:02:35","date_gmt":"2019-11-28T10:02:35","guid":{"rendered":"https:\/\/niroflex.de\/contact\/"},"modified":"2025-09-16T13:34:25","modified_gmt":"2025-09-16T11:34:25","slug":"contact-niroflex-fr","status":"publish","type":"page","link":"https:\/\/niroflex.de\/fr\/contact-niroflex-fr\/","title":{"rendered":"Contact"},"content":{"rendered":"<div class=\"wpb-content-wrapper\">[vc_row thb_full_width=\u00a0\u00bbtrue\u00a0\u00bb parallax=\u00a0\u00bbcontent-moving\u00a0\u00bb thb_divider_position=\u00a0\u00bbbottom\u00a0\u00bb css=\u00a0\u00bb.vc_custom_1556805173564{background-color: #000000 !important;background-position: center;background-repeat: no-repeat;background-size: contain !important;}\u00a0\u00bb][vc_column][vc_empty_space height=\u00a0\u00bb110px\u00a0\u00bb][\/vc_column][\/vc_row][vc_row thb_full_width=\u00a0\u00bbtrue\u00a0\u00bb thb_row_padding=\u00a0\u00bbtrue\u00a0\u00bb thb_column_padding=\u00a0\u00bbtrue\u00a0\u00bb disable_element=\u00a0\u00bbyes\u00a0\u00bb thb_divider_position=\u00a0\u00bbbottom\u00a0\u00bb css=\u00a0\u00bb.vc_custom_1746797879580{margin-top: -35px !important;padding-top: 0px !important;padding-bottom: 0px !important;background-color: #00022b !important;}\u00a0\u00bb][vc_column thb_color=\u00a0\u00bbthb-light-column\u00a0\u00bb][vc_empty_space][vc_empty_space][vc_column_text css=\u00a0\u00bb\u00a0\u00bb]<img decoding=\"async\" class=\"wp-image-16290 aligncenter lazyload\" src=\"data:image\/gif;base64,R0lGODlhAQABAAAAACH5BAEKAAEALAAAAAABAAEAAAICTAEAOw==\" data-src=\"https:\/\/niroflex.de\/wp-content\/uploads\/2025\/01\/IFFA_2025.jpg\" alt=\"\" width=\"130\" height=\"132\" data-sizes=\"auto\" data-srcset=\"https:\/\/niroflex.de\/wp-content\/uploads\/2025\/01\/IFFA_2025.jpg 220w, https:\/\/niroflex.de\/wp-content\/uploads\/2025\/01\/IFFA_2025-20x20.jpg 20w\" sizes=\"(max-width: 130px) 100vw, 130px\" \/><\/p>\n<h4 style=\"text-align: center;\">Venez nous rendre visite \u00e0 l&rsquo;IFFA de Francfort.<br \/>\n<strong>Du 03 au 08 mai 2025, Hall 9.0 &#8211; C10<\/strong><\/h4>\n[\/vc_column_text][\/vc_column][\/vc_row][vc_row thb_divider_position=\u00a0\u00bbbottom\u00a0\u00bb height=\u00a0\u00bb80px\u00a0\u00bb][vc_column][vc_empty_space height=\u00a0\u00bb80px\u00a0\u00bb][\/vc_column][\/vc_row][vc_row thb_divider_position=\u00a0\u00bbbottom\u00a0\u00bb el_class=\u00a0\u00bbalign-center\u00a0\u00bb css=\u00a0\u00bb.vc_custom_1474474645883{padding-top: 10vh !important;padding-bottom: 10vh !important;}\u00a0\u00bb][vc_column offset=\u00a0\u00bbvc_col-lg-10 vc_col-md-12&Prime;][vc_column_text]\n<h1 style=\"font-size: 2em;\"><strong>Contact<\/strong><\/h1>\n[\/vc_column_text][vc_row_inner][vc_column_inner width=\u00a0\u00bb1\/4&Prime;][vc_column_text css=\u00a0\u00bb.vc_custom_1670763909862{border-bottom-width: 2px !important;padding-bottom: 30px !important;border-bottom-color: #f4f4f4 !important;border-bottom-style: solid !important;}\u00a0\u00bb]<strong>Friedrich M\u00fcnch<br \/>\nGmbH + Co KG<\/strong><\/p>\n<p style=\"font-size: 14px;\">In den Wald\u00e4ckern 10<br \/>\n75417 M\u00fchlacker<br \/>\nAllemagne<\/p>\n<p>T\u00e9l\u00e9phone: +<a href=\"tel:0049704195440\">49 7041 9544-0<\/a><br \/>\nFax: +49 7041 9544-55<\/p>\n<p>E-mail:<br \/>\n<a href=\"&#109;&#x61;&#105;&#x6c;t&#x6f;:&#105;&#x6e;&#102;&#x6f;&#64;&#x66;r&#105;&#x65;&#100;&#x72;i&#x63;h&#45;&#x6d;&#117;&#x65;n&#x63;h&#46;&#x64;&#101;\">&#x69;&#x6e;&#x66;&#x6f;&#x40;&#x66;&#x72;&#105;&#101;&#100;&#114;&#105;ch-m&#x75;&#x65;&#x6e;&#x63;&#x68;&#x2e;&#x64;&#x65;<\/a><br \/>\n<a href=\"&#109;&#x61;i&#108;&#x74;o&#58;&#x69;n&#102;&#x6f;&#64;&#110;&#x69;r&#111;&#x66;l&#101;&#x78;&#46;&#100;&#x65;\">&#x69;&#x6e;&#x66;&#x6f;&#x40;&#x6e;&#x69;&#x72;&#x6f;&#x66;&#x6c;&#x65;&#x78;&#x2e;&#x64;&#x65;<\/a>[\/vc_column_text][vc_column_text css=\u00a0\u00bb.vc_custom_1574935668839{border-bottom-width: 2px !important;padding-bottom: 30px !important;border-bottom-color: #f4f4f4 !important;border-bottom-style: solid !important;}\u00a0\u00bb]\n<p class=\"red_caption\"><strong>Offres d&#8217;emploi<\/strong><\/p>\n<p>Veuillez envoyer<br \/>\nvotre candidature \u00e0\u00a0 :<strong><br \/>\n<\/strong><\/p>\n<p><a href=\"&#x6d;&#97;i&#x6c;&#116;o&#x3a;&#112;e&#x72;&#x73;&#111;&#x6e;&#x61;&#108;&#64;&#x66;&#114;i&#x65;&#100;r&#x69;&#x63;&#104;&#x2d;&#x6d;&#117;e&#x6e;&#99;h&#x2e;&#100;e\">&#x70;&#x65;&#x72;&#x73;&#111;&#110;&#97;l&#64;&#x66;&#x72;&#x69;&#x65;&#x64;&#114;&#105;&#99;h-&#x6d;&#x75;&#x65;&#x6e;&#x63;&#104;&#46;&#100;e<\/a><\/p>\n<p>Nous nous r\u00e9jouissons de votre int\u00e9r\u00eat\u00a0 ![\/vc_column_text][\/vc_column_inner][vc_column_inner width=\u00a0\u00bb3\/4&Prime; css=\u00a0\u00bb.vc_custom_1474478996357{padding-left: 5% !important;}\u00a0\u00bb][vc_column_text]<strong><span class=\"inhaltoben\"><span class=\"inhalt_subhead\">Votre ligne directe vers nous.<\/span><\/span><\/strong>[\/vc_column_text]\n<div class=\"wpcf7 no-js\" id=\"wpcf7-f5747-o1\" lang=\"\" dir=\"ltr\" data-wpcf7-id=\"5747\">\n<div class=\"screen-reader-response\"><p role=\"status\" aria-live=\"polite\" aria-atomic=\"true\"><\/p> <ul><\/ul><\/div>\n<form action=\"\/fr\/wp-json\/wp\/v2\/pages\/5742#wpcf7-f5747-o1\" method=\"post\" class=\"wpcf7-form init\" aria-label=\"Formulaire de contact\" novalidate=\"novalidate\" data-status=\"init\">\n<fieldset class=\"hidden-fields-container\"><input type=\"hidden\" name=\"_wpcf7\" value=\"5747\" \/><input type=\"hidden\" name=\"_wpcf7_version\" value=\"6.1.4\" \/><input type=\"hidden\" name=\"_wpcf7_locale\" value=\"\" \/><input type=\"hidden\" name=\"_wpcf7_unit_tag\" value=\"wpcf7-f5747-o1\" \/><input type=\"hidden\" name=\"_wpcf7_container_post\" value=\"0\" \/><input type=\"hidden\" name=\"_wpcf7_posted_data_hash\" value=\"\" \/><input type=\"hidden\" name=\"_uacf7_hidden_conditional_fields\" value=\"\" \/>\n<\/fieldset>\n<div class=\"uacf7-form-wrapper-container uacf7-form-5747  \"><label> Votre nom*\n    <span class=\"wpcf7-form-control-wrap\" data-name=\"your-name\"><input size=\"40\" maxlength=\"400\" class=\"wpcf7-form-control wpcf7-text wpcf7-validates-as-required\" aria-required=\"true\" aria-invalid=\"false\" value=\"\" type=\"text\" name=\"your-name\" \/><\/span> <\/label>\n\n<label> Votre adresse \u00e9lectronique*\n    <span class=\"wpcf7-form-control-wrap\" data-name=\"your-email\"><input size=\"40\" maxlength=\"400\" class=\"wpcf7-form-control wpcf7-email wpcf7-validates-as-required wpcf7-text wpcf7-validates-as-email\" aria-required=\"true\" aria-invalid=\"false\" value=\"\" type=\"email\" name=\"your-email\" \/><\/span> <\/label>\n\n<label> Objet\n    <span class=\"wpcf7-form-control-wrap\" data-name=\"your-subject\"><input size=\"40\" maxlength=\"400\" class=\"wpcf7-form-control wpcf7-text\" aria-invalid=\"false\" value=\"\" type=\"text\" name=\"your-subject\" \/><\/span> <\/label>\n\n<label> Votre message\n    <span class=\"wpcf7-form-control-wrap\" data-name=\"your-message\"><textarea cols=\"40\" rows=\"10\" maxlength=\"2000\" class=\"wpcf7-form-control wpcf7-textarea\" aria-invalid=\"false\" name=\"your-message\"><\/textarea><\/span> <\/label>\n\n<label><span class=\"wpcf7-form-control-wrap\" data-name=\"acceptance-dsgvo\"><span class=\"wpcf7-form-control wpcf7-acceptance\"><span class=\"wpcf7-list-item\"><input type=\"checkbox\" name=\"acceptance-dsgvo\" value=\"1\" aria-invalid=\"false\" \/><\/span><\/span><\/span>*Oui, j'ai pris connaissance de la d\u00e9claration de protection des donn\u00e9es et j'accepte que les renseignements que je fournis puissent \u00eatre recueillis et stock\u00e9s de mani\u00e8re \u00e9lectronique. Mes donn\u00e9es ne seront utilis\u00e9es que de mani\u00e8re strictement r\u00e9serv\u00e9e au traitement et \u00e0 la r\u00e9ponse \u00e0 ma question. Je peux r\u00e9voquer ce consentement \u00e0 tout moment en envoyant un message \u00e0 <a href=\"ma&#105;&#108;&#116;&#x6f;&#x3a;&#x69;&#x6e;&#x66;o&#64;&#102;&#114;&#105;&#x65;&#x64;&#x72;&#x69;&#x63;h-&#109;&#117;&#101;&#x6e;&#x63;&#x68;&#x2e;&#x64;e\">&#x69;&#x6e;&#x66;&#x6f;&#x40;&#x66;&#x72;&#x69;&#x65;&#x64;&#x72;&#x69;&#x63;&#x68;&#x2d;&#x6d;&#x75;&#x65;&#x6e;&#x63;&#x68;&#x2e;&#x64;&#x65;<\/a>. <\/label>\n<span id=\"wpcf7-69d518af00036-wrapper\" class=\"wpcf7-form-control-wrap Website-wrap\" style=\"display:none !important; visibility:hidden !important;\"><label for=\"wpcf7-69d518af00036-field\" class=\"hp-message\">Veuillez laisser ce champ vide.<\/label><input id=\"wpcf7-69d518af00036-field\"  class=\"wpcf7-form-control wpcf7-text\" type=\"text\" name=\"Website\" value=\"\" size=\"40\" tabindex=\"-1\" autocomplete=\"new-password\" \/><\/span>\n\n<input class=\"wpcf7-form-control wpcf7-submit has-spinner\" type=\"submit\" value=\"Send\" \/><\/div><div class=\"wpcf7-response-output\" aria-hidden=\"true\"><\/div>\n<\/form>\n<\/div>\n[\/vc_column_inner][\/vc_row_inner][\/vc_column][\/vc_row]\n<\/div>","protected":false},"excerpt":{"rendered":"<p>[vc_row thb_full_width=\u00a0\u00bbtrue\u00a0\u00bb parallax=\u00a0\u00bbcontent-moving\u00a0\u00bb thb_divider_position=\u00a0\u00bbbottom\u00a0\u00bb css=\u00a0\u00bb.vc_custom_1556805173564{background-color: #000000 !important;background-position: center;background-repeat: no-repeat;background-size: contain !important;}\u00a0\u00bb][vc_column][vc_empty_space height=\u00a0\u00bb110px\u00a0\u00bb][\/vc_column][\/vc_row][vc_row thb_full_width=\u00a0\u00bbtrue\u00a0\u00bb thb_row_padding=\u00a0\u00bbtrue\u00a0\u00bb thb_column_padding=\u00a0\u00bbtrue\u00a0\u00bb disable_element=\u00a0\u00bbyes\u00a0\u00bb thb_divider_position=\u00a0\u00bbbottom\u00a0\u00bb css=\u00a0\u00bb.vc_custom_1746797879580{margin-top: -35px !important;padding-top: 0px !important;padding-bottom: 0px !important;background-color: #00022b !important;}\u00a0\u00bb][vc_column thb_color=\u00a0\u00bbthb-light-column\u00a0\u00bb][vc_empty_space][vc_empty_space][vc_column_text css=\u00a0\u00bb\u00a0\u00bb] Venez nous rendre visite \u00e0 l&rsquo;IFFA de Francfort. Du 03 au 08 mai 2025, Hall 9.0 &#8211; C10 [\/vc_column_text][\/vc_column][\/vc_row][vc_row thb_divider_position=\u00a0\u00bbbottom\u00a0\u00bb height=\u00a0\u00bb80px\u00a0\u00bb][vc_column][vc_empty_space height=\u00a0\u00bb80px\u00a0\u00bb][\/vc_column][\/vc_row][vc_row thb_divider_position=\u00a0\u00bbbottom\u00a0\u00bb el_class=\u00a0\u00bbalign-center\u00a0\u00bb css=\u00a0\u00bb.vc_custom_1474474645883{padding-top: 10vh !important;padding-bottom:&hellip;<\/p>\n","protected":false},"author":1,"featured_media":0,"parent":0,"menu_order":0,"comment_status":"closed","ping_status":"closed","template":"","meta":{"_glsr_average":0,"_glsr_ranking":0,"_glsr_reviews":0,"footnotes":""},"class_list":["post-5742","page","type-page","status-publish","hentry"],"yoast_head":"<!-- This site is optimized with the Yoast SEO Premium plugin v26.6 (Yoast SEO v26.6) - https:\/\/yoast.com\/wordpress\/plugins\/seo\/ -->\n<title>Contact \u00b7 Niroflex \u2013 Experts en protection<\/title>\n<meta name=\"description\" content=\"Besoin d\u2019aide ? Contactez Niroflex par mail, t\u00e9l\u00e9phone ou formulaire \u2709\ufe0f Nos experts vous r\u00e9pondent rapidement \u27a1\ufe0f\" \/>\n<meta name=\"robots\" content=\"index, follow, max-snippet:-1, max-image-preview:large, max-video-preview:-1\" \/>\n<link rel=\"canonical\" href=\"https:\/\/niroflex.de\/fr\/contact-niroflex-fr\/\" \/>\n<meta property=\"og:locale\" content=\"fr_FR\" \/>\n<meta property=\"og:type\" content=\"article\" \/>\n<meta property=\"og:title\" content=\"Contact\" \/>\n<meta property=\"og:description\" content=\"Venez nous rendre visite \u00e0 l&#039;IFFA de Francfort. Du 03 au 08 mai 2025, Hall 9.0 - C10 Contact Friedrich M\u00fcnch GmbH + Co KG In den Wald\u00e4ckern 10 75417\" \/>\n<meta property=\"og:url\" content=\"https:\/\/niroflex.de\/fr\/contact-niroflex-fr\/\" \/>\n<meta property=\"og:site_name\" content=\"Niroflex | Schnittschutzhandschuhe &amp; Kettenhandschuh\" \/>\n<meta property=\"article:publisher\" content=\"https:\/\/www.facebook.com\/people\/Friedrich-Mnch-GmbH-Co-KG\/100054195774984\/\" \/>\n<meta property=\"article:modified_time\" content=\"2025-09-16T11:34:25+00:00\" \/>\n<meta property=\"og:image\" content=\"https:\/\/niroflex.de\/wp-content\/uploads\/2025\/01\/IFFA_2025.jpg\" \/>\n<script type=\"application\/ld+json\" class=\"yoast-schema-graph\">{\"@context\":\"https:\/\/schema.org\",\"@graph\":[{\"@type\":\"WebPage\",\"@id\":\"https:\/\/niroflex.de\/fr\/contact-niroflex-fr\/\",\"url\":\"https:\/\/niroflex.de\/fr\/contact-niroflex-fr\/\",\"name\":\"Contact \u00b7 Niroflex \u2013 Experts en protection\",\"isPartOf\":{\"@id\":\"https:\/\/niroflex.de\/fr\/#website\"},\"primaryImageOfPage\":{\"@id\":\"https:\/\/niroflex.de\/fr\/contact-niroflex-fr\/#primaryimage\"},\"image\":{\"@id\":\"https:\/\/niroflex.de\/fr\/contact-niroflex-fr\/#primaryimage\"},\"thumbnailUrl\":\"https:\/\/niroflex.de\/wp-content\/uploads\/2025\/01\/IFFA_2025.jpg\",\"datePublished\":\"2019-11-28T10:02:35+00:00\",\"dateModified\":\"2025-09-16T11:34:25+00:00\",\"description\":\"Besoin d\u2019aide ? Contactez Niroflex par mail, t\u00e9l\u00e9phone ou formulaire \u2709\ufe0f Nos experts vous r\u00e9pondent rapidement \u27a1\ufe0f\",\"breadcrumb\":{\"@id\":\"https:\/\/niroflex.de\/fr\/contact-niroflex-fr\/#breadcrumb\"},\"inLanguage\":\"fr-FR\",\"potentialAction\":[{\"@type\":\"ReadAction\",\"target\":[\"https:\/\/niroflex.de\/fr\/contact-niroflex-fr\/\"]}]},{\"@type\":\"ImageObject\",\"inLanguage\":\"fr-FR\",\"@id\":\"https:\/\/niroflex.de\/fr\/contact-niroflex-fr\/#primaryimage\",\"url\":\"https:\/\/niroflex.de\/wp-content\/uploads\/2025\/01\/IFFA_2025.jpg\",\"contentUrl\":\"https:\/\/niroflex.de\/wp-content\/uploads\/2025\/01\/IFFA_2025.jpg\"},{\"@type\":\"BreadcrumbList\",\"@id\":\"https:\/\/niroflex.de\/fr\/contact-niroflex-fr\/#breadcrumb\",\"itemListElement\":[{\"@type\":\"ListItem\",\"position\":1,\"name\":\"Startseite\",\"item\":\"https:\/\/niroflex.de\/fr\/\"},{\"@type\":\"ListItem\",\"position\":2,\"name\":\"Contact\"}]},{\"@type\":\"WebSite\",\"@id\":\"https:\/\/niroflex.de\/fr\/#website\",\"url\":\"https:\/\/niroflex.de\/fr\/\",\"name\":\"Niroflex | Schnittschutzhandschuhe & Kettenhandschuh\",\"description\":\"\",\"publisher\":{\"@id\":\"https:\/\/niroflex.de\/fr\/#organization\"},\"potentialAction\":[{\"@type\":\"SearchAction\",\"target\":{\"@type\":\"EntryPoint\",\"urlTemplate\":\"https:\/\/niroflex.de\/fr\/?s={search_term_string}\"},\"query-input\":{\"@type\":\"PropertyValueSpecification\",\"valueRequired\":true,\"valueName\":\"search_term_string\"}}],\"inLanguage\":\"fr-FR\"},{\"@type\":\"Organization\",\"@id\":\"https:\/\/niroflex.de\/fr\/#organization\",\"name\":\"Friedrich M\u00fcnch GmbH + Co KG\",\"url\":\"https:\/\/niroflex.de\/fr\/\",\"logo\":{\"@type\":\"ImageObject\",\"inLanguage\":\"fr-FR\",\"@id\":\"https:\/\/niroflex.de\/fr\/#\/schema\/logo\/image\/\",\"url\":\"https:\/\/niroflex.de\/wp-content\/uploads\/2019\/03\/Niroflex_Logo_2@.png\",\"contentUrl\":\"https:\/\/niroflex.de\/wp-content\/uploads\/2019\/03\/Niroflex_Logo_2@.png\",\"width\":480,\"height\":169,\"caption\":\"Friedrich M\u00fcnch GmbH + Co KG\"},\"image\":{\"@id\":\"https:\/\/niroflex.de\/fr\/#\/schema\/logo\/image\/\"},\"sameAs\":[\"https:\/\/www.facebook.com\/people\/Friedrich-Mnch-GmbH-Co-KG\/100054195774984\/\"],\"email\":\"info@niroflex.de\",\"telephone\":\"+49 7041 9544-0\",\"legalName\":\"Friedrich M\u00fcnch GmbH + Co KG\"}]}<\/script>\n<!-- \/ Yoast SEO Premium plugin. -->","yoast_head_json":{"title":"Contact \u00b7 Niroflex \u2013 Experts en protection","description":"Besoin d\u2019aide ? Contactez Niroflex par mail, t\u00e9l\u00e9phone ou formulaire \u2709\ufe0f Nos experts vous r\u00e9pondent rapidement \u27a1\ufe0f","robots":{"index":"index","follow":"follow","max-snippet":"max-snippet:-1","max-image-preview":"max-image-preview:large","max-video-preview":"max-video-preview:-1"},"canonical":"https:\/\/niroflex.de\/fr\/contact-niroflex-fr\/","og_locale":"fr_FR","og_type":"article","og_title":"Contact","og_description":"Venez nous rendre visite \u00e0 l'IFFA de Francfort. Du 03 au 08 mai 2025, Hall 9.0 - C10 Contact Friedrich M\u00fcnch GmbH + Co KG In den Wald\u00e4ckern 10 75417","og_url":"https:\/\/niroflex.de\/fr\/contact-niroflex-fr\/","og_site_name":"Niroflex | Schnittschutzhandschuhe &amp; Kettenhandschuh","article_publisher":"https:\/\/www.facebook.com\/people\/Friedrich-Mnch-GmbH-Co-KG\/100054195774984\/","article_modified_time":"2025-09-16T11:34:25+00:00","og_image":[{"url":"https:\/\/niroflex.de\/wp-content\/uploads\/2025\/01\/IFFA_2025.jpg","type":"","width":"","height":""}],"schema":{"@context":"https:\/\/schema.org","@graph":[{"@type":"WebPage","@id":"https:\/\/niroflex.de\/fr\/contact-niroflex-fr\/","url":"https:\/\/niroflex.de\/fr\/contact-niroflex-fr\/","name":"Contact \u00b7 Niroflex \u2013 Experts en protection","isPartOf":{"@id":"https:\/\/niroflex.de\/fr\/#website"},"primaryImageOfPage":{"@id":"https:\/\/niroflex.de\/fr\/contact-niroflex-fr\/#primaryimage"},"image":{"@id":"https:\/\/niroflex.de\/fr\/contact-niroflex-fr\/#primaryimage"},"thumbnailUrl":"https:\/\/niroflex.de\/wp-content\/uploads\/2025\/01\/IFFA_2025.jpg","datePublished":"2019-11-28T10:02:35+00:00","dateModified":"2025-09-16T11:34:25+00:00","description":"Besoin d\u2019aide ? Contactez Niroflex par mail, t\u00e9l\u00e9phone ou formulaire \u2709\ufe0f Nos experts vous r\u00e9pondent rapidement \u27a1\ufe0f","breadcrumb":{"@id":"https:\/\/niroflex.de\/fr\/contact-niroflex-fr\/#breadcrumb"},"inLanguage":"fr-FR","potentialAction":[{"@type":"ReadAction","target":["https:\/\/niroflex.de\/fr\/contact-niroflex-fr\/"]}]},{"@type":"ImageObject","inLanguage":"fr-FR","@id":"https:\/\/niroflex.de\/fr\/contact-niroflex-fr\/#primaryimage","url":"https:\/\/niroflex.de\/wp-content\/uploads\/2025\/01\/IFFA_2025.jpg","contentUrl":"https:\/\/niroflex.de\/wp-content\/uploads\/2025\/01\/IFFA_2025.jpg"},{"@type":"BreadcrumbList","@id":"https:\/\/niroflex.de\/fr\/contact-niroflex-fr\/#breadcrumb","itemListElement":[{"@type":"ListItem","position":1,"name":"Startseite","item":"https:\/\/niroflex.de\/fr\/"},{"@type":"ListItem","position":2,"name":"Contact"}]},{"@type":"WebSite","@id":"https:\/\/niroflex.de\/fr\/#website","url":"https:\/\/niroflex.de\/fr\/","name":"Niroflex | Schnittschutzhandschuhe & Kettenhandschuh","description":"","publisher":{"@id":"https:\/\/niroflex.de\/fr\/#organization"},"potentialAction":[{"@type":"SearchAction","target":{"@type":"EntryPoint","urlTemplate":"https:\/\/niroflex.de\/fr\/?s={search_term_string}"},"query-input":{"@type":"PropertyValueSpecification","valueRequired":true,"valueName":"search_term_string"}}],"inLanguage":"fr-FR"},{"@type":"Organization","@id":"https:\/\/niroflex.de\/fr\/#organization","name":"Friedrich M\u00fcnch GmbH + Co KG","url":"https:\/\/niroflex.de\/fr\/","logo":{"@type":"ImageObject","inLanguage":"fr-FR","@id":"https:\/\/niroflex.de\/fr\/#\/schema\/logo\/image\/","url":"https:\/\/niroflex.de\/wp-content\/uploads\/2019\/03\/Niroflex_Logo_2@.png","contentUrl":"https:\/\/niroflex.de\/wp-content\/uploads\/2019\/03\/Niroflex_Logo_2@.png","width":480,"height":169,"caption":"Friedrich M\u00fcnch GmbH + Co KG"},"image":{"@id":"https:\/\/niroflex.de\/fr\/#\/schema\/logo\/image\/"},"sameAs":["https:\/\/www.facebook.com\/people\/Friedrich-Mnch-GmbH-Co-KG\/100054195774984\/"],"email":"info@niroflex.de","telephone":"+49 7041 9544-0","legalName":"Friedrich M\u00fcnch GmbH + Co KG"}]}},"_links":{"self":[{"href":"https:\/\/niroflex.de\/fr\/wp-json\/wp\/v2\/pages\/5742","targetHints":{"allow":["GET"]}}],"collection":[{"href":"https:\/\/niroflex.de\/fr\/wp-json\/wp\/v2\/pages"}],"about":[{"href":"https:\/\/niroflex.de\/fr\/wp-json\/wp\/v2\/types\/page"}],"author":[{"embeddable":true,"href":"https:\/\/niroflex.de\/fr\/wp-json\/wp\/v2\/users\/1"}],"replies":[{"embeddable":true,"href":"https:\/\/niroflex.de\/fr\/wp-json\/wp\/v2\/comments?post=5742"}],"version-history":[{"count":12,"href":"https:\/\/niroflex.de\/fr\/wp-json\/wp\/v2\/pages\/5742\/revisions"}],"predecessor-version":[{"id":6668,"href":"https:\/\/niroflex.de\/fr\/wp-json\/wp\/v2\/pages\/5742\/revisions\/6668"}],"wp:attachment":[{"href":"https:\/\/niroflex.de\/fr\/wp-json\/wp\/v2\/media?parent=5742"}],"curies":[{"name":"wp","href":"https:\/\/api.w.org\/{rel}","templated":true}]}}