{"id":6901,"date":"2019-12-18T13:46:53","date_gmt":"2019-12-18T12:46:53","guid":{"rendered":"https:\/\/niroflex.de\/kontakt\/"},"modified":"2025-09-16T13:35:30","modified_gmt":"2025-09-16T11:35:30","slug":"ontacto-niroflex","status":"publish","type":"page","link":"https:\/\/niroflex.de\/es\/ontacto-niroflex\/","title":{"rendered":"Contacto"},"content":{"rendered":"<div class=\"wpb-content-wrapper\">[vc_row thb_full_width=\u00bbtrue\u00bb parallax=\u00bbcontent-moving\u00bb thb_divider_position=\u00bbbottom\u00bb css=\u00bb.vc_custom_1556805173564{background-color: #000000 !important;background-position: center;background-repeat: no-repeat;background-size: contain !important;}\u00bb][vc_column][vc_empty_space height=\u00bb110px\u00bb][\/vc_column][\/vc_row][vc_row thb_full_width=\u00bbtrue\u00bb thb_row_padding=\u00bbtrue\u00bb thb_column_padding=\u00bbtrue\u00bb disable_element=\u00bbyes\u00bb thb_divider_position=\u00bbbottom\u00bb css=\u00bb.vc_custom_1746798026473{margin-top: -35px !important;background-color: #00022b !important;}\u00bb][vc_column thb_color=\u00bbthb-light-column\u00bb][vc_empty_space][vc_empty_space][vc_empty_space][vc_column_text css=\u00bb\u00bb]<img decoding=\"async\" class=\"lazyautosizes lazyloaded aligncenter wp-image-16295\" src=\"https:\/\/niroflex.de\/wp-content\/uploads\/2025\/01\/IFFA_2025.jpg\" alt=\"\" width=\"130\" height=\"132\" data-src=\"https:\/\/niroflex.de\/wp-content\/uploads\/2023\/10\/aa.png\" data-sizes=\"auto\" data-srcset=\"https:\/\/niroflex.de\/wp-content\/uploads\/2023\/10\/aa.png 275w, https:\/\/niroflex.de\/wp-content\/uploads\/2023\/10\/aa-20x6.png 20w\" srcset=\"https:\/\/niroflex.de\/wp-content\/uploads\/2025\/01\/IFFA_2025.jpg 220w, https:\/\/niroflex.de\/wp-content\/uploads\/2025\/01\/IFFA_2025-20x20.jpg 20w\" sizes=\"(max-width: 130px) 100vw, 130px\" \/><\/p>\n<h4 style=\"text-align: center;\"><strong>Vis\u00edtenos en la IFFA de Frankfurt.<\/strong><br \/>\nDel 03 al 08 de mayo de 2025, Pabell\u00f3n 9.0 &#8211; C10<\/h4>\n[\/vc_column_text][\/vc_column][\/vc_row][vc_row thb_divider_position=\u00bbbottom\u00bb height=\u00bb80px\u00bb][vc_column][vc_empty_space height=\u00bb80px\u00bb][\/vc_column][\/vc_row][vc_row thb_divider_position=\u00bbbottom\u00bb el_class=\u00bbalign-center\u00bb css=\u00bb.vc_custom_1474474645883{padding-top: 10vh !important;padding-bottom: 10vh !important;}\u00bb][vc_column offset=\u00bbvc_col-lg-10 vc_col-md-12&#8243;][vc_column_text]\n<h1 style=\"font-size: 2em;\"><strong>Contacto<\/strong><\/h1>\n[\/vc_column_text][vc_row_inner][vc_column_inner width=\u00bb1\/4&#8243;][vc_column_text css=\u00bb.vc_custom_1670763978744{border-bottom-width: 2px !important;padding-bottom: 30px !important;border-bottom-color: #f4f4f4 !important;border-bottom-style: solid !important;}\u00bb]<strong>Friedrich M\u00fcnch<br \/>\nGmbH + Co KG<\/strong><\/p>\n<p style=\"font-size: 14px;\">In den Wald\u00e4ckern 10<br \/>\n75417 M\u00fchlacker<br \/>\nAlemania<\/p>\n<p>Tel\u00e9fono: +<a href=\"tel:0049704195440\">49 7041 9544-0<\/a><br \/>\nFax: +49 7041 9544-55<\/p>\n<p>E-Mail:<br \/>\n<a href=\"&#x6d;&#x61;&#x69;&#x6c;&#x74;&#x6f;&#x3a;&#x69;&#x6e;&#x66;&#x6f;&#x40;&#x66;&#x72;&#x69;&#x65;&#x64;&#x72;&#x69;&#x63;&#x68;&#x2d;&#x6d;&#x75;&#x65;&#x6e;&#x63;&#x68;&#x2e;&#x64;&#x65;\">&#x69;&#x6e;&#x66;&#x6f;&#x40;&#x66;&#x72;&#x69;&#x65;&#x64;&#x72;&#x69;&#x63;&#x68;&#x2d;&#x6d;&#x75;&#x65;&#x6e;&#x63;&#x68;&#x2e;&#100;&#101;<\/a><br \/>\n<a href=\"m&#97;&#x69;&#x6c;t&#111;&#x3a;&#x69;n&#102;&#x6f;&#x40;n&#105;&#x72;&#x6f;f&#108;&#x65;&#x78;&#46;&#100;&#101;\">&#x69;&#x6e;&#102;&#111;&#64;n&#x69;&#x72;&#x6f;&#102;le&#x78;&#x2e;&#x64;&#101;<\/a>[\/vc_column_text][vc_column_text css=\u00bb.vc_custom_1576765947808{border-bottom-width: 2px !important;padding-bottom: 30px !important;border-bottom-color: #f4f4f4 !important;border-bottom-style: solid !important;}\u00bb]\n<p class=\"red_caption\"><strong>Anuncio de empleo<\/strong><\/p>\n<p>Por favor enviar\u2028su<br \/>\nsolicitud a:<\/p>\n<p><a href=\"&#x6d;&#x61;&#x69;&#x6c;&#x74;&#x6f;&#x3a;&#x70;&#x65;&#x72;&#x73;&#x6f;&#x6e;&#x61;&#x6c;&#x40;&#x66;&#x72;&#x69;&#x65;&#x64;&#x72;&#105;&#99;&#104;&#45;&#109;&#117;&#101;&#110;&#99;&#104;&#46;&#100;&#101;\">p&#101;&#x72;&#x73;&#x6f;n&#97;&#108;&#x40;&#x66;r&#105;&#101;&#x64;&#x72;ic&#104;&#x2d;&#x6d;&#x75;e&#110;&#x63;&#x68;&#x2e;d&#101;<\/a><\/p>\n<p>Nos alegra mucho su inter\u00e9s.[\/vc_column_text][\/vc_column_inner][vc_column_inner width=\u00bb3\/4&#8243; css=\u00bb.vc_custom_1474478996357{padding-left: 5% !important;}\u00bb][vc_column_text]<strong><span class=\"inhaltoben\"><span class=\"inhalt_subhead\">Su l\u00ednea directa con nosotros.<\/span><\/span><\/strong>[\/vc_column_text]\n<div class=\"wpcf7 no-js\" id=\"wpcf7-f6905-o1\" lang=\"\" dir=\"ltr\" data-wpcf7-id=\"6905\">\n<div class=\"screen-reader-response\"><p role=\"status\" aria-live=\"polite\" aria-atomic=\"true\"><\/p> <ul><\/ul><\/div>\n<form action=\"\/es\/wp-json\/wp\/v2\/pages\/6901#wpcf7-f6905-o1\" method=\"post\" class=\"wpcf7-form init\" aria-label=\"Formulario de contacto\" novalidate=\"novalidate\" data-status=\"init\">\n<fieldset class=\"hidden-fields-container\"><input type=\"hidden\" name=\"_wpcf7\" value=\"6905\" \/><input type=\"hidden\" name=\"_wpcf7_version\" value=\"6.1.4\" \/><input type=\"hidden\" name=\"_wpcf7_locale\" value=\"\" \/><input type=\"hidden\" name=\"_wpcf7_unit_tag\" value=\"wpcf7-f6905-o1\" \/><input type=\"hidden\" name=\"_wpcf7_container_post\" value=\"0\" \/><input type=\"hidden\" name=\"_wpcf7_posted_data_hash\" value=\"\" \/><input type=\"hidden\" name=\"_uacf7_hidden_conditional_fields\" value=\"\" \/>\n<\/fieldset>\n<div class=\"uacf7-form-wrapper-container uacf7-form-6905  \"><label> Su nombre*\n    <span class=\"wpcf7-form-control-wrap\" data-name=\"your-name\"><input size=\"40\" maxlength=\"400\" class=\"wpcf7-form-control wpcf7-text wpcf7-validates-as-required\" aria-required=\"true\" aria-invalid=\"false\" value=\"\" type=\"text\" name=\"your-name\" \/><\/span> <\/label>\n\n<label> Su direcci\u00f3n de correo electr\u00f3nico*\n    <span class=\"wpcf7-form-control-wrap\" data-name=\"your-email\"><input size=\"40\" maxlength=\"400\" class=\"wpcf7-form-control wpcf7-email wpcf7-validates-as-required wpcf7-text wpcf7-validates-as-email\" aria-required=\"true\" aria-invalid=\"false\" value=\"\" type=\"email\" name=\"your-email\" \/><\/span> <\/label>\n\n<label> Asunto\n    <span class=\"wpcf7-form-control-wrap\" data-name=\"your-subject\"><input size=\"40\" maxlength=\"400\" class=\"wpcf7-form-control wpcf7-text\" aria-invalid=\"false\" value=\"\" type=\"text\" name=\"your-subject\" \/><\/span> <\/label>\n\n<label> Su mensaje\n    <span class=\"wpcf7-form-control-wrap\" data-name=\"your-message\"><textarea cols=\"40\" rows=\"10\" maxlength=\"2000\" class=\"wpcf7-form-control wpcf7-textarea\" aria-invalid=\"false\" name=\"your-message\"><\/textarea><\/span> <\/label>\n\n<label><span class=\"wpcf7-form-control-wrap\" data-name=\"acceptance-dsgvo\"><span class=\"wpcf7-form-control wpcf7-acceptance\"><span class=\"wpcf7-list-item\"><input type=\"checkbox\" name=\"acceptance-dsgvo\" value=\"1\" aria-invalid=\"false\" \/><\/span><\/span><\/span>*S\u00ed, he le\u00eddo <a href=\"\/datenschutzerklaerung\/\">Datenschutzerkl\u00e4rung<\/a> y que es de mi conocimiento y acepto que los datos que proporciono sean recopilados y almacenados electr\u00f3nicamente. Mis datos solo se usar\u00e1n estrictamente para procesar y responder mi pregunta. Este consentimiento se puede revocar en cualquier momento enviando un mensaje a <a href=\"&#x6d;&#97;&#x69;&#x6c;&#116;&#x6f;&#58;i&#x6e;&#102;o&#x40;&#102;r&#x69;&#101;d&#x72;&#105;&#x63;&#x68;&#45;&#x6d;&#x75;&#101;&#x6e;&#99;h&#x2e;&#100;e\">i&#110;&#102;&#x6f;&#x40;f&#114;&#105;&#x65;&#x64;&#x72;i&#99;&#104;&#x2d;&#x6d;ue&#110;&#x63;&#x68;&#x2e;d&#101;<\/a> En caso de revocaci\u00f3n, mis datos se eliminar\u00e1n de inmediato.\n<\/label>\n<span id=\"wpcf7-69d517d10411e-wrapper\" class=\"wpcf7-form-control-wrap Website-wrap\" style=\"display:none !important; visibility:hidden !important;\"><label for=\"wpcf7-69d517d10411e-field\" class=\"hp-message\">Por favor, deja este campo vac\u00edo.<\/label><input id=\"wpcf7-69d517d10411e-field\"  class=\"wpcf7-form-control wpcf7-text\" type=\"text\" name=\"Website\" value=\"\" size=\"40\" tabindex=\"-1\" autocomplete=\"new-password\" \/><\/span>\n\n<input class=\"wpcf7-form-control wpcf7-submit has-spinner\" type=\"submit\" value=\"enviar\" \/><\/div><div class=\"wpcf7-response-output\" aria-hidden=\"true\"><\/div>\n<\/form>\n<\/div>\n[\/vc_column_inner][\/vc_row_inner][\/vc_column][\/vc_row]\n<\/div>","protected":false},"excerpt":{"rendered":"<p>[vc_row thb_full_width=\u00bbtrue\u00bb parallax=\u00bbcontent-moving\u00bb thb_divider_position=\u00bbbottom\u00bb css=\u00bb.vc_custom_1556805173564{background-color: #000000 !important;background-position: center;background-repeat: no-repeat;background-size: contain !important;}\u00bb][vc_column][vc_empty_space height=\u00bb110px\u00bb][\/vc_column][\/vc_row][vc_row thb_full_width=\u00bbtrue\u00bb thb_row_padding=\u00bbtrue\u00bb thb_column_padding=\u00bbtrue\u00bb disable_element=\u00bbyes\u00bb thb_divider_position=\u00bbbottom\u00bb css=\u00bb.vc_custom_1746798026473{margin-top: -35px !important;background-color: #00022b !important;}\u00bb][vc_column thb_color=\u00bbthb-light-column\u00bb][vc_empty_space][vc_empty_space][vc_empty_space][vc_column_text css=\u00bb\u00bb] Vis\u00edtenos en la IFFA de Frankfurt. Del 03 al 08 de mayo de 2025, Pabell\u00f3n 9.0 &#8211; C10 [\/vc_column_text][\/vc_column][\/vc_row][vc_row thb_divider_position=\u00bbbottom\u00bb height=\u00bb80px\u00bb][vc_column][vc_empty_space height=\u00bb80px\u00bb][\/vc_column][\/vc_row][vc_row thb_divider_position=\u00bbbottom\u00bb el_class=\u00bbalign-center\u00bb css=\u00bb.vc_custom_1474474645883{padding-top: 10vh !important;padding-bottom: 10vh !important;}\u00bb][vc_column offset=\u00bbvc_col-lg-10 vc_col-md-12&#8243;][vc_column_text]&hellip;<\/p>\n","protected":false},"author":1,"featured_media":0,"parent":0,"menu_order":0,"comment_status":"closed","ping_status":"closed","template":"","meta":{"_glsr_average":0,"_glsr_ranking":0,"_glsr_reviews":0,"footnotes":""},"class_list":["post-6901","page","type-page","status-publish","hentry"],"yoast_head":"<!-- This site is optimized with the Yoast SEO Premium plugin v26.6 (Yoast SEO v26.6) - https:\/\/yoast.com\/wordpress\/plugins\/seo\/ -->\n<title>Contacto \u00b7 Niroflex \u2013 Protecci\u00f3n profesional<\/title>\n<meta name=\"description\" content=\"Tienes dudas? Escribe a Niroflex \u260e\ufe0f Tel\u00e9fono, email y formulario disponibles \u2013 \u00a1Te responderemos pronto! \u27a1\ufe0f\" \/>\n<meta name=\"robots\" content=\"index, follow, max-snippet:-1, max-image-preview:large, max-video-preview:-1\" \/>\n<link rel=\"canonical\" href=\"https:\/\/niroflex.de\/es\/ontacto-niroflex\/\" \/>\n<meta property=\"og:locale\" content=\"es_ES\" \/>\n<meta property=\"og:type\" content=\"article\" \/>\n<meta property=\"og:title\" content=\"Contacto\" \/>\n<meta property=\"og:description\" content=\"Vis\u00edtenos en la IFFA de Frankfurt. Del 03 al 08 de mayo de 2025, Pabell\u00f3n 9.0 - C10 Contacto Friedrich M\u00fcnch GmbH + Co KG In den Wald\u00e4ckern 10 75417\" \/>\n<meta property=\"og:url\" content=\"https:\/\/niroflex.de\/es\/ontacto-niroflex\/\" \/>\n<meta property=\"og:site_name\" content=\"Niroflex | Schnittschutzhandschuhe &amp; Kettenhandschuh\" \/>\n<meta property=\"article:publisher\" content=\"https:\/\/www.facebook.com\/people\/Friedrich-Mnch-GmbH-Co-KG\/100054195774984\/\" \/>\n<meta property=\"article:modified_time\" content=\"2025-09-16T11:35:30+00:00\" \/>\n<meta property=\"og:image\" content=\"https:\/\/niroflex.de\/wp-content\/uploads\/2025\/01\/IFFA_2025.jpg\" \/>\n<script type=\"application\/ld+json\" class=\"yoast-schema-graph\">{\"@context\":\"https:\/\/schema.org\",\"@graph\":[{\"@type\":\"WebPage\",\"@id\":\"https:\/\/niroflex.de\/es\/ontacto-niroflex\/\",\"url\":\"https:\/\/niroflex.de\/es\/ontacto-niroflex\/\",\"name\":\"Contacto \u00b7 Niroflex \u2013 Protecci\u00f3n profesional\",\"isPartOf\":{\"@id\":\"https:\/\/niroflex.de\/es\/#website\"},\"primaryImageOfPage\":{\"@id\":\"https:\/\/niroflex.de\/es\/ontacto-niroflex\/#primaryimage\"},\"image\":{\"@id\":\"https:\/\/niroflex.de\/es\/ontacto-niroflex\/#primaryimage\"},\"thumbnailUrl\":\"https:\/\/niroflex.de\/wp-content\/uploads\/2025\/01\/IFFA_2025.jpg\",\"datePublished\":\"2019-12-18T12:46:53+00:00\",\"dateModified\":\"2025-09-16T11:35:30+00:00\",\"description\":\"Tienes dudas? Escribe a Niroflex \u260e\ufe0f Tel\u00e9fono, email y formulario disponibles \u2013 \u00a1Te responderemos pronto! \u27a1\ufe0f\",\"breadcrumb\":{\"@id\":\"https:\/\/niroflex.de\/es\/ontacto-niroflex\/#breadcrumb\"},\"inLanguage\":\"es\",\"potentialAction\":[{\"@type\":\"ReadAction\",\"target\":[\"https:\/\/niroflex.de\/es\/ontacto-niroflex\/\"]}]},{\"@type\":\"ImageObject\",\"inLanguage\":\"es\",\"@id\":\"https:\/\/niroflex.de\/es\/ontacto-niroflex\/#primaryimage\",\"url\":\"https:\/\/niroflex.de\/wp-content\/uploads\/2025\/01\/IFFA_2025.jpg\",\"contentUrl\":\"https:\/\/niroflex.de\/wp-content\/uploads\/2025\/01\/IFFA_2025.jpg\"},{\"@type\":\"BreadcrumbList\",\"@id\":\"https:\/\/niroflex.de\/es\/ontacto-niroflex\/#breadcrumb\",\"itemListElement\":[{\"@type\":\"ListItem\",\"position\":1,\"name\":\"Startseite\",\"item\":\"https:\/\/niroflex.de\/es\/\"},{\"@type\":\"ListItem\",\"position\":2,\"name\":\"Contacto\"}]},{\"@type\":\"WebSite\",\"@id\":\"https:\/\/niroflex.de\/es\/#website\",\"url\":\"https:\/\/niroflex.de\/es\/\",\"name\":\"Niroflex | Schnittschutzhandschuhe & Kettenhandschuh\",\"description\":\"\",\"publisher\":{\"@id\":\"https:\/\/niroflex.de\/es\/#organization\"},\"potentialAction\":[{\"@type\":\"SearchAction\",\"target\":{\"@type\":\"EntryPoint\",\"urlTemplate\":\"https:\/\/niroflex.de\/es\/?s={search_term_string}\"},\"query-input\":{\"@type\":\"PropertyValueSpecification\",\"valueRequired\":true,\"valueName\":\"search_term_string\"}}],\"inLanguage\":\"es\"},{\"@type\":\"Organization\",\"@id\":\"https:\/\/niroflex.de\/es\/#organization\",\"name\":\"Friedrich M\u00fcnch GmbH + Co KG\",\"url\":\"https:\/\/niroflex.de\/es\/\",\"logo\":{\"@type\":\"ImageObject\",\"inLanguage\":\"es\",\"@id\":\"https:\/\/niroflex.de\/es\/#\/schema\/logo\/image\/\",\"url\":\"https:\/\/niroflex.de\/wp-content\/uploads\/2019\/03\/Niroflex_Logo_2@.png\",\"contentUrl\":\"https:\/\/niroflex.de\/wp-content\/uploads\/2019\/03\/Niroflex_Logo_2@.png\",\"width\":480,\"height\":169,\"caption\":\"Friedrich M\u00fcnch GmbH + Co KG\"},\"image\":{\"@id\":\"https:\/\/niroflex.de\/es\/#\/schema\/logo\/image\/\"},\"sameAs\":[\"https:\/\/www.facebook.com\/people\/Friedrich-Mnch-GmbH-Co-KG\/100054195774984\/\"],\"email\":\"info@niroflex.de\",\"telephone\":\"+49 7041 9544-0\",\"legalName\":\"Friedrich M\u00fcnch GmbH + Co KG\"}]}<\/script>\n<!-- \/ Yoast SEO Premium plugin. -->","yoast_head_json":{"title":"Contacto \u00b7 Niroflex \u2013 Protecci\u00f3n profesional","description":"Tienes dudas? Escribe a Niroflex \u260e\ufe0f Tel\u00e9fono, email y formulario disponibles \u2013 \u00a1Te responderemos pronto! \u27a1\ufe0f","robots":{"index":"index","follow":"follow","max-snippet":"max-snippet:-1","max-image-preview":"max-image-preview:large","max-video-preview":"max-video-preview:-1"},"canonical":"https:\/\/niroflex.de\/es\/ontacto-niroflex\/","og_locale":"es_ES","og_type":"article","og_title":"Contacto","og_description":"Vis\u00edtenos en la IFFA de Frankfurt. Del 03 al 08 de mayo de 2025, Pabell\u00f3n 9.0 - C10 Contacto Friedrich M\u00fcnch GmbH + Co KG In den Wald\u00e4ckern 10 75417","og_url":"https:\/\/niroflex.de\/es\/ontacto-niroflex\/","og_site_name":"Niroflex | Schnittschutzhandschuhe &amp; Kettenhandschuh","article_publisher":"https:\/\/www.facebook.com\/people\/Friedrich-Mnch-GmbH-Co-KG\/100054195774984\/","article_modified_time":"2025-09-16T11:35:30+00:00","og_image":[{"url":"https:\/\/niroflex.de\/wp-content\/uploads\/2025\/01\/IFFA_2025.jpg","type":"","width":"","height":""}],"schema":{"@context":"https:\/\/schema.org","@graph":[{"@type":"WebPage","@id":"https:\/\/niroflex.de\/es\/ontacto-niroflex\/","url":"https:\/\/niroflex.de\/es\/ontacto-niroflex\/","name":"Contacto \u00b7 Niroflex \u2013 Protecci\u00f3n profesional","isPartOf":{"@id":"https:\/\/niroflex.de\/es\/#website"},"primaryImageOfPage":{"@id":"https:\/\/niroflex.de\/es\/ontacto-niroflex\/#primaryimage"},"image":{"@id":"https:\/\/niroflex.de\/es\/ontacto-niroflex\/#primaryimage"},"thumbnailUrl":"https:\/\/niroflex.de\/wp-content\/uploads\/2025\/01\/IFFA_2025.jpg","datePublished":"2019-12-18T12:46:53+00:00","dateModified":"2025-09-16T11:35:30+00:00","description":"Tienes dudas? Escribe a Niroflex \u260e\ufe0f Tel\u00e9fono, email y formulario disponibles \u2013 \u00a1Te responderemos pronto! \u27a1\ufe0f","breadcrumb":{"@id":"https:\/\/niroflex.de\/es\/ontacto-niroflex\/#breadcrumb"},"inLanguage":"es","potentialAction":[{"@type":"ReadAction","target":["https:\/\/niroflex.de\/es\/ontacto-niroflex\/"]}]},{"@type":"ImageObject","inLanguage":"es","@id":"https:\/\/niroflex.de\/es\/ontacto-niroflex\/#primaryimage","url":"https:\/\/niroflex.de\/wp-content\/uploads\/2025\/01\/IFFA_2025.jpg","contentUrl":"https:\/\/niroflex.de\/wp-content\/uploads\/2025\/01\/IFFA_2025.jpg"},{"@type":"BreadcrumbList","@id":"https:\/\/niroflex.de\/es\/ontacto-niroflex\/#breadcrumb","itemListElement":[{"@type":"ListItem","position":1,"name":"Startseite","item":"https:\/\/niroflex.de\/es\/"},{"@type":"ListItem","position":2,"name":"Contacto"}]},{"@type":"WebSite","@id":"https:\/\/niroflex.de\/es\/#website","url":"https:\/\/niroflex.de\/es\/","name":"Niroflex | Schnittschutzhandschuhe & Kettenhandschuh","description":"","publisher":{"@id":"https:\/\/niroflex.de\/es\/#organization"},"potentialAction":[{"@type":"SearchAction","target":{"@type":"EntryPoint","urlTemplate":"https:\/\/niroflex.de\/es\/?s={search_term_string}"},"query-input":{"@type":"PropertyValueSpecification","valueRequired":true,"valueName":"search_term_string"}}],"inLanguage":"es"},{"@type":"Organization","@id":"https:\/\/niroflex.de\/es\/#organization","name":"Friedrich M\u00fcnch GmbH + Co KG","url":"https:\/\/niroflex.de\/es\/","logo":{"@type":"ImageObject","inLanguage":"es","@id":"https:\/\/niroflex.de\/es\/#\/schema\/logo\/image\/","url":"https:\/\/niroflex.de\/wp-content\/uploads\/2019\/03\/Niroflex_Logo_2@.png","contentUrl":"https:\/\/niroflex.de\/wp-content\/uploads\/2019\/03\/Niroflex_Logo_2@.png","width":480,"height":169,"caption":"Friedrich M\u00fcnch GmbH + Co KG"},"image":{"@id":"https:\/\/niroflex.de\/es\/#\/schema\/logo\/image\/"},"sameAs":["https:\/\/www.facebook.com\/people\/Friedrich-Mnch-GmbH-Co-KG\/100054195774984\/"],"email":"info@niroflex.de","telephone":"+49 7041 9544-0","legalName":"Friedrich M\u00fcnch GmbH + Co KG"}]}},"_links":{"self":[{"href":"https:\/\/niroflex.de\/es\/wp-json\/wp\/v2\/pages\/6901","targetHints":{"allow":["GET"]}}],"collection":[{"href":"https:\/\/niroflex.de\/es\/wp-json\/wp\/v2\/pages"}],"about":[{"href":"https:\/\/niroflex.de\/es\/wp-json\/wp\/v2\/types\/page"}],"author":[{"embeddable":true,"href":"https:\/\/niroflex.de\/es\/wp-json\/wp\/v2\/users\/1"}],"replies":[{"embeddable":true,"href":"https:\/\/niroflex.de\/es\/wp-json\/wp\/v2\/comments?post=6901"}],"version-history":[{"count":15,"href":"https:\/\/niroflex.de\/es\/wp-json\/wp\/v2\/pages\/6901\/revisions"}],"predecessor-version":[{"id":18154,"href":"https:\/\/niroflex.de\/es\/wp-json\/wp\/v2\/pages\/6901\/revisions\/18154"}],"wp:attachment":[{"href":"https:\/\/niroflex.de\/es\/wp-json\/wp\/v2\/media?parent=6901"}],"curies":[{"name":"wp","href":"https:\/\/api.w.org\/{rel}","templated":true}]}}