{"id":6897,"date":"2019-12-18T13:34:02","date_gmt":"2019-12-18T12:34:02","guid":{"rendered":"https:\/\/niroflex.de\/servicio-al-cliente\/"},"modified":"2025-11-12T13:58:29","modified_gmt":"2025-11-12T12:58:29","slug":"kundenservice","status":"publish","type":"page","link":"https:\/\/niroflex.de\/es\/kundenservice\/","title":{"rendered":"Servicio al cliente"},"content":{"rendered":"<div class=\"wpb-content-wrapper\">[vc_row thb_full_width=\u00bbtrue\u00bb parallax=\u00bbcontent-moving\u00bb thb_divider_position=\u00bbbottom\u00bb css=\u00bb.vc_custom_1556805173564{background-color: #000000 !important;background-position: center;background-repeat: no-repeat;background-size:contain !important;}\u00bb][vc_column][vc_empty_space height=\u00bb110px\u00bb][\/vc_column][\/vc_row][vc_row thb_divider_position=\u00bbbottom\u00bb][vc_column][vc_empty_space height=\u00bb80px\u00bb][vc_column_text css=\u00bb\u00bb]\n<h1>Servicio al cliente completo<\/h1>\n<h2>Soluciones orientadas al cliente.<\/h2>\n<ul>\n<li>Desarrollo de equipos de protecci\u00f3n personal para cualquier aplicaci\u00f3n.<\/li>\n<li>Dise\u00f1o de soluciones de mallas de metal para exposiciones, decoraci\u00f3n de interiores y exteriores, dise\u00f1o industrial.<\/li>\n<li>Dispositivos de seguridad para aplicaciones industriales e instalaciones p\u00fablicas.<\/li>\n<li>Malla met\u00e1lica para la industria de la moda y la joyer\u00eda.<\/li>\n<li>Investigaci\u00f3n y desarrollo de futuras aplicaciones de las mallas.<\/li>\n<\/ul>\n<h3>Servicio al distribuidor<\/h3>\n<ul>\n<li>Apoyo en la creaci\u00f3n de publicidad, cat\u00e1logos y correos.<\/li>\n<li>Apoyo en ferias y eventos de ventas.<\/li>\n<li>Formaci\u00f3n en ventas<\/li>\n<li>Visitas conjuntas a clientes<\/li>\n<li>Desarrollo de productos personalizados.<\/li>\n<\/ul>\n<h3>Servicio de reparaci\u00f3n<\/h3>\n<ul>\n<li>Reparaci\u00f3n de todos los productos de malla de anillo.<\/li>\n<li>Repuestos originales<\/li>\n<li>Servicio de reemplazo de hebillas y correas.<\/li>\n<li>Ajuste del tama\u00f1o de los guantes al acortar o alargar los dedos<\/li>\n<\/ul>\n<h3>Servicio pr\u00e9mium<\/h3>\n<ul>\n<li>Todos los productos se pueden adaptar a las necesidades individuales del cliente.<\/li>\n<li>Las placas de c\u00f3digo de barras para el rastreo de guantes est\u00e1n disponibles a pedido<\/li>\n<li>Placas adicionales para marcas personales<\/li>\n<\/ul>\n[\/vc_column_text][\/vc_column][\/vc_row]\n<\/div>","protected":false},"excerpt":{"rendered":"<p>[vc_row thb_full_width=\u00bbtrue\u00bb parallax=\u00bbcontent-moving\u00bb thb_divider_position=\u00bbbottom\u00bb css=\u00bb.vc_custom_1556805173564{background-color: #000000 !important;background-position: center;background-repeat: no-repeat;background-size:contain !important;}\u00bb][vc_column][vc_empty_space height=\u00bb110px\u00bb][\/vc_column][\/vc_row][vc_row thb_divider_position=\u00bbbottom\u00bb][vc_column][vc_empty_space height=\u00bb80px\u00bb][vc_column_text css=\u00bb\u00bb] Servicio al cliente completo Soluciones orientadas al cliente. Desarrollo de equipos de protecci\u00f3n personal para cualquier aplicaci\u00f3n. Dise\u00f1o de soluciones de mallas de metal para exposiciones, decoraci\u00f3n de interiores y exteriores, dise\u00f1o industrial. Dispositivos de seguridad para aplicaciones industriales e instalaciones&hellip;<\/p>\n","protected":false},"author":1,"featured_media":0,"parent":0,"menu_order":0,"comment_status":"closed","ping_status":"closed","template":"","meta":{"footnotes":""},"class_list":["post-6897","page","type-page","status-publish","hentry"],"yoast_head":"<!-- This site is optimized with the Yoast SEO Premium plugin v27.4 (Yoast SEO v27.4) - https:\/\/yoast.com\/product\/yoast-seo-premium-wordpress\/ -->\n<title>Servicio al cliente | Niroflex, Friedrich M\u00fcnch GmbH<\/title>\n<meta name=\"description\" content=\"Servicio al cliente : Niroflex | Schnittschutzhandschuhe &amp; Kettenhandschuh Niroflex, Friedrich M\u00fcnch GmbH\" \/>\n<meta name=\"robots\" content=\"index, follow, max-snippet:-1, max-image-preview:large, max-video-preview:-1\" \/>\n<link rel=\"canonical\" href=\"https:\/\/niroflex.de\/es\/kundenservice\/\" \/>\n<meta property=\"og:locale\" content=\"es_ES\" \/>\n<meta property=\"og:type\" content=\"article\" \/>\n<meta property=\"og:title\" content=\"Servicio al cliente\" \/>\n<meta property=\"og:description\" content=\"Servicio al cliente completo Soluciones orientadas al cliente. Desarrollo de equipos de protecci\u00f3n personal para cualquier aplicaci\u00f3n. Dise\u00f1o de\" \/>\n<meta property=\"og:url\" content=\"https:\/\/niroflex.de\/es\/kundenservice\/\" \/>\n<meta property=\"og:site_name\" content=\"Niroflex | Schnittschutzhandschuhe &amp; Kettenhandschuh\" \/>\n<meta property=\"article:publisher\" content=\"https:\/\/www.facebook.com\/people\/Friedrich-Mnch-GmbH-Co-KG\/100054195774984\/\" \/>\n<meta property=\"article:modified_time\" content=\"2025-11-12T12:58:29+00:00\" \/>\n<meta property=\"og:image\" content=\"https:\/\/niroflex.de\/wp-content\/uploads\/2019\/03\/Niroflex_Logo_2@.png\" \/>\n\t<meta property=\"og:image:width\" content=\"480\" \/>\n\t<meta property=\"og:image:height\" content=\"169\" \/>\n\t<meta property=\"og:image:type\" content=\"image\/png\" \/>\n<script type=\"application\/ld+json\" class=\"yoast-schema-graph\">{\"@context\":\"https:\\\/\\\/schema.org\",\"@graph\":[{\"@type\":\"WebPage\",\"@id\":\"https:\\\/\\\/niroflex.de\\\/es\\\/kundenservice\\\/\",\"url\":\"https:\\\/\\\/niroflex.de\\\/es\\\/kundenservice\\\/\",\"name\":\"Servicio al cliente | Niroflex, Friedrich M\u00fcnch GmbH\",\"isPartOf\":{\"@id\":\"https:\\\/\\\/niroflex.de\\\/es\\\/#website\"},\"datePublished\":\"2019-12-18T12:34:02+00:00\",\"dateModified\":\"2025-11-12T12:58:29+00:00\",\"description\":\"Servicio al cliente : Niroflex | Schnittschutzhandschuhe &amp; Kettenhandschuh Niroflex, Friedrich M\u00fcnch GmbH\",\"breadcrumb\":{\"@id\":\"https:\\\/\\\/niroflex.de\\\/es\\\/kundenservice\\\/#breadcrumb\"},\"inLanguage\":\"es\",\"potentialAction\":[{\"@type\":\"ReadAction\",\"target\":[\"https:\\\/\\\/niroflex.de\\\/es\\\/kundenservice\\\/\"]}]},{\"@type\":\"BreadcrumbList\",\"@id\":\"https:\\\/\\\/niroflex.de\\\/es\\\/kundenservice\\\/#breadcrumb\",\"itemListElement\":[{\"@type\":\"ListItem\",\"position\":1,\"name\":\"Startseite\",\"item\":\"https:\\\/\\\/niroflex.de\\\/es\\\/\"},{\"@type\":\"ListItem\",\"position\":2,\"name\":\"Servicio al cliente\"}]},{\"@type\":\"WebSite\",\"@id\":\"https:\\\/\\\/niroflex.de\\\/es\\\/#website\",\"url\":\"https:\\\/\\\/niroflex.de\\\/es\\\/\",\"name\":\"Niroflex | Schnittschutzhandschuhe & Kettenhandschuh\",\"description\":\"\",\"publisher\":{\"@id\":\"https:\\\/\\\/niroflex.de\\\/es\\\/#organization\"},\"potentialAction\":[{\"@type\":\"SearchAction\",\"target\":{\"@type\":\"EntryPoint\",\"urlTemplate\":\"https:\\\/\\\/niroflex.de\\\/es\\\/?s={search_term_string}\"},\"query-input\":{\"@type\":\"PropertyValueSpecification\",\"valueRequired\":true,\"valueName\":\"search_term_string\"}}],\"inLanguage\":\"es\"},{\"@type\":\"Organization\",\"@id\":\"https:\\\/\\\/niroflex.de\\\/es\\\/#organization\",\"name\":\"Friedrich M\u00fcnch GmbH + Co KG\",\"url\":\"https:\\\/\\\/niroflex.de\\\/es\\\/\",\"logo\":{\"@type\":\"ImageObject\",\"inLanguage\":\"es\",\"@id\":\"https:\\\/\\\/niroflex.de\\\/es\\\/#\\\/schema\\\/logo\\\/image\\\/\",\"url\":\"https:\\\/\\\/niroflex.de\\\/wp-content\\\/uploads\\\/2019\\\/03\\\/Niroflex_Logo_2@.png\",\"contentUrl\":\"https:\\\/\\\/niroflex.de\\\/wp-content\\\/uploads\\\/2019\\\/03\\\/Niroflex_Logo_2@.png\",\"width\":480,\"height\":169,\"caption\":\"Friedrich M\u00fcnch GmbH + Co KG\"},\"image\":{\"@id\":\"https:\\\/\\\/niroflex.de\\\/es\\\/#\\\/schema\\\/logo\\\/image\\\/\"},\"sameAs\":[\"https:\\\/\\\/www.facebook.com\\\/people\\\/Friedrich-Mnch-GmbH-Co-KG\\\/100054195774984\\\/\"],\"email\":\"info@niroflex.de\",\"telephone\":\"+49 7041 9544-0\",\"legalName\":\"Friedrich M\u00fcnch GmbH + Co KG\"}]}<\/script>\n<!-- \/ Yoast SEO Premium plugin. -->","yoast_head_json":{"title":"Servicio al cliente | Niroflex, Friedrich M\u00fcnch GmbH","description":"Servicio al cliente : Niroflex | Schnittschutzhandschuhe &amp; Kettenhandschuh Niroflex, Friedrich M\u00fcnch GmbH","robots":{"index":"index","follow":"follow","max-snippet":"max-snippet:-1","max-image-preview":"max-image-preview:large","max-video-preview":"max-video-preview:-1"},"canonical":"https:\/\/niroflex.de\/es\/kundenservice\/","og_locale":"es_ES","og_type":"article","og_title":"Servicio al cliente","og_description":"Servicio al cliente completo Soluciones orientadas al cliente. Desarrollo de equipos de protecci\u00f3n personal para cualquier aplicaci\u00f3n. Dise\u00f1o de","og_url":"https:\/\/niroflex.de\/es\/kundenservice\/","og_site_name":"Niroflex | Schnittschutzhandschuhe &amp; Kettenhandschuh","article_publisher":"https:\/\/www.facebook.com\/people\/Friedrich-Mnch-GmbH-Co-KG\/100054195774984\/","article_modified_time":"2025-11-12T12:58:29+00:00","og_image":[{"width":480,"height":169,"url":"https:\/\/niroflex.de\/wp-content\/uploads\/2019\/03\/Niroflex_Logo_2@.png","type":"image\/png"}],"schema":{"@context":"https:\/\/schema.org","@graph":[{"@type":"WebPage","@id":"https:\/\/niroflex.de\/es\/kundenservice\/","url":"https:\/\/niroflex.de\/es\/kundenservice\/","name":"Servicio al cliente | Niroflex, Friedrich M\u00fcnch GmbH","isPartOf":{"@id":"https:\/\/niroflex.de\/es\/#website"},"datePublished":"2019-12-18T12:34:02+00:00","dateModified":"2025-11-12T12:58:29+00:00","description":"Servicio al cliente : Niroflex | Schnittschutzhandschuhe &amp; Kettenhandschuh Niroflex, Friedrich M\u00fcnch GmbH","breadcrumb":{"@id":"https:\/\/niroflex.de\/es\/kundenservice\/#breadcrumb"},"inLanguage":"es","potentialAction":[{"@type":"ReadAction","target":["https:\/\/niroflex.de\/es\/kundenservice\/"]}]},{"@type":"BreadcrumbList","@id":"https:\/\/niroflex.de\/es\/kundenservice\/#breadcrumb","itemListElement":[{"@type":"ListItem","position":1,"name":"Startseite","item":"https:\/\/niroflex.de\/es\/"},{"@type":"ListItem","position":2,"name":"Servicio al cliente"}]},{"@type":"WebSite","@id":"https:\/\/niroflex.de\/es\/#website","url":"https:\/\/niroflex.de\/es\/","name":"Niroflex | Schnittschutzhandschuhe & Kettenhandschuh","description":"","publisher":{"@id":"https:\/\/niroflex.de\/es\/#organization"},"potentialAction":[{"@type":"SearchAction","target":{"@type":"EntryPoint","urlTemplate":"https:\/\/niroflex.de\/es\/?s={search_term_string}"},"query-input":{"@type":"PropertyValueSpecification","valueRequired":true,"valueName":"search_term_string"}}],"inLanguage":"es"},{"@type":"Organization","@id":"https:\/\/niroflex.de\/es\/#organization","name":"Friedrich M\u00fcnch GmbH + Co KG","url":"https:\/\/niroflex.de\/es\/","logo":{"@type":"ImageObject","inLanguage":"es","@id":"https:\/\/niroflex.de\/es\/#\/schema\/logo\/image\/","url":"https:\/\/niroflex.de\/wp-content\/uploads\/2019\/03\/Niroflex_Logo_2@.png","contentUrl":"https:\/\/niroflex.de\/wp-content\/uploads\/2019\/03\/Niroflex_Logo_2@.png","width":480,"height":169,"caption":"Friedrich M\u00fcnch GmbH + Co KG"},"image":{"@id":"https:\/\/niroflex.de\/es\/#\/schema\/logo\/image\/"},"sameAs":["https:\/\/www.facebook.com\/people\/Friedrich-Mnch-GmbH-Co-KG\/100054195774984\/"],"email":"info@niroflex.de","telephone":"+49 7041 9544-0","legalName":"Friedrich M\u00fcnch GmbH + Co KG"}]}},"_links":{"self":[{"href":"https:\/\/niroflex.de\/es\/wp-json\/wp\/v2\/pages\/6897","targetHints":{"allow":["GET"]}}],"collection":[{"href":"https:\/\/niroflex.de\/es\/wp-json\/wp\/v2\/pages"}],"about":[{"href":"https:\/\/niroflex.de\/es\/wp-json\/wp\/v2\/types\/page"}],"author":[{"embeddable":true,"href":"https:\/\/niroflex.de\/es\/wp-json\/wp\/v2\/users\/1"}],"replies":[{"embeddable":true,"href":"https:\/\/niroflex.de\/es\/wp-json\/wp\/v2\/comments?post=6897"}],"version-history":[{"count":4,"href":"https:\/\/niroflex.de\/es\/wp-json\/wp\/v2\/pages\/6897\/revisions"}],"predecessor-version":[{"id":19795,"href":"https:\/\/niroflex.de\/es\/wp-json\/wp\/v2\/pages\/6897\/revisions\/19795"}],"wp:attachment":[{"href":"https:\/\/niroflex.de\/es\/wp-json\/wp\/v2\/media?parent=6897"}],"curies":[{"name":"wp","href":"https:\/\/api.w.org\/{rel}","templated":true}]}}