{"id":4477,"date":"2019-05-03T12:16:59","date_gmt":"2019-05-03T10:16:59","guid":{"rendered":"https:\/\/niroflex.de\/contact-2\/"},"modified":"2025-09-16T13:27:45","modified_gmt":"2025-09-16T11:27:45","slug":"contact-niroflex","status":"publish","type":"page","link":"https:\/\/niroflex.de\/en\/contact-niroflex\/","title":{"rendered":"Contact"},"content":{"rendered":"<div class=\"wpb-content-wrapper\">[vc_row thb_full_width=&#8221;true&#8221; parallax=&#8221;content-moving&#8221; thb_divider_position=&#8221;bottom&#8221; css=&#8221;.vc_custom_1556805173564{background-color: #000000 !important;background-position: center;background-repeat: no-repeat;background-size: contain !important;}&#8221;][vc_column][vc_empty_space height=&#8221;110px&#8221;][\/vc_column][\/vc_row][vc_row thb_full_width=&#8221;true&#8221; thb_row_padding=&#8221;true&#8221; thb_column_padding=&#8221;true&#8221; disable_element=&#8221;yes&#8221; thb_divider_position=&#8221;bottom&#8221; css=&#8221;.vc_custom_1746797824677{margin-top: -35px !important;padding-top: 0px !important;padding-bottom: 0px !important;background-color: #00022b !important;}&#8221;][vc_column thb_color=&#8221;thb-light-column&#8221;][vc_empty_space][vc_empty_space][vc_column_text css=&#8221;&#8221;]<img decoding=\"async\" class=\"wp-image-16290 aligncenter lazyload\" src=\"data:image\/gif;base64,R0lGODlhAQABAAAAACH5BAEKAAEALAAAAAABAAEAAAICTAEAOw==\" data-src=\"https:\/\/niroflex.de\/wp-content\/uploads\/2025\/01\/IFFA_2025.jpg\" alt=\"\" width=\"130\" height=\"132\" data-sizes=\"auto\" data-srcset=\"https:\/\/niroflex.de\/wp-content\/uploads\/2025\/01\/IFFA_2025.jpg 220w, https:\/\/niroflex.de\/wp-content\/uploads\/2025\/01\/IFFA_2025-20x20.jpg 20w\" sizes=\"(max-width: 130px) 100vw, 130px\" \/><\/p>\n<h4 style=\"text-align: center;\">Visit us at the IFFA in Frankfurt.<br \/>\n<strong>From May 03 &#8211; 08. 2025, Hall 9.0 &#8211; C10<\/strong><\/h4>\n[\/vc_column_text][\/vc_column][\/vc_row][vc_row thb_divider_position=&#8221;bottom&#8221; height=&#8221;80px&#8221;][vc_column][vc_empty_space height=&#8221;80px&#8221;][\/vc_column][\/vc_row][vc_row thb_divider_position=&#8221;bottom&#8221; el_class=&#8221;align-center&#8221; css=&#8221;.vc_custom_1474474645883{padding-top: 10vh !important;padding-bottom: 10vh !important;}&#8221;][vc_column offset=&#8221;vc_col-lg-10 vc_col-md-12&#8243;][vc_column_text]\n<h1 style=\"font-size: 2em;\">CONTACT<\/h1>\n[\/vc_column_text][vc_row_inner][vc_column_inner width=&#8221;1\/4&#8243;][vc_column_text css=&#8221;.vc_custom_1670763874506{border-bottom-width: 2px !important;padding-bottom: 30px !important;border-bottom-color: #f4f4f4 !important;border-bottom-style: solid !important;}&#8221;]<strong>Friedrich M\u00fcnch<br \/>\nGmbH + Co KG<\/strong><\/p>\n<p style=\"font-size: 14px;\">In den Wald\u00e4ckern 10<br \/>\n75417 M\u00fchlacker<br \/>\nGermany<\/p>\n<p>Phone: +<a href=\"tel:0049704195440\">49 7041 9544-0<\/a><br \/>\nFax: +49 7041 9544-55<\/p>\n<p>E-Mail:<br \/>\n<a href=\"&#x6d;&#x61;&#x69;&#x6c;&#x74;&#x6f;&#x3a;&#105;&#110;&#102;&#111;&#64;frie&#x64;&#x72;&#x69;&#x63;&#x68;&#x2d;&#x6d;&#x75;&#101;&#110;&#99;&#104;&#46;de\">i&#110;&#x66;&#x6f;&#64;&#102;&#x72;&#x69;e&#100;&#x72;&#x69;c&#104;&#x2d;&#x6d;u&#101;&#x6e;&#x63;h&#46;&#100;&#x65;<\/a><br \/>\n<a href=\"&#x6d;&#97;i&#x6c;&#116;o&#x3a;&#105;n&#x66;&#111;&#64;&#x6e;&#105;r&#x6f;&#102;l&#x65;&#120;&#46;&#x64;&#101;\">i&#110;&#x66;&#x6f;&#64;&#110;&#x69;&#x72;o&#102;&#108;&#x65;&#x78;&#46;&#100;&#x65;<\/a>[\/vc_column_text][\/vc_column_inner][vc_column_inner width=&#8221;3\/4&#8243; css=&#8221;.vc_custom_1474478996357{padding-left: 5% !important;}&#8221;][vc_column_text]<strong><span class=\"inhaltoben\"><span class=\"inhalt_subhead\">Your direct line to us.<\/span><\/span><\/strong>[\/vc_column_text]\n<div class=\"wpcf7 no-js\" id=\"wpcf7-f489-o1\" lang=\"de-DE\" dir=\"ltr\" data-wpcf7-id=\"489\">\n<div class=\"screen-reader-response\"><p role=\"status\" aria-live=\"polite\" aria-atomic=\"true\"><\/p> <ul><\/ul><\/div>\n<form action=\"\/en\/wp-json\/wp\/v2\/pages\/4477#wpcf7-f489-o1\" method=\"post\" class=\"wpcf7-form init\" aria-label=\"Kontaktformular\" novalidate=\"novalidate\" data-status=\"init\">\n<fieldset class=\"hidden-fields-container\"><input type=\"hidden\" name=\"_wpcf7\" value=\"489\" \/><input type=\"hidden\" name=\"_wpcf7_version\" value=\"6.1.4\" \/><input type=\"hidden\" name=\"_wpcf7_locale\" value=\"de_DE\" \/><input type=\"hidden\" name=\"_wpcf7_unit_tag\" value=\"wpcf7-f489-o1\" \/><input type=\"hidden\" name=\"_wpcf7_container_post\" value=\"0\" \/><input type=\"hidden\" name=\"_wpcf7_posted_data_hash\" value=\"\" \/><input type=\"hidden\" name=\"_uacf7_hidden_conditional_fields\" value=\"\" \/>\n<\/fieldset>\n<div class=\"uacf7-form-wrapper-container uacf7-form-489  \"><label> Your Name*\n    <span class=\"wpcf7-form-control-wrap\" data-name=\"your-name\"><input size=\"40\" maxlength=\"400\" class=\"wpcf7-form-control wpcf7-text wpcf7-validates-as-required\" aria-required=\"true\" aria-invalid=\"false\" value=\"\" type=\"text\" name=\"your-name\" \/><\/span> <\/label>\n\n<label> Your E-mail*\n    <span class=\"wpcf7-form-control-wrap\" data-name=\"your-email\"><input size=\"40\" maxlength=\"400\" class=\"wpcf7-form-control wpcf7-email wpcf7-validates-as-required wpcf7-text wpcf7-validates-as-email\" aria-required=\"true\" aria-invalid=\"false\" value=\"\" type=\"email\" name=\"your-email\" \/><\/span> <\/label>\n\n<label> Subject\n    <span class=\"wpcf7-form-control-wrap\" data-name=\"your-subject\"><input size=\"40\" maxlength=\"400\" class=\"wpcf7-form-control wpcf7-text\" aria-invalid=\"false\" value=\"\" type=\"text\" name=\"your-subject\" \/><\/span> <\/label>\n\n<label> Your Message\n    <span class=\"wpcf7-form-control-wrap\" data-name=\"your-message\"><textarea cols=\"40\" rows=\"10\" maxlength=\"2000\" class=\"wpcf7-form-control wpcf7-textarea\" aria-invalid=\"false\" name=\"your-message\"><\/textarea><\/span> <\/label>\n\n<label><span class=\"wpcf7-form-control-wrap\" data-name=\"acceptance-dsgvo\"><span class=\"wpcf7-form-control wpcf7-acceptance\"><span class=\"wpcf7-list-item\"><input type=\"checkbox\" name=\"acceptance-dsgvo\" value=\"1\" aria-invalid=\"false\" \/><\/span><\/span><\/span>*I agree that my personal information from the contact form may be raised, processed and used for the purpose of answering my request. The data will be deleted after the processing of the request is completed. Notice: You can revoke your agreement at any time, with full effect for the future, by an E-Mail to <a href=\"&#109;a&#x69;l&#x74;o&#x3a;&#105;&#x6e;&#102;&#x6f;&#64;f&#x72;i&#x65;d&#x72;&#105;&#x63;&#104;&#x2d;&#109;&#x75;&#101;n&#x63;h&#x2e;d&#x65;\">&#x69;&#110;f&#x6f;&#x40;&#102;r&#x69;&#x65;&#100;r&#x69;&#99;h&#x2d;&#x6d;&#117;e&#x6e;&#x63;&#104;&#46;&#x64;&#101;<\/a>. <\/label>\n<span id=\"wpcf7-69d516ddd7a3d-wrapper\" class=\"wpcf7-form-control-wrap Website-wrap\" style=\"display:none !important; visibility:hidden !important;\"><label for=\"wpcf7-69d516ddd7a3d-field\" class=\"hp-message\">Bitte lasse dieses Feld leer.<\/label><input id=\"wpcf7-69d516ddd7a3d-field\"  class=\"wpcf7-form-control wpcf7-text\" type=\"text\" name=\"Website\" value=\"\" size=\"40\" tabindex=\"-1\" autocomplete=\"new-password\" \/><\/span>\n\n<input class=\"wpcf7-form-control wpcf7-submit has-spinner\" type=\"submit\" value=\"Send\" \/><\/div><div class=\"wpcf7-response-output\" aria-hidden=\"true\"><\/div>\n<\/form>\n<\/div>\n[\/vc_column_inner][\/vc_row_inner][\/vc_column][\/vc_row]\n<\/div>","protected":false},"excerpt":{"rendered":"<p>[vc_row thb_full_width=&#8221;true&#8221; parallax=&#8221;content-moving&#8221; thb_divider_position=&#8221;bottom&#8221; css=&#8221;.vc_custom_1556805173564{background-color: #000000 !important;background-position: center;background-repeat: no-repeat;background-size: contain !important;}&#8221;][vc_column][vc_empty_space height=&#8221;110px&#8221;][\/vc_column][\/vc_row][vc_row thb_full_width=&#8221;true&#8221; thb_row_padding=&#8221;true&#8221; thb_column_padding=&#8221;true&#8221; disable_element=&#8221;yes&#8221; thb_divider_position=&#8221;bottom&#8221; css=&#8221;.vc_custom_1746797824677{margin-top: -35px !important;padding-top: 0px !important;padding-bottom: 0px !important;background-color: #00022b !important;}&#8221;][vc_column thb_color=&#8221;thb-light-column&#8221;][vc_empty_space][vc_empty_space][vc_column_text css=&#8221;&#8221;] Visit us at the IFFA in Frankfurt. From May 03 &#8211; 08. 2025, Hall 9.0 &#8211; C10 [\/vc_column_text][\/vc_column][\/vc_row][vc_row thb_divider_position=&#8221;bottom&#8221; height=&#8221;80px&#8221;][vc_column][vc_empty_space height=&#8221;80px&#8221;][\/vc_column][\/vc_row][vc_row thb_divider_position=&#8221;bottom&#8221; el_class=&#8221;align-center&#8221; css=&#8221;.vc_custom_1474474645883{padding-top: 10vh !important;padding-bottom: 10vh&hellip;<\/p>\n","protected":false},"author":1,"featured_media":0,"parent":0,"menu_order":0,"comment_status":"closed","ping_status":"closed","template":"","meta":{"_glsr_average":0,"_glsr_ranking":0,"_glsr_reviews":0,"footnotes":""},"class_list":["post-4477","page","type-page","status-publish","hentry"],"yoast_head":"<!-- This site is optimized with the Yoast SEO Premium plugin v26.6 (Yoast SEO v26.6) - https:\/\/yoast.com\/wordpress\/plugins\/seo\/ -->\n<title>Contact \u00b7 Niroflex \u2013 Safety Experts<\/title>\n<meta name=\"description\" content=\"Get in touch with Niroflex for expert safety gear advice \u2713 Contact form, phone &amp; email \u2013 we\u2019re here to help you! \u27a1\ufe0f\" \/>\n<meta name=\"robots\" content=\"index, follow, max-snippet:-1, max-image-preview:large, max-video-preview:-1\" \/>\n<link rel=\"canonical\" href=\"https:\/\/niroflex.de\/en\/contact-niroflex\/\" \/>\n<meta property=\"og:locale\" content=\"en_GB\" \/>\n<meta property=\"og:type\" content=\"article\" \/>\n<meta property=\"og:title\" content=\"Contact\" \/>\n<meta property=\"og:description\" content=\"Visit us at the IFFA in Frankfurt. From May 03 - 08. 2025, Hall 9.0 - C10 CONTACT Friedrich M\u00fcnch GmbH + Co KG In den Wald\u00e4ckern 10 75417 M\u00fchlacker\" \/>\n<meta property=\"og:url\" content=\"https:\/\/niroflex.de\/en\/contact-niroflex\/\" \/>\n<meta property=\"og:site_name\" content=\"Niroflex | Schnittschutzhandschuhe &amp; Kettenhandschuh\" \/>\n<meta property=\"article:publisher\" content=\"https:\/\/www.facebook.com\/people\/Friedrich-Mnch-GmbH-Co-KG\/100054195774984\/\" \/>\n<meta property=\"article:modified_time\" content=\"2025-09-16T11:27:45+00:00\" \/>\n<meta property=\"og:image\" content=\"https:\/\/niroflex.de\/wp-content\/uploads\/2025\/01\/IFFA_2025.jpg\" \/>\n<script type=\"application\/ld+json\" class=\"yoast-schema-graph\">{\"@context\":\"https:\/\/schema.org\",\"@graph\":[{\"@type\":\"WebPage\",\"@id\":\"https:\/\/niroflex.de\/en\/contact-niroflex\/\",\"url\":\"https:\/\/niroflex.de\/en\/contact-niroflex\/\",\"name\":\"Contact \u00b7 Niroflex \u2013 Safety Experts\",\"isPartOf\":{\"@id\":\"https:\/\/niroflex.de\/en\/#website\"},\"primaryImageOfPage\":{\"@id\":\"https:\/\/niroflex.de\/en\/contact-niroflex\/#primaryimage\"},\"image\":{\"@id\":\"https:\/\/niroflex.de\/en\/contact-niroflex\/#primaryimage\"},\"thumbnailUrl\":\"https:\/\/niroflex.de\/wp-content\/uploads\/2025\/01\/IFFA_2025.jpg\",\"datePublished\":\"2019-05-03T10:16:59+00:00\",\"dateModified\":\"2025-09-16T11:27:45+00:00\",\"description\":\"Get in touch with Niroflex for expert safety gear advice \u2713 Contact form, phone & email \u2013 we\u2019re here to help you! \u27a1\ufe0f\",\"breadcrumb\":{\"@id\":\"https:\/\/niroflex.de\/en\/contact-niroflex\/#breadcrumb\"},\"inLanguage\":\"en-GB\",\"potentialAction\":[{\"@type\":\"ReadAction\",\"target\":[\"https:\/\/niroflex.de\/en\/contact-niroflex\/\"]}]},{\"@type\":\"ImageObject\",\"inLanguage\":\"en-GB\",\"@id\":\"https:\/\/niroflex.de\/en\/contact-niroflex\/#primaryimage\",\"url\":\"https:\/\/niroflex.de\/wp-content\/uploads\/2025\/01\/IFFA_2025.jpg\",\"contentUrl\":\"https:\/\/niroflex.de\/wp-content\/uploads\/2025\/01\/IFFA_2025.jpg\"},{\"@type\":\"BreadcrumbList\",\"@id\":\"https:\/\/niroflex.de\/en\/contact-niroflex\/#breadcrumb\",\"itemListElement\":[{\"@type\":\"ListItem\",\"position\":1,\"name\":\"Startseite\",\"item\":\"https:\/\/niroflex.de\/en\/\"},{\"@type\":\"ListItem\",\"position\":2,\"name\":\"Contact\"}]},{\"@type\":\"WebSite\",\"@id\":\"https:\/\/niroflex.de\/en\/#website\",\"url\":\"https:\/\/niroflex.de\/en\/\",\"name\":\"Niroflex | Schnittschutzhandschuhe & Kettenhandschuh\",\"description\":\"\",\"publisher\":{\"@id\":\"https:\/\/niroflex.de\/en\/#organization\"},\"potentialAction\":[{\"@type\":\"SearchAction\",\"target\":{\"@type\":\"EntryPoint\",\"urlTemplate\":\"https:\/\/niroflex.de\/en\/?s={search_term_string}\"},\"query-input\":{\"@type\":\"PropertyValueSpecification\",\"valueRequired\":true,\"valueName\":\"search_term_string\"}}],\"inLanguage\":\"en-GB\"},{\"@type\":\"Organization\",\"@id\":\"https:\/\/niroflex.de\/en\/#organization\",\"name\":\"Friedrich M\u00fcnch GmbH + Co KG\",\"url\":\"https:\/\/niroflex.de\/en\/\",\"logo\":{\"@type\":\"ImageObject\",\"inLanguage\":\"en-GB\",\"@id\":\"https:\/\/niroflex.de\/en\/#\/schema\/logo\/image\/\",\"url\":\"https:\/\/niroflex.de\/wp-content\/uploads\/2019\/03\/Niroflex_Logo_2@.png\",\"contentUrl\":\"https:\/\/niroflex.de\/wp-content\/uploads\/2019\/03\/Niroflex_Logo_2@.png\",\"width\":480,\"height\":169,\"caption\":\"Friedrich M\u00fcnch GmbH + Co KG\"},\"image\":{\"@id\":\"https:\/\/niroflex.de\/en\/#\/schema\/logo\/image\/\"},\"sameAs\":[\"https:\/\/www.facebook.com\/people\/Friedrich-Mnch-GmbH-Co-KG\/100054195774984\/\"],\"email\":\"info@niroflex.de\",\"telephone\":\"+49 7041 9544-0\",\"legalName\":\"Friedrich M\u00fcnch GmbH + Co KG\"}]}<\/script>\n<!-- \/ Yoast SEO Premium plugin. -->","yoast_head_json":{"title":"Contact \u00b7 Niroflex \u2013 Safety Experts","description":"Get in touch with Niroflex for expert safety gear advice \u2713 Contact form, phone & email \u2013 we\u2019re here to help you! \u27a1\ufe0f","robots":{"index":"index","follow":"follow","max-snippet":"max-snippet:-1","max-image-preview":"max-image-preview:large","max-video-preview":"max-video-preview:-1"},"canonical":"https:\/\/niroflex.de\/en\/contact-niroflex\/","og_locale":"en_GB","og_type":"article","og_title":"Contact","og_description":"Visit us at the IFFA in Frankfurt. From May 03 - 08. 2025, Hall 9.0 - C10 CONTACT Friedrich M\u00fcnch GmbH + Co KG In den Wald\u00e4ckern 10 75417 M\u00fchlacker","og_url":"https:\/\/niroflex.de\/en\/contact-niroflex\/","og_site_name":"Niroflex | Schnittschutzhandschuhe &amp; Kettenhandschuh","article_publisher":"https:\/\/www.facebook.com\/people\/Friedrich-Mnch-GmbH-Co-KG\/100054195774984\/","article_modified_time":"2025-09-16T11:27:45+00:00","og_image":[{"url":"https:\/\/niroflex.de\/wp-content\/uploads\/2025\/01\/IFFA_2025.jpg","type":"","width":"","height":""}],"schema":{"@context":"https:\/\/schema.org","@graph":[{"@type":"WebPage","@id":"https:\/\/niroflex.de\/en\/contact-niroflex\/","url":"https:\/\/niroflex.de\/en\/contact-niroflex\/","name":"Contact \u00b7 Niroflex \u2013 Safety Experts","isPartOf":{"@id":"https:\/\/niroflex.de\/en\/#website"},"primaryImageOfPage":{"@id":"https:\/\/niroflex.de\/en\/contact-niroflex\/#primaryimage"},"image":{"@id":"https:\/\/niroflex.de\/en\/contact-niroflex\/#primaryimage"},"thumbnailUrl":"https:\/\/niroflex.de\/wp-content\/uploads\/2025\/01\/IFFA_2025.jpg","datePublished":"2019-05-03T10:16:59+00:00","dateModified":"2025-09-16T11:27:45+00:00","description":"Get in touch with Niroflex for expert safety gear advice \u2713 Contact form, phone & email \u2013 we\u2019re here to help you! \u27a1\ufe0f","breadcrumb":{"@id":"https:\/\/niroflex.de\/en\/contact-niroflex\/#breadcrumb"},"inLanguage":"en-GB","potentialAction":[{"@type":"ReadAction","target":["https:\/\/niroflex.de\/en\/contact-niroflex\/"]}]},{"@type":"ImageObject","inLanguage":"en-GB","@id":"https:\/\/niroflex.de\/en\/contact-niroflex\/#primaryimage","url":"https:\/\/niroflex.de\/wp-content\/uploads\/2025\/01\/IFFA_2025.jpg","contentUrl":"https:\/\/niroflex.de\/wp-content\/uploads\/2025\/01\/IFFA_2025.jpg"},{"@type":"BreadcrumbList","@id":"https:\/\/niroflex.de\/en\/contact-niroflex\/#breadcrumb","itemListElement":[{"@type":"ListItem","position":1,"name":"Startseite","item":"https:\/\/niroflex.de\/en\/"},{"@type":"ListItem","position":2,"name":"Contact"}]},{"@type":"WebSite","@id":"https:\/\/niroflex.de\/en\/#website","url":"https:\/\/niroflex.de\/en\/","name":"Niroflex | Schnittschutzhandschuhe & Kettenhandschuh","description":"","publisher":{"@id":"https:\/\/niroflex.de\/en\/#organization"},"potentialAction":[{"@type":"SearchAction","target":{"@type":"EntryPoint","urlTemplate":"https:\/\/niroflex.de\/en\/?s={search_term_string}"},"query-input":{"@type":"PropertyValueSpecification","valueRequired":true,"valueName":"search_term_string"}}],"inLanguage":"en-GB"},{"@type":"Organization","@id":"https:\/\/niroflex.de\/en\/#organization","name":"Friedrich M\u00fcnch GmbH + Co KG","url":"https:\/\/niroflex.de\/en\/","logo":{"@type":"ImageObject","inLanguage":"en-GB","@id":"https:\/\/niroflex.de\/en\/#\/schema\/logo\/image\/","url":"https:\/\/niroflex.de\/wp-content\/uploads\/2019\/03\/Niroflex_Logo_2@.png","contentUrl":"https:\/\/niroflex.de\/wp-content\/uploads\/2019\/03\/Niroflex_Logo_2@.png","width":480,"height":169,"caption":"Friedrich M\u00fcnch GmbH + Co KG"},"image":{"@id":"https:\/\/niroflex.de\/en\/#\/schema\/logo\/image\/"},"sameAs":["https:\/\/www.facebook.com\/people\/Friedrich-Mnch-GmbH-Co-KG\/100054195774984\/"],"email":"info@niroflex.de","telephone":"+49 7041 9544-0","legalName":"Friedrich M\u00fcnch GmbH + Co KG"}]}},"_links":{"self":[{"href":"https:\/\/niroflex.de\/en\/wp-json\/wp\/v2\/pages\/4477","targetHints":{"allow":["GET"]}}],"collection":[{"href":"https:\/\/niroflex.de\/en\/wp-json\/wp\/v2\/pages"}],"about":[{"href":"https:\/\/niroflex.de\/en\/wp-json\/wp\/v2\/types\/page"}],"author":[{"embeddable":true,"href":"https:\/\/niroflex.de\/en\/wp-json\/wp\/v2\/users\/1"}],"replies":[{"embeddable":true,"href":"https:\/\/niroflex.de\/en\/wp-json\/wp\/v2\/comments?post=4477"}],"version-history":[{"count":12,"href":"https:\/\/niroflex.de\/en\/wp-json\/wp\/v2\/pages\/4477\/revisions"}],"predecessor-version":[{"id":18143,"href":"https:\/\/niroflex.de\/en\/wp-json\/wp\/v2\/pages\/4477\/revisions\/18143"}],"wp:attachment":[{"href":"https:\/\/niroflex.de\/en\/wp-json\/wp\/v2\/media?parent=4477"}],"curies":[{"name":"wp","href":"https:\/\/api.w.org\/{rel}","templated":true}]}}